{"id":43842,"date":"2024-05-06T16:16:37","date_gmt":"2024-05-06T14:16:37","guid":{"rendered":"https:\/\/jotelulu.com\/politica-de-privacidad\/"},"modified":"2025-02-25T18:13:31","modified_gmt":"2025-02-25T17:13:31","slug":"politica-de-privacidade","status":"publish","type":"page","link":"https:\/\/jotelulu.com\/pt-pt\/politica-de-privacidade\/","title":{"rendered":"Pol\u00edtica de Privacidade"},"content":{"rendered":"<p>A seguir, informamos sobre o tratamento de dados pessoais realizado pela Jotelulu. Com esta pol\u00edtica de privacidade, queremos cumprir o Regulamento (UE) 2016\/679 do Parlamento Europeu e do Conselho, de 27 de abril de 2016, relativo \u00e0 prote\u00e7\u00e3o das pessoas singulares no que diz respeito ao tratamento de dados pessoais e \u00e0 livre circula\u00e7\u00e3o desses dados, revogando a Diretiva 95\/46\/CE (doravante, o &#8220;Regulamento Geral sobre a Prote\u00e7\u00e3o de Dados&#8221; ou &#8220;RGPD&#8221;), bem como qualquer legisla\u00e7\u00e3o de prote\u00e7\u00e3o de dados que nos seja aplic\u00e1vel nos territ\u00f3rios onde operamos.<\/p>\n<p>Atualmente, na JOTELULU tratamos os dados de diferentes formas e em diferentes tipos de rela\u00e7\u00f5es: leads, clientes ou parceiros, utilizadores do website, e utilizadores da nossa plataforma de produtos. \u00c9 poss\u00edvel que algumas destas sec\u00e7\u00f5es se apliquem a si de forma geral, enquanto outras possam ser consultadas apenas em partes espec\u00edficas. Nesse caso, basta consultar a subsec\u00e7\u00e3o que lhe interessa.<\/p>\n<ol start=\"1\">\n<li id=\"responsable-tratamiento\"> <span style=\"font-weight: 400;\">Quem \u00e9 o respons\u00e1vel pelo tratamento dos seus dados?<\/span><\/li>\n<\/ol>\n<p>O respons\u00e1vel pelo tratamento dos seus dados pessoais \u00e9 JOTELULU, S.L. (doravante, \u201cJOTELULU\u201d), com N.I.F. B-65814709 e sede em Calle Leganitos, n\u00ba 47, 4\u00ba andar \u2013 28013 Madrid, Espanha.<\/p>\n<p>A presente Pol\u00edtica de Privacidade regula o acesso e a utiliza\u00e7\u00e3o do Website (doravante, o \u00ab<em>Website<\/em>\u00bb) disponibilizado pela JOTELULU aos utilizadores da Internet (doravante, os \u00ab<em>Utilizadores<\/em>\u00bb) interessados nos conte\u00fados (doravante, os \u00ab<em>Conte\u00fados<\/em>\u00bb) e servi\u00e7os (doravante, os \u00ab<em>Servi\u00e7os<\/em>\u00bb) oferecidos pela JOTELULU no mesmo.<\/p>\n<p>Correio eletr\u00f3nico de contacto: <a href=\"mailto:finanzas@jotelulu.com\">finanzas@jotelulu.com<\/a>.<\/p>\n<p>Correio eletr\u00f3nico do DPO: <a href=\"mailto:dpd@jotelulu.com\">dpd@jotelulu.com<\/a>.<\/p>\n<ol start=\"2\">\n<li id=\"informacion\"> <span style=\"font-weight: 400;\">Informa\u00e7\u00e3o sobre os dados que a JOTELULU recolhe atrav\u00e9s do Website<\/span><\/li>\n<\/ol>\n<p>Para o correto funcionamento do Website, a JOTELULU pode ter acesso aos seguintes dados fornecidos, quando aplic\u00e1vel, pelo Utilizador:<\/p>\n<ul>\n<li>Dados de identifica\u00e7\u00e3o: nome e apelidos do utilizador.<\/li>\n<li>Dados da empresa: nome da empresa, setor e n\u00famero de identifica\u00e7\u00e3o fiscal (NIF).<\/li>\n<li>Dados de contacto: e-mail, telefone e endere\u00e7o postal.<\/li>\n<li>Dados financeiros: informa\u00e7\u00f5es banc\u00e1rias.<\/li>\n<\/ul>\n<ol start=\"3\">\n<li id=\"finalidades\"> <span style=\"font-weight: 400;\">Para que fins e com que bases legais a JOTELULU pode tratar os seus dados pessoais?<\/span><\/li>\n<\/ol>\n<p>A JOTELULU pode tratar os dados pessoais dos Utilizadores com base nas seguintes bases legais e finalidades:<\/p>\n<ul>\n<li>A base legal da JOTELULU para o tratamento dos dados dos Utilizadores atrav\u00e9s deste Website \u00e9 o consentimento dado pelos Utilizadores para o tratamento dos seus dados pessoais. A finalidade \u00e9 o envio de informa\u00e7\u00f5es ao Utilizador sobre os produtos solicitados.<\/li>\n<li>Analisar o comportamento do Utilizador no nosso Website para compreender as suas prefer\u00eancias em rela\u00e7\u00e3o aos nossos produtos, conte\u00fados e\/ou servi\u00e7os atrav\u00e9s de cookies e outros dispositivos de rastreamento. Para mais informa\u00e7\u00f5es, consulte a nossa Pol\u00edtica de Cookies. <a href=\"https:\/\/jotelulu.com\/pt-pt\/politica-de-cookies\/\">https:\/\/jotelulu.com\/pt-pt\/politica-de-cookies\/<\/a><\/li>\n<li>Gest\u00e3o de comunica\u00e7\u00f5es comerciais sobre os nossos produtos e servi\u00e7os, bem como conte\u00fados ou outras informa\u00e7\u00f5es relevantes, atrav\u00e9s de diferentes canais de acordo com as prefer\u00eancias do Utilizador.<\/li>\n<\/ul>\n<p>O Utilizador pode retirar o seu consentimento a qualquer momento enviando uma mensagem para <a href=\"mailto:dpd@jotelulu.com\">dpd@jotelulu.com<\/a>.<\/p>\n<ol start=\"4\">\n<li id=\"veracidad\"> <span style=\"font-weight: 400;\">Veracidade dos dados fornecidos pelos Utilizadores<\/span><\/li>\n<\/ol>\n<p>O Utilizador garante a veracidade dos dados pessoais fornecidos e compromete-se a comunicar \u00e0 JOTELULU qualquer modifica\u00e7\u00e3o dos mesmos.<\/p>\n<ol start=\"5\">\n<li id=\"conservacion\"> <span style=\"font-weight: 400;\">Conserva\u00e7\u00e3o de dados<\/span><\/li>\n<\/ol>\n<p>Na JOTELULU, conservamos os dados pessoais por per\u00edodos diferentes, dependendo do tipo de informa\u00e7\u00e3o e dos requisitos legais aplic\u00e1veis.<\/p>\n<ol start=\"6\">\n<li id=\"derechos\"> <span style=\"font-weight: 400;\">Direitos dos utilizadores<\/span><\/li>\n<\/ol>\n<ul>\n<li>Direito a ser informado.<\/li>\n<li>Direito de acesso.<\/li>\n<li>Direito de retifica\u00e7\u00e3o.<\/li>\n<li>Direito de apagamento.<\/li>\n<li>Direito de limita\u00e7\u00e3o do tratamento.<\/li>\n<li>Direito \u00e0 portabilidade dos dados.<\/li>\n<li>Direito de oposi\u00e7\u00e3o ao tratamento.<\/li>\n<li>Direito de retirar o consentimento.<\/li>\n<\/ul>\n<p>O Utilizador pode exercer todos estes direitos enviando um e-mail para <a href=\"mailto:dpd@jotelulu.com\">dpd@jotelulu.com<\/a>.<\/p>\n<ol start=\"7\">\n<li id=\"seguridad\"> <span style=\"font-weight: 400;\">Seguran\u00e7a dos dados<\/span><\/li>\n<\/ol>\n<p>A JOTELULU tomou todas as medidas ao seu alcance para evitar que os seus dados sejam utilizados de forma indevida.<\/p>\n<ol start=\"8\">\n<li id=\"transferencias\"> <span style=\"font-weight: 400;\">Transfer\u00eancias e\/ou ced\u00eancias a terceiros<\/span><\/li>\n<\/ol>\n<p>Os dados dos Utilizadores poder\u00e3o ser utilizados exclusivamente pela JOTELULU para qualquer finalidade necess\u00e1ria ao cumprimento adequado dos objetivos do tratamento de dados pessoais.<\/p>\n<ol start=\"9\">\n<li id=\"preguntas\"> <span style=\"font-weight: 400;\">Perguntas<\/span><\/li>\n<\/ol>\n<p>Se tiver alguma d\u00favida sobre a nossa Pol\u00edtica de Privacidade, entre em contacto connosco enviando um e-mail para <a href=\"mailto:dpd@jotelulu.com\">dpd@jotelulu.com<\/a>.<\/p>\n<ol start=\"10\">\n<li id=\"aceptacion\"> <span style=\"font-weight: 400;\">Aceita\u00e7\u00e3o e Consentimento<\/span><\/li>\n<\/ol>\n<p>O Utilizador declara ter sido informado sobre as condi\u00e7\u00f5es relativas \u00e0 prote\u00e7\u00e3o de dados pessoais, aceitando e consentindo o tratamento dos mesmos pela JOTELULU.<\/p>\n","protected":false},"excerpt":{"rendered":"<p>A seguir, informamos sobre o tratamento de dados pessoais realizado pela Jotelulu. Com esta pol\u00edtica de privacidade, queremos cumprir o Regulamento (UE) 2016\/679 do Parlamento Europeu e do Conselho, de 27 de abril de 2016, relativo \u00e0 prote\u00e7\u00e3o das pessoas singulares no que diz respeito ao tratamento de dados pessoais e \u00e0 livre circula\u00e7\u00e3o desses [&hellip;]<\/p>\n","protected":false},"author":5,"featured_media":0,"parent":0,"menu_order":0,"comment_status":"closed","ping_status":"closed","template":"","meta":{"_acf_changed":false,"footnotes":""},"class_list":["post-43842","page","type-page","status-publish","hentry"],"acf":[],"yoast_head":"<!-- This site is optimized with the Yoast SEO plugin v27.5 - https:\/\/yoast.com\/product\/yoast-seo-wordpress\/ -->\n<title>Pol\u00edtica de Privacidade - Jotelulu<\/title>\n<meta name=\"robots\" content=\"noindex, nofollow\" \/>\n<meta property=\"og:locale\" content=\"pt_PT\" \/>\n<meta property=\"og:type\" content=\"article\" \/>\n<meta property=\"og:title\" content=\"Pol\u00edtica de Privacidade - Jotelulu\" \/>\n<meta property=\"og:description\" content=\"A seguir, informamos sobre o tratamento de dados pessoais realizado pela Jotelulu. Com esta pol\u00edtica de privacidade, queremos cumprir o Regulamento (UE) 2016\/679 do Parlamento Europeu e do Conselho, de 27 de abril de 2016, relativo \u00e0 prote\u00e7\u00e3o das pessoas singulares no que diz respeito ao tratamento de dados pessoais e \u00e0 livre circula\u00e7\u00e3o desses [&hellip;]\" \/>\n<meta property=\"og:url\" content=\"https:\/\/jotelulu.com\/pt-pt\/politica-de-privacidade\/\" \/>\n<meta property=\"og:site_name\" content=\"Jotelulu\" \/>\n<meta property=\"article:modified_time\" content=\"2025-02-25T17:13:31+00:00\" \/>\n<meta name=\"twitter:card\" content=\"summary_large_image\" \/>\n<meta name=\"twitter:label1\" content=\"Tempo estimado de leitura\" \/>\n\t<meta name=\"twitter:data1\" content=\"4 minutos\" \/>\n<script type=\"application\/ld+json\" class=\"yoast-schema-graph\">{\"@context\":\"https:\\\/\\\/schema.org\",\"@graph\":[{\"@type\":\"WebPage\",\"@id\":\"https:\\\/\\\/jotelulu.com\\\/pt-pt\\\/politica-de-privacidade\\\/\",\"url\":\"https:\\\/\\\/jotelulu.com\\\/pt-pt\\\/politica-de-privacidade\\\/\",\"name\":\"Pol\u00edtica de Privacidade - Jotelulu\",\"isPartOf\":{\"@id\":\"https:\\\/\\\/jotelulu.com\\\/pt-pt\\\/#website\"},\"datePublished\":\"2024-05-06T14:16:37+00:00\",\"dateModified\":\"2025-02-25T17:13:31+00:00\",\"breadcrumb\":{\"@id\":\"https:\\\/\\\/jotelulu.com\\\/pt-pt\\\/politica-de-privacidade\\\/#breadcrumb\"},\"inLanguage\":\"pt-PT\",\"potentialAction\":[{\"@type\":\"ReadAction\",\"target\":[\"https:\\\/\\\/jotelulu.com\\\/pt-pt\\\/politica-de-privacidade\\\/\"]}]},{\"@type\":\"BreadcrumbList\",\"@id\":\"https:\\\/\\\/jotelulu.com\\\/pt-pt\\\/politica-de-privacidade\\\/#breadcrumb\",\"itemListElement\":[{\"@type\":\"ListItem\",\"position\":1,\"name\":\"Portada\",\"item\":\"https:\\\/\\\/jotelulu.com\\\/pt-pt\\\/\"},{\"@type\":\"ListItem\",\"position\":2,\"name\":\"Pol\u00edtica de Privacidade\"}]},{\"@type\":\"WebSite\",\"@id\":\"https:\\\/\\\/jotelulu.com\\\/pt-pt\\\/#website\",\"url\":\"https:\\\/\\\/jotelulu.com\\\/pt-pt\\\/\",\"name\":\"Jotelulu\",\"description\":\"Cloud Paradise for Tech Companies\",\"potentialAction\":[{\"@type\":\"SearchAction\",\"target\":{\"@type\":\"EntryPoint\",\"urlTemplate\":\"https:\\\/\\\/jotelulu.com\\\/pt-pt\\\/?s={search_term_string}\"},\"query-input\":{\"@type\":\"PropertyValueSpecification\",\"valueRequired\":true,\"valueName\":\"search_term_string\"}}],\"inLanguage\":\"pt-PT\"}]}<\/script>\n<!-- \/ Yoast SEO plugin. -->","yoast_head_json":{"title":"Pol\u00edtica de Privacidade - Jotelulu","robots":{"index":"noindex","follow":"nofollow"},"og_locale":"pt_PT","og_type":"article","og_title":"Pol\u00edtica de Privacidade - Jotelulu","og_description":"A seguir, informamos sobre o tratamento de dados pessoais realizado pela Jotelulu. Com esta pol\u00edtica de privacidade, queremos cumprir o Regulamento (UE) 2016\/679 do Parlamento Europeu e do Conselho, de 27 de abril de 2016, relativo \u00e0 prote\u00e7\u00e3o das pessoas singulares no que diz respeito ao tratamento de dados pessoais e \u00e0 livre circula\u00e7\u00e3o desses [&hellip;]","og_url":"https:\/\/jotelulu.com\/pt-pt\/politica-de-privacidade\/","og_site_name":"Jotelulu","article_modified_time":"2025-02-25T17:13:31+00:00","twitter_card":"summary_large_image","twitter_misc":{"Tempo estimado de leitura":"4 minutos"},"schema":{"@context":"https:\/\/schema.org","@graph":[{"@type":"WebPage","@id":"https:\/\/jotelulu.com\/pt-pt\/politica-de-privacidade\/","url":"https:\/\/jotelulu.com\/pt-pt\/politica-de-privacidade\/","name":"Pol\u00edtica de Privacidade - Jotelulu","isPartOf":{"@id":"https:\/\/jotelulu.com\/pt-pt\/#website"},"datePublished":"2024-05-06T14:16:37+00:00","dateModified":"2025-02-25T17:13:31+00:00","breadcrumb":{"@id":"https:\/\/jotelulu.com\/pt-pt\/politica-de-privacidade\/#breadcrumb"},"inLanguage":"pt-PT","potentialAction":[{"@type":"ReadAction","target":["https:\/\/jotelulu.com\/pt-pt\/politica-de-privacidade\/"]}]},{"@type":"BreadcrumbList","@id":"https:\/\/jotelulu.com\/pt-pt\/politica-de-privacidade\/#breadcrumb","itemListElement":[{"@type":"ListItem","position":1,"name":"Portada","item":"https:\/\/jotelulu.com\/pt-pt\/"},{"@type":"ListItem","position":2,"name":"Pol\u00edtica de Privacidade"}]},{"@type":"WebSite","@id":"https:\/\/jotelulu.com\/pt-pt\/#website","url":"https:\/\/jotelulu.com\/pt-pt\/","name":"Jotelulu","description":"Cloud Paradise for Tech Companies","potentialAction":[{"@type":"SearchAction","target":{"@type":"EntryPoint","urlTemplate":"https:\/\/jotelulu.com\/pt-pt\/?s={search_term_string}"},"query-input":{"@type":"PropertyValueSpecification","valueRequired":true,"valueName":"search_term_string"}}],"inLanguage":"pt-PT"}]}},"_links":{"self":[{"href":"https:\/\/jotelulu.com\/pt-pt\/wp-json\/wp\/v2\/pages\/43842","targetHints":{"allow":["GET"]}}],"collection":[{"href":"https:\/\/jotelulu.com\/pt-pt\/wp-json\/wp\/v2\/pages"}],"about":[{"href":"https:\/\/jotelulu.com\/pt-pt\/wp-json\/wp\/v2\/types\/page"}],"author":[{"embeddable":true,"href":"https:\/\/jotelulu.com\/pt-pt\/wp-json\/wp\/v2\/users\/5"}],"replies":[{"embeddable":true,"href":"https:\/\/jotelulu.com\/pt-pt\/wp-json\/wp\/v2\/comments?post=43842"}],"version-history":[{"count":2,"href":"https:\/\/jotelulu.com\/pt-pt\/wp-json\/wp\/v2\/pages\/43842\/revisions"}],"predecessor-version":[{"id":47206,"href":"https:\/\/jotelulu.com\/pt-pt\/wp-json\/wp\/v2\/pages\/43842\/revisions\/47206"}],"wp:attachment":[{"href":"https:\/\/jotelulu.com\/pt-pt\/wp-json\/wp\/v2\/media?parent=43842"}],"curies":[{"name":"wp","href":"https:\/\/api.w.org\/{rel}","templated":true}]}}