{"id":43830,"date":"2024-05-13T13:23:37","date_gmt":"2024-05-13T11:23:37","guid":{"rendered":"https:\/\/jotelulu.com\/politica-de-cookies\/"},"modified":"2025-03-14T12:59:33","modified_gmt":"2025-03-14T11:59:33","slug":"politica-de-cookies","status":"publish","type":"page","link":"https:\/\/jotelulu.com\/pt-pt\/politica-de-cookies\/","title":{"rendered":"Pol\u00edtica de Cookies"},"content":{"rendered":"<p><span style=\"font-weight: 400;\">JOTELULU, S.L. (doravante, \u201cJOTELULU\u201d) informa, atrav\u00e9s da presente Pol\u00edtica de Cookies, sobre a utiliza\u00e7\u00e3o de dispositivos de armazenamento e recupera\u00e7\u00e3o de dados em equipamentos terminais dos Utilizadores.<\/span><\/p>\n<p>&nbsp;<\/p>\n<ol>\n<li id=\"cookies\"><span style=\"font-weight: 400;\"> O que s\u00e3o os cookies?<\/span><\/li>\n<\/ol>\n<p><span style=\"font-weight: 400;\">Os cookies s\u00e3o ficheiros ou arquivos que s\u00e3o descarregados no computador\/smartphone\/tablet do Utilizador ao aceder a determinadas p\u00e1ginas web e aplica\u00e7\u00f5es que permitem armazenar prefer\u00eancias de navega\u00e7\u00e3o do Utilizador, tornando a intera\u00e7\u00e3o entre o Utilizador e o Site Web mais r\u00e1pida e f\u00e1cil.<\/span><\/p>\n<p><span style=\"font-weight: 400;\">A informa\u00e7\u00e3o recolhida pelos cookies \u00e9 an\u00f3nima e n\u00e3o cont\u00e9m qualquer informa\u00e7\u00e3o sens\u00edvel, pois n\u00e3o recolhem dados que possam identificar pessoalmente o Utilizador. Em qualquer caso, o Utilizador poder\u00e1 aceder \u00e0 configura\u00e7\u00e3o do seu navegador para modificar e\/ou bloquear a instala\u00e7\u00e3o dos Cookies enviados a partir do Site Web, sem que isso impe\u00e7a o acesso aos conte\u00fados.<\/span><\/p>\n<p>&nbsp;<\/p>\n<ol start=\"2\">\n<li id=\"finalidad\"><span style=\"font-weight: 400;\"> Para que utiliza a JOTELULU os cookies?<\/span><\/li>\n<\/ol>\n<p><span style=\"font-weight: 400;\">De acordo com o artigo 22.\u00ba da Lei dos Servi\u00e7os da Sociedade da Informa\u00e7\u00e3o e do Com\u00e9rcio Eletr\u00f3nico, bem como no Considerando (30) do Regulamento Geral de Prote\u00e7\u00e3o de Dados (doravante, \u201cRGPD\u201d), o presente Site Web utiliza cookies ou outros dispositivos de armazenamento e recupera\u00e7\u00e3o de informa\u00e7\u00e3o para realizar um seguimento das intera\u00e7\u00f5es dos Utilizadores com os servi\u00e7os oferecidos no Site Web.<\/span><\/p>\n<p><span style=\"font-weight: 400;\">Os cookies permitem reconhecer o navegador de um Utilizador, bem como o tipo de dispositivo a partir do qual se acede ao Site Web, e s\u00e3o utilizados para facilitar a pr\u00f3xima visita do Utilizador e tornar o Site Web mais \u00fatil.<\/span><\/p>\n<p><span style=\"font-weight: 400;\">A JOTELULU utiliza os cookies para:<\/span><\/p>\n<p><span style=\"font-weight: 400;\">Otimizar a navega\u00e7\u00e3o do Utilizador atrav\u00e9s do seguimento da sess\u00e3o.<\/span><\/p>\n<p><span style=\"font-weight: 400;\">Recolher informa\u00e7\u00e3o para otimizar a navega\u00e7\u00e3o e melhorar o Site Web.<\/span><\/p>\n<p><span style=\"font-weight: 400;\">O Site Web utiliza os seguintes tipos de cookies:<\/span><\/p>\n<p><span style=\"font-weight: 400;\">Obrigat\u00f3rias: Cookies estritamente necess\u00e1rias para prestar um servi\u00e7o ou conte\u00fado solicitado pelo utilizador. Estas s\u00e3o respons\u00e1veis por aspectos t\u00e9cnicos como identificar registos e gerir prefer\u00eancias de ferramentas no uso, intera\u00e7\u00e3o e localiza\u00e7\u00e3o do acesso aos conte\u00fados.<\/span><\/p>\n<p>&nbsp;<\/p>\n<table class=\"table\" border=\"0\" cellspacing=\"1\" cellpadding=\"1\" align=\"center\">\n<thead>\n<tr>\n<th scope=\"col\">NOME<\/th>\n<th scope=\"col\">FORNECEDOR<\/th>\n<th scope=\"col\">VALIDADE<\/th>\n<th scope=\"col\">DESCRI\u00c7\u00c3O<\/th>\n<\/tr>\n<\/thead>\n<tbody>\n<tr>\n<td>ACCEPTCOOKIES<\/td>\n<td>JOTELULU.COM<\/td>\n<td>1 ANO<\/td>\n<td>ESTE COOKIE DETERMINA SE O UTILIZADOR ACEITOU A CAIXA DE CONSENTIMENTO PARA O USO DE COOKIES.<\/td>\n<\/tr>\n<tr>\n<td>PHPSESSID<\/td>\n<td>jotelulu.com<\/td>\n<td>Sess\u00e3o<\/td>\n<td>Este cookie guarda o estado de sess\u00e3o atrav\u00e9s dos diferentes requerimentos de p\u00e1gina.<\/td>\n<\/tr>\n<tr>\n<td>rc::a<\/td>\n<td>google.com<\/td>\n<td>Persistente<\/td>\n<td>Este cookie \u00e9 utilizado para diferenciar humanos de bots.<\/td>\n<\/tr>\n<tr>\n<td>rc::c<\/td>\n<td>google.com<\/td>\n<td>Sess\u00e3o<\/td>\n<td>Este cookie \u00e9 utilizado para diferenciar humanos de bots.<\/td>\n<\/tr>\n<tr>\n<td>__cfduid<\/td>\n<td>hubspot.net, hubspot.com<\/td>\n<td>30 dias<\/td>\n<td>Este cookie \u00e9 utilizado pela rede de conte\u00fado, Cloudfare, para identificar tr\u00e1fego web de confian\u00e7a.<\/td>\n<\/tr>\n<tr>\n<td>__cfduid<\/td>\n<td>hs-scripts.com<\/td>\n<td>30 dias<\/td>\n<td>Este cookie \u00e9 utilizado pela rede de conte\u00fado, Cloudfare, para identificar tr\u00e1fego web de confian\u00e7a.<\/td>\n<\/tr>\n<tr>\n<td>__cfduid<\/td>\n<td>hubapi.com<\/td>\n<td>30 dias<\/td>\n<td>Este cookie \u00e9 utilizado pela rede de conte\u00fado, Cloudfare, para identificar tr\u00e1fego web de confian\u00e7a.<\/td>\n<\/tr>\n<tr>\n<td>__cfduid<\/td>\n<td>usemessages.com<\/td>\n<td>30 dias<\/td>\n<td>Este cookie \u00e9 utilizado pela rede de conte\u00fado, Cloudfare, para identificar tr\u00e1fego web de confian\u00e7a.<\/td>\n<\/tr>\n<tr>\n<td>JSESSIONID<\/td>\n<td>nr-data.net<\/td>\n<td>Sess\u00e3o<\/td>\n<td>Este cookie conserva os estados dos utilizadores em todas as solicita\u00e7\u00f5es da p\u00e1gina.<\/td>\n<\/tr>\n<\/tbody>\n<\/table>\n<p>&nbsp;<\/p>\n<p><span style=\"font-weight: 400;\">Funcionais: Os cookies funcionais fornecem ao utilizador informa\u00e7\u00f5es que enriquecem a experi\u00eancia de navega\u00e7\u00e3o, como, por exemplo, mostrar a previs\u00e3o do tempo com base na sua localiza\u00e7\u00e3o.<\/span><\/p>\n<p>&nbsp;<\/p>\n<table class=\"table\" border=\"0\" cellspacing=\"1\" cellpadding=\"1\" align=\"center\">\n<thead>\n<tr>\n<th scope=\"col\">NOME<\/th>\n<th scope=\"col\">FORNECEDOR<\/th>\n<th scope=\"col\">VALIDADE<\/th>\n<th scope=\"col\">DESCRI\u00c7\u00c3O<\/th>\n<\/tr>\n<\/thead>\n<tbody>\n<tr>\n<td>LANG<\/td>\n<td>ADS.LINKEDIN.COM<\/td>\n<td>SESS\u00c3O<\/td>\n<td>ESTE COOKIE RECORDA O IDIOMA SELECIONADO POR UM UTILIZADOR COM O QUAL VISUALIZAR UMA P\u00c1GINA WEB<\/td>\n<\/tr>\n<tr>\n<td>messagesUtk<\/td>\n<td>jotelulu.com<\/td>\n<td>1 ano<\/td>\n<td>Este cookie armazena uma string de identifica\u00e7\u00e3o \u00fanica para cada sess\u00e3o de chat, permitindo \u00e0 \u00e1rea de assist\u00eancia do site ver as incid\u00eancias anteriores e reconectar com o assistente anterior.<\/td>\n<\/tr>\n<\/tbody>\n<\/table>\n<p>&nbsp;<\/p>\n<p><span style=\"font-weight: 400;\">Estat\u00edsticas\/anal\u00edticas: Estes cookies recolhem informa\u00e7\u00e3o relativa \u00e0 utiliza\u00e7\u00e3o da p\u00e1gina, como a perman\u00eancia na p\u00e1gina e os conte\u00fados visitados pelos leitores para medir o seu desempenho e melhorar a navega\u00e7\u00e3o.<\/span><\/p>\n<p><span style=\"font-weight: 400;\">Os principais objetivos que se pretendem com este tipo de cookies s\u00e3o:<\/span><\/p>\n<p><span style=\"font-weight: 400;\">Permitir a identifica\u00e7\u00e3o an\u00f3nima dos Utilizadores navegantes e, portanto, a contabiliza\u00e7\u00e3o aproximada do n\u00famero de visitantes.<\/span><\/p>\n<p><span style=\"font-weight: 400;\">Identificar de forma an\u00f3nima os conte\u00fados mais visitados.<\/span><\/p>\n<p><span style=\"font-weight: 400;\">Saber se o Utilizador que est\u00e1 a aceder \u00e9 novo ou repete visita.<\/span><\/p>\n<p><span style=\"font-weight: 400;\">A seguir, detalham-se os cookies anal\u00edticos que s\u00e3o utilizados no Site Web:<\/span><\/p>\n<p>&nbsp;<\/p>\n<table class=\"table\" border=\"0\" cellspacing=\"1\" cellpadding=\"1\" align=\"center\">\n<thead>\n<tr>\n<th scope=\"col\">NOME<\/th>\n<th scope=\"col\">FORNECEDOR<\/th>\n<th scope=\"col\">VALIDADE<\/th>\n<th scope=\"col\">DESCRI\u00c7\u00c3O<\/th>\n<\/tr>\n<\/thead>\n<tbody>\n<tr>\n<td>_GA<\/td>\n<td>JOTELULU.COM<\/td>\n<td>2 ANOS<\/td>\n<td>ESTE COOKIE REGISTA UMA IDENTIFICA\u00c7\u00c3O \u00daNICA QUE \u00c9 UTILIZADA PARA GERAR DADOS ESTAT\u00cdSTICOS SOBRE COMO O VISITANTE UTILIZA O SITE WEB.<\/td>\n<\/tr>\n<tr>\n<td>_gat<\/td>\n<td>jotelulu.com<\/td>\n<td>1 dia<\/td>\n<td>Este cookie \u00e9 utilizado pelo Google Analytics para controlar a taxa de pedidos.<\/td>\n<\/tr>\n<tr>\n<td>_gid<\/td>\n<td>jotelulu.com<\/td>\n<td>1 dia<\/td>\n<td>Este cookie regista uma identifica\u00e7\u00e3o \u00fanica que \u00e9 utilizada para gerar dados estat\u00edsticos sobre como o visitante utiliza o Site Web.<\/td>\n<\/tr>\n<tr>\n<td>collect<\/td>\n<td>google-analytics.com<\/td>\n<td>Sess\u00e3o<\/td>\n<td>\u00c9 utilizado para enviar dados ao Google Analytics sobre o dispositivo do visitante e o seu comportamento. Rastreia o visitante atrav\u00e9s de dispositivos e canais de marketing.<\/td>\n<\/tr>\n<tr>\n<td>1P_JAR<\/td>\n<td>google.com<\/td>\n<td>1 m\u00eas<\/td>\n<td>Este cookie \u00e9 usado para recolher estat\u00edsticas do Site Web e rastrear as taxas de convers\u00e3o<\/td>\n<\/tr>\n<tr>\n<td>NID<\/td>\n<td>google.com<\/td>\n<td>6 meses<\/td>\n<td>Este cookie \u00e9 utilizado pelo Google para armazenar as prefer\u00eancias do utilizador e a informa\u00e7\u00e3o durante a visualiza\u00e7\u00e3o das p\u00e1ginas com os mapas do Google.<\/td>\n<\/tr>\n<tr>\n<td>__hssc<\/td>\n<td>jotelulu.com<\/td>\n<td>1 dia<\/td>\n<td>Este cookie identifica se os dados do navegador necessitam de ser atualizados.<\/td>\n<\/tr>\n<tr>\n<td>__hssrc<\/td>\n<td>jotelulu.com<\/td>\n<td>Sess\u00e3o<\/td>\n<td>Este cookie \u00e9 utilizado para reconhecer o navegador do visitante na sua reentrada na p\u00e1gina web.<\/td>\n<\/tr>\n<tr>\n<td>__hstc<\/td>\n<td>jotelulu.com<\/td>\n<td>1 ano<\/td>\n<td>Este cookie estabelece um identificador para a sess\u00e3o, permitindo ao site obter dados do comportamento do visitante com fins estat\u00edsticos.<\/td>\n<\/tr>\n<tr>\n<td>AnalyticsSyncHistory<\/td>\n<td>linkedin.com<\/td>\n<td>29 dias<\/td>\n<td>Este cookie \u00e9 utilizado em rela\u00e7\u00e3o \u00e0 sincroniza\u00e7\u00e3o de dados com o servi\u00e7o de an\u00e1lise de terceiros.<\/td>\n<\/tr>\n<tr>\n<td>hubspotutk<\/td>\n<td>jotelulu.com<\/td>\n<td>1 ano<\/td>\n<td>Este cookie estabelece um identificador para a sess\u00e3o, permitindo ao site obter dados do comportamento do visitante com fins estat\u00edsticos.<\/td>\n<\/tr>\n<\/tbody>\n<\/table>\n<p>&nbsp;<\/p>\n<p><span style=\"font-weight: 400;\">Publicit\u00e1rias: Estes cookies obt\u00eam informa\u00e7\u00e3o da navega\u00e7\u00e3o do utilizador para gerir espa\u00e7os publicit\u00e1rios e oferecer um conte\u00fado mais relevante e de qualidade para ele a partir dos seus gostos.<\/span><\/p>\n<p><span style=\"font-weight: 400;\">A seguir, detalham-se os cookies publicit\u00e1rios que s\u00e3o utilizados no Site Web:<\/span><\/p>\n<p>&nbsp;<\/p>\n<table class=\"table\" border=\"0\" cellspacing=\"1\" cellpadding=\"1\" align=\"center\">\n<thead>\n<tr>\n<th scope=\"col\">NOME<\/th>\n<th scope=\"col\">FORNECEDOR<\/th>\n<th scope=\"col\">VALIDADE<\/th>\n<th scope=\"col\">DESCRI\u00c7\u00c3O<\/th>\n<\/tr>\n<\/thead>\n<tbody>\n<tr>\n<td>BCOOKIE<\/td>\n<td>LINKEDIN.COM<\/td>\n<td>2 ANOS<\/td>\n<td>ESTE COOKIE \u00c9 UTILIZADO PELO SERVI\u00c7O DE NETWORKING SOCIAL LINKEDIN PARA RASTREAR O USO DE SERVI\u00c7OS INCRUSTADOS.<\/td>\n<\/tr>\n<tr>\n<td>bscookie<\/td>\n<td>linkedin.com<\/td>\n<td>2 anos<\/td>\n<td>Este cookie \u00e9 utilizado pelo servi\u00e7o de networking social Linkedin para rastrear o uso de servi\u00e7os incrustados.<\/td>\n<\/tr>\n<tr>\n<td>d\/px<\/td>\n<td>adsymptotic.com<\/td>\n<td>Sess\u00e3o<\/td>\n<td>Este cookie recolhe dados das prefer\u00eancias e do comportamento do utilizador no site. Esta informa\u00e7\u00e3o \u00e9 utilizada para produzir conte\u00fados e publicidade mais relevantes para um utilizador em concreto.<\/td>\n<\/tr>\n<tr>\n<td>embed\/v3\/counters.gif<\/td>\n<td>orms.hsforms.com<\/td>\n<td>Sess\u00e3o<\/td>\n<td>Este cookie recolhe informa\u00e7\u00e3o das prefer\u00eancias e\/ou intera\u00e7\u00e3o do utilizador com o conte\u00fado de campanhas web. Isto \u00e9 usado na plataforma de campanha CRM, para propriet\u00e1rios de sites para promover eventos ou produtos.<\/td>\n<\/tr>\n<tr>\n<td>lang<\/td>\n<td>linkedin.com<\/td>\n<td>Sess\u00e3o<\/td>\n<td>Este cookie \u00e9 estabelecido pelo Linkedin quando uma p\u00e1gina web cont\u00e9m um painel \u201csiga-nos\u201d incrustado.<\/td>\n<\/tr>\n<tr>\n<td>li_sugr<\/td>\n<td>linkedin.com<\/td>\n<td>3 meses<\/td>\n<td>Este cookie recolhe dados sobre o comportamento e a intera\u00e7\u00e3o dos visitantes. Isto \u00e9 utilizado para otimizar o site e tornar a publicidade no mesmo mais relevante.<\/td>\n<\/tr>\n<tr>\n<td>lidc<\/td>\n<td>linkedin.com<\/td>\n<td>1 dia<\/td>\n<td>Este cookie \u00e9 utilizado pelo servi\u00e7o de networking social LinkedIn para rastrear o uso de servi\u00e7os incrustados.<\/td>\n<\/tr>\n<tr>\n<td>UserMatchHistory<\/td>\n<td>linkedin.com<\/td>\n<td>29 dias<\/td>\n<td>Este cookie \u00e9 utilizado para rastrear os visitantes em m\u00faltiplos sites para apresentar publicidade relevante com base nas prefer\u00eancias do visitante.<\/td>\n<\/tr>\n<\/tbody>\n<\/table>\n<p>&nbsp;<\/p>\n<p>&nbsp;<\/p>\n<ol start=\"3\">\n<li id=\"eliminacion\"><span style=\"font-weight: 400;\"> Desativa\u00e7\u00e3o ou elimina\u00e7\u00e3o de cookies<\/span><\/li>\n<\/ol>\n<p><span style=\"font-weight: 400;\">No caso de querer modificar a configura\u00e7\u00e3o de cookies do navegador, como utilizador pode faz\u00ea-lo atrav\u00e9s da configura\u00e7\u00e3o das op\u00e7\u00f5es do mesmo. Poder\u00e1 encontrar informa\u00e7\u00e3o sobre como modificar as pol\u00edticas de cookies dos diferentes navegadores nos seguintes links:<\/span><\/p>\n<p><span style=\"font-weight: 400;\">(i) Para Microsoft Internet Explorer: https:\/\/support.microsoft.com\/pt-pt\/windows\/eliminar-e-gerir-cookies-168dab11-0753-043d-7c16-ede5947fc64d.<\/span><\/p>\n<p><span style=\"font-weight: 400;\">(ii) Para Firefox: https:\/\/support.mozilla.org\/pt-PT\/kb\/ativar-desativar-cookies-websites-utilizam-monitorizar-preferencias.<\/span><\/p>\n<p><span style=\"font-weight: 400;\">(iii) Para Safari: https:\/\/support.apple.com\/pt-pt\/guide\/safari\/sfri11471\/mac.<\/span><\/p>\n<p><span style=\"font-weight: 400;\">(iv) Para Google Chrome:\u00a0 https:\/\/support.google.com\/chrome\/answer\/95647?hl=pt.<\/span><\/p>\n<p>&nbsp;<\/p>\n<ol start=\"4\">\n<li id=\"movil\"><span style=\"font-weight: 400;\"> Cookies nos dispositivos m\u00f3veis<\/span><\/li>\n<\/ol>\n<p><span style=\"font-weight: 400;\">O Site Web da JOTELULU tamb\u00e9m utiliza cookies ou outros dispositivos de armazenamento em dispositivos m\u00f3veis.<\/span><\/p>\n<p><span style=\"font-weight: 400;\">Aqueles cookies que n\u00e3o sejam obrigat\u00f3rios para a navega\u00e7\u00e3o no presente Site Web poder\u00e3o ser desativados na sec\u00e7\u00e3o \u201cConfigura as Cookies aqui\u201d.<\/span><\/p>\n<p><span style=\"font-weight: 400;\">Estes ajustes encontram-se no rodap\u00e9 do Site Web. Al\u00e9m disso, tal como acontece nos navegadores de computadores, os navegadores dos dispositivos m\u00f3veis permitem realizar altera\u00e7\u00f5es nas op\u00e7\u00f5es ou ajustes de privacidade para desativar ou eliminar os cookies.<\/span><\/p>\n<p><span style=\"font-weight: 400;\">Se desejar modificar as op\u00e7\u00f5es de privacidade, siga as instru\u00e7\u00f5es especificadas pelo desenvolvedor do seu navegador para dispositivo m\u00f3vel.<\/span><\/p>\n<p><span style=\"font-weight: 400;\">A seguir, poder\u00e1 encontrar alguns exemplos dos links que o guiar\u00e3o para modificar as op\u00e7\u00f5es de privacidade no seu dispositivo m\u00f3vel:<\/span><\/p>\n<p><span style=\"font-weight: 400;\">IOS: (https:\/\/goo.gl\/61xevS)<\/span><\/p>\n<p><span style=\"font-weight: 400;\">Windows Phone: (https:\/\/goo.gl\/tKyb0y)<\/span><\/p>\n<p><span style=\"font-weight: 400;\">Chrome Mobile: (https:\/\/goo.gl\/XJp7N)<\/span><\/p>\n<p><span style=\"font-weight: 400;\">Opera Mobile: (https:\/\/cutt.ly\/TF1Fly6)<\/span><\/p>\n<p>&nbsp;<\/p>\n<ol start=\"5\">\n<li id=\"aceptacion\"><span style=\"font-weight: 400;\"> Aceita\u00e7\u00e3o de cookies<\/span><\/li>\n<\/ol>\n<p><span style=\"font-weight: 400;\">O presente Site Web n\u00e3o instala as nossas cookies nos dispositivos dos utilizadores at\u00e9 que estes tenham aceitado a instala\u00e7\u00e3o das mesmas.<\/span><\/p>\n<p><span style=\"font-weight: 400;\">Informamos que, no caso de n\u00e3o aceitar a instala\u00e7\u00e3o de cookies ou de desativar alguma destas na configura\u00e7\u00e3o, \u00e9 poss\u00edvel que certos servi\u00e7os n\u00e3o estejam dispon\u00edveis sem a utiliza\u00e7\u00e3o destas ou que n\u00e3o possa aceder a determinados servi\u00e7os nem aproveitar por completo tudo o que este Site Web oferece.<\/span><\/p>\n","protected":false},"excerpt":{"rendered":"<p>JOTELULU, S.L. (doravante, \u201cJOTELULU\u201d) informa, atrav\u00e9s da presente Pol\u00edtica de Cookies, sobre a utiliza\u00e7\u00e3o de dispositivos de armazenamento e recupera\u00e7\u00e3o de dados em equipamentos terminais dos Utilizadores. &nbsp; O que s\u00e3o os cookies? Os cookies s\u00e3o ficheiros ou arquivos que s\u00e3o descarregados no computador\/smartphone\/tablet do Utilizador ao aceder a determinadas p\u00e1ginas web e aplica\u00e7\u00f5es que [&hellip;]<\/p>\n","protected":false},"author":5,"featured_media":0,"parent":0,"menu_order":0,"comment_status":"closed","ping_status":"closed","template":"","meta":{"_acf_changed":false,"footnotes":""},"class_list":["post-43830","page","type-page","status-publish","hentry"],"acf":[],"yoast_head":"<!-- This site is optimized with the Yoast SEO plugin v27.5 - https:\/\/yoast.com\/product\/yoast-seo-wordpress\/ -->\n<title>Pol\u00edtica de Cookies - Jotelulu<\/title>\n<meta name=\"robots\" content=\"noindex, nofollow\" \/>\n<meta property=\"og:locale\" content=\"pt_PT\" \/>\n<meta property=\"og:type\" content=\"article\" \/>\n<meta property=\"og:title\" content=\"Pol\u00edtica de Cookies - Jotelulu\" \/>\n<meta property=\"og:description\" content=\"JOTELULU, S.L. (doravante, \u201cJOTELULU\u201d) informa, atrav\u00e9s da presente Pol\u00edtica de Cookies, sobre a utiliza\u00e7\u00e3o de dispositivos de armazenamento e recupera\u00e7\u00e3o de dados em equipamentos terminais dos Utilizadores. &nbsp; O que s\u00e3o os cookies? Os cookies s\u00e3o ficheiros ou arquivos que s\u00e3o descarregados no computador\/smartphone\/tablet do Utilizador ao aceder a determinadas p\u00e1ginas web e aplica\u00e7\u00f5es que [&hellip;]\" \/>\n<meta property=\"og:url\" content=\"https:\/\/jotelulu.com\/pt-pt\/politica-de-cookies\/\" \/>\n<meta property=\"og:site_name\" content=\"Jotelulu\" \/>\n<meta property=\"article:modified_time\" content=\"2025-03-14T11:59:33+00:00\" \/>\n<meta name=\"twitter:card\" content=\"summary_large_image\" \/>\n<meta name=\"twitter:label1\" content=\"Tempo estimado de leitura\" \/>\n\t<meta name=\"twitter:data1\" content=\"8 minutos\" \/>\n<script type=\"application\/ld+json\" class=\"yoast-schema-graph\">{\"@context\":\"https:\\\/\\\/schema.org\",\"@graph\":[{\"@type\":\"WebPage\",\"@id\":\"https:\\\/\\\/jotelulu.com\\\/pt-pt\\\/politica-de-cookies\\\/\",\"url\":\"https:\\\/\\\/jotelulu.com\\\/pt-pt\\\/politica-de-cookies\\\/\",\"name\":\"Pol\u00edtica de Cookies - Jotelulu\",\"isPartOf\":{\"@id\":\"https:\\\/\\\/jotelulu.com\\\/pt-pt\\\/#website\"},\"datePublished\":\"2024-05-13T11:23:37+00:00\",\"dateModified\":\"2025-03-14T11:59:33+00:00\",\"breadcrumb\":{\"@id\":\"https:\\\/\\\/jotelulu.com\\\/pt-pt\\\/politica-de-cookies\\\/#breadcrumb\"},\"inLanguage\":\"pt-PT\",\"potentialAction\":[{\"@type\":\"ReadAction\",\"target\":[\"https:\\\/\\\/jotelulu.com\\\/pt-pt\\\/politica-de-cookies\\\/\"]}]},{\"@type\":\"BreadcrumbList\",\"@id\":\"https:\\\/\\\/jotelulu.com\\\/pt-pt\\\/politica-de-cookies\\\/#breadcrumb\",\"itemListElement\":[{\"@type\":\"ListItem\",\"position\":1,\"name\":\"Portada\",\"item\":\"https:\\\/\\\/jotelulu.com\\\/pt-pt\\\/\"},{\"@type\":\"ListItem\",\"position\":2,\"name\":\"Pol\u00edtica de Cookies\"}]},{\"@type\":\"WebSite\",\"@id\":\"https:\\\/\\\/jotelulu.com\\\/pt-pt\\\/#website\",\"url\":\"https:\\\/\\\/jotelulu.com\\\/pt-pt\\\/\",\"name\":\"Jotelulu\",\"description\":\"Cloud Paradise for Tech Companies\",\"potentialAction\":[{\"@type\":\"SearchAction\",\"target\":{\"@type\":\"EntryPoint\",\"urlTemplate\":\"https:\\\/\\\/jotelulu.com\\\/pt-pt\\\/?s={search_term_string}\"},\"query-input\":{\"@type\":\"PropertyValueSpecification\",\"valueRequired\":true,\"valueName\":\"search_term_string\"}}],\"inLanguage\":\"pt-PT\"}]}<\/script>\n<!-- \/ Yoast SEO plugin. -->","yoast_head_json":{"title":"Pol\u00edtica de Cookies - Jotelulu","robots":{"index":"noindex","follow":"nofollow"},"og_locale":"pt_PT","og_type":"article","og_title":"Pol\u00edtica de Cookies - Jotelulu","og_description":"JOTELULU, S.L. (doravante, \u201cJOTELULU\u201d) informa, atrav\u00e9s da presente Pol\u00edtica de Cookies, sobre a utiliza\u00e7\u00e3o de dispositivos de armazenamento e recupera\u00e7\u00e3o de dados em equipamentos terminais dos Utilizadores. &nbsp; O que s\u00e3o os cookies? Os cookies s\u00e3o ficheiros ou arquivos que s\u00e3o descarregados no computador\/smartphone\/tablet do Utilizador ao aceder a determinadas p\u00e1ginas web e aplica\u00e7\u00f5es que [&hellip;]","og_url":"https:\/\/jotelulu.com\/pt-pt\/politica-de-cookies\/","og_site_name":"Jotelulu","article_modified_time":"2025-03-14T11:59:33+00:00","twitter_card":"summary_large_image","twitter_misc":{"Tempo estimado de leitura":"8 minutos"},"schema":{"@context":"https:\/\/schema.org","@graph":[{"@type":"WebPage","@id":"https:\/\/jotelulu.com\/pt-pt\/politica-de-cookies\/","url":"https:\/\/jotelulu.com\/pt-pt\/politica-de-cookies\/","name":"Pol\u00edtica de Cookies - Jotelulu","isPartOf":{"@id":"https:\/\/jotelulu.com\/pt-pt\/#website"},"datePublished":"2024-05-13T11:23:37+00:00","dateModified":"2025-03-14T11:59:33+00:00","breadcrumb":{"@id":"https:\/\/jotelulu.com\/pt-pt\/politica-de-cookies\/#breadcrumb"},"inLanguage":"pt-PT","potentialAction":[{"@type":"ReadAction","target":["https:\/\/jotelulu.com\/pt-pt\/politica-de-cookies\/"]}]},{"@type":"BreadcrumbList","@id":"https:\/\/jotelulu.com\/pt-pt\/politica-de-cookies\/#breadcrumb","itemListElement":[{"@type":"ListItem","position":1,"name":"Portada","item":"https:\/\/jotelulu.com\/pt-pt\/"},{"@type":"ListItem","position":2,"name":"Pol\u00edtica de Cookies"}]},{"@type":"WebSite","@id":"https:\/\/jotelulu.com\/pt-pt\/#website","url":"https:\/\/jotelulu.com\/pt-pt\/","name":"Jotelulu","description":"Cloud Paradise for Tech Companies","potentialAction":[{"@type":"SearchAction","target":{"@type":"EntryPoint","urlTemplate":"https:\/\/jotelulu.com\/pt-pt\/?s={search_term_string}"},"query-input":{"@type":"PropertyValueSpecification","valueRequired":true,"valueName":"search_term_string"}}],"inLanguage":"pt-PT"}]}},"_links":{"self":[{"href":"https:\/\/jotelulu.com\/pt-pt\/wp-json\/wp\/v2\/pages\/43830","targetHints":{"allow":["GET"]}}],"collection":[{"href":"https:\/\/jotelulu.com\/pt-pt\/wp-json\/wp\/v2\/pages"}],"about":[{"href":"https:\/\/jotelulu.com\/pt-pt\/wp-json\/wp\/v2\/types\/page"}],"author":[{"embeddable":true,"href":"https:\/\/jotelulu.com\/pt-pt\/wp-json\/wp\/v2\/users\/5"}],"replies":[{"embeddable":true,"href":"https:\/\/jotelulu.com\/pt-pt\/wp-json\/wp\/v2\/comments?post=43830"}],"version-history":[{"count":4,"href":"https:\/\/jotelulu.com\/pt-pt\/wp-json\/wp\/v2\/pages\/43830\/revisions"}],"predecessor-version":[{"id":51877,"href":"https:\/\/jotelulu.com\/pt-pt\/wp-json\/wp\/v2\/pages\/43830\/revisions\/51877"}],"wp:attachment":[{"href":"https:\/\/jotelulu.com\/pt-pt\/wp-json\/wp\/v2\/media?parent=43830"}],"curies":[{"name":"wp","href":"https:\/\/api.w.org\/{rel}","templated":true}]}}