{"id":43827,"date":"2024-05-13T13:24:26","date_gmt":"2024-05-13T11:24:26","guid":{"rendered":"https:\/\/jotelulu.com\/aviso-legal\/"},"modified":"2025-02-26T16:35:35","modified_gmt":"2025-02-26T15:35:35","slug":"aviso-legal","status":"publish","type":"page","link":"https:\/\/jotelulu.com\/pt-pt\/aviso-legal\/","title":{"rendered":"Aviso Legal"},"content":{"rendered":"<ol>\n<li id=\"derecho-informacion\"><span style=\"font-weight: 400;\"> Direito \u00e0 informa\u00e7\u00e3o<\/span><\/li>\n<\/ol>\n<p>JOTELULU, S.L. (\u201cJOTELULU\u201d), sociedade de nacionalidade espanhola, inscrita no Registo Comercial de Madrid, no Volume 39.404, Folha 103, P\u00e1gina n\u00famero M-699.605 e provida de NIF B-65814709, com domic\u00edlio social em Madrid, Rua de Leganitos 47, 4\u00ba Andar (28013), \u00e9 a titular do site www.jotelulu.com (o \u201cSite\u201d), cuja utiliza\u00e7\u00e3o est\u00e1 sujeita aos termos do presente Aviso Legal, os seus Termos e Condi\u00e7\u00f5es Gerais de Uso (https:\/\/jotelulu.com\/pt-pt\/condicoes-de-utilizacao\/) e restantes textos legais acess\u00edveis atrav\u00e9s do Site.<\/p>\n<p class=\"western\">\n<ol start=\"2\">\n<li id=\"uso-sitio\"><span style=\"font-weight: 400;\"> Utiliza\u00e7\u00e3o do site<\/span><\/li>\n<\/ol>\n<p>O presente Aviso Legal regula o uso e utiliza\u00e7\u00e3o do site \u201cjotelulu.com\u201d e todos os sites online da Jotelulu, tanto sob jotelulu.com como sob outros dom\u00ednios operados e\/ou controlados pela JOTELULU.<\/p>\n<p>A visita e navega\u00e7\u00e3o pelo Nosso Site atribui-lhe a condi\u00e7\u00e3o de utilizador (\u201cUtilizador\u201d), e implica a aceita\u00e7\u00e3o dos termos deste Aviso Legal, das Condi\u00e7\u00f5es de Uso e da nossa Pol\u00edtica de Privacidade (https:\/\/jotelulu.com\/politica-de-privacidade\/). Se n\u00e3o estiver de acordo com alguma destas condi\u00e7\u00f5es, pedimos que n\u00e3o continue a utilizar o Site.<\/p>\n<p>O Site fornece o acesso a informa\u00e7\u00f5es, servi\u00e7os, programas ou dados (a seguir, &#8220;os conte\u00fados&#8221;) na Internet pertencentes \u00e0 JOTELULU. O Utilizador assume a responsabilidade do uso do portal e compromete-se a fazer um uso adequado dos conte\u00fados e servi\u00e7os que a JOTELULU oferece atrav\u00e9s do seu portal e a n\u00e3o os empregar para:<\/p>\n<ul>\n<li>a) Realizar atividades il\u00edcitas, ilegais ou contr\u00e1rias \u00e0 boa-f\u00e9 e \u00e0 ordem p\u00fablica.<\/li>\n<li>b) Difundir conte\u00fados ou propaganda de car\u00e1ter racista, xen\u00f3fobo, pornogr\u00e1fico-ilegal, de apologia ao terrorismo ou atentat\u00f3rio contra os direitos humanos.<\/li>\n<li>c) Provocar danos nos sistemas f\u00edsicos e l\u00f3gicos da JOTELULU, dos seus fornecedores ou de terceiras pessoas.<\/li>\n<\/ul>\n<p>O Utilizador est\u00e1 consciente de que o acesso e utiliza\u00e7\u00e3o dos servi\u00e7os e conte\u00fados do Site s\u00e3o realizados sob a sua \u00fanica e exclusiva responsabilidade. A JOTELULU recomenda ao Utilizador que leia o Aviso Legal e as Condi\u00e7\u00f5es de Uso sempre que desejar aceder ao Site, pois o mesmo pode sofrer modifica\u00e7\u00f5es, sendo a vers\u00e3o vigente aquela publicada em cada momento. A JOTELULU poder\u00e1 modificar de forma unilateral e sem aviso pr\u00e9vio a configura\u00e7\u00e3o, o conte\u00fado e os servi\u00e7os do Site, bem como o presente Aviso Legal e as Condi\u00e7\u00f5es de Uso, sem que disso resulte qualquer direito para o Utilizador al\u00e9m dos que expressamente lhe sejam reconhecidos nos textos legais do Site.<\/p>\n<ol start=\"3\">\n<li id=\"propiedad-intelectual\"><span style=\"font-weight: 400;\"> Propriedade intelectual e industrial<\/span><\/li>\n<\/ol>\n<p>A JOTELULU \u00e9 titular de todos os direitos de propriedade intelectual e industrial da sua p\u00e1gina web, bem como dos elementos contidos na mesma. Ficam expressamente proibidas a reprodu\u00e7\u00e3o, a distribui\u00e7\u00e3o e a comunica\u00e7\u00e3o p\u00fablica, incluindo a sua modalidade de disponibiliza\u00e7\u00e3o, da totalidade ou parte dos conte\u00fados desta p\u00e1gina web, para fins comerciais, em qualquer suporte e por qualquer meio t\u00e9cnico, sem a autoriza\u00e7\u00e3o da JOTELULU.<\/p>\n<p>A JOTELULU n\u00e3o se responsabiliza, em nenhum caso, pelos danos e preju\u00edzos de qualquer natureza que possam ocorrer. Para a resolu\u00e7\u00e3o de todas as controv\u00e9rsias ou quest\u00f5es relacionadas com o presente site ou das atividades nele desenvolvidas, ser\u00e1 aplic\u00e1vel a legisla\u00e7\u00e3o espanhola, \u00e0 qual as partes se submetem expressamente, sendo competentes para a resolu\u00e7\u00e3o de todos os conflitos derivados ou relacionados com a sua utiliza\u00e7\u00e3o os Tribunais e Julgados de Madrid.<\/p>\n","protected":false},"excerpt":{"rendered":"<p>Direito \u00e0 informa\u00e7\u00e3o JOTELULU, S.L. (\u201cJOTELULU\u201d), sociedade de nacionalidade espanhola, inscrita no Registo Comercial de Madrid, no Volume 39.404, Folha 103, P\u00e1gina n\u00famero M-699.605 e provida de NIF B-65814709, com domic\u00edlio social em Madrid, Rua de Leganitos 47, 4\u00ba Andar (28013), \u00e9 a titular do site www.jotelulu.com (o \u201cSite\u201d), cuja utiliza\u00e7\u00e3o est\u00e1 sujeita aos termos [&hellip;]<\/p>\n","protected":false},"author":5,"featured_media":0,"parent":0,"menu_order":0,"comment_status":"closed","ping_status":"closed","template":"","meta":{"_acf_changed":false,"footnotes":""},"class_list":["post-43827","page","type-page","status-publish","hentry"],"acf":[],"yoast_head":"<!-- This site is optimized with the Yoast SEO plugin v27.5 - https:\/\/yoast.com\/product\/yoast-seo-wordpress\/ -->\n<title>Aviso Legal - Jotelulu<\/title>\n<meta name=\"robots\" content=\"noindex, nofollow\" \/>\n<meta property=\"og:locale\" content=\"pt_PT\" \/>\n<meta property=\"og:type\" content=\"article\" \/>\n<meta property=\"og:title\" content=\"Aviso Legal - Jotelulu\" \/>\n<meta property=\"og:description\" content=\"Direito \u00e0 informa\u00e7\u00e3o JOTELULU, S.L. (\u201cJOTELULU\u201d), sociedade de nacionalidade espanhola, inscrita no Registo Comercial de Madrid, no Volume 39.404, Folha 103, P\u00e1gina n\u00famero M-699.605 e provida de NIF B-65814709, com domic\u00edlio social em Madrid, Rua de Leganitos 47, 4\u00ba Andar (28013), \u00e9 a titular do site www.jotelulu.com (o \u201cSite\u201d), cuja utiliza\u00e7\u00e3o est\u00e1 sujeita aos termos [&hellip;]\" \/>\n<meta property=\"og:url\" content=\"https:\/\/jotelulu.com\/pt-pt\/aviso-legal\/\" \/>\n<meta property=\"og:site_name\" content=\"Jotelulu\" \/>\n<meta property=\"article:modified_time\" content=\"2025-02-26T15:35:35+00:00\" \/>\n<meta name=\"twitter:card\" content=\"summary_large_image\" \/>\n<meta name=\"twitter:label1\" content=\"Tempo estimado de leitura\" \/>\n\t<meta name=\"twitter:data1\" content=\"4 minutos\" \/>\n<script type=\"application\/ld+json\" class=\"yoast-schema-graph\">{\"@context\":\"https:\\\/\\\/schema.org\",\"@graph\":[{\"@type\":\"WebPage\",\"@id\":\"https:\\\/\\\/jotelulu.com\\\/pt-pt\\\/aviso-legal\\\/\",\"url\":\"https:\\\/\\\/jotelulu.com\\\/pt-pt\\\/aviso-legal\\\/\",\"name\":\"Aviso Legal - Jotelulu\",\"isPartOf\":{\"@id\":\"https:\\\/\\\/jotelulu.com\\\/pt-pt\\\/#website\"},\"datePublished\":\"2024-05-13T11:24:26+00:00\",\"dateModified\":\"2025-02-26T15:35:35+00:00\",\"breadcrumb\":{\"@id\":\"https:\\\/\\\/jotelulu.com\\\/pt-pt\\\/aviso-legal\\\/#breadcrumb\"},\"inLanguage\":\"pt-PT\",\"potentialAction\":[{\"@type\":\"ReadAction\",\"target\":[\"https:\\\/\\\/jotelulu.com\\\/pt-pt\\\/aviso-legal\\\/\"]}]},{\"@type\":\"BreadcrumbList\",\"@id\":\"https:\\\/\\\/jotelulu.com\\\/pt-pt\\\/aviso-legal\\\/#breadcrumb\",\"itemListElement\":[{\"@type\":\"ListItem\",\"position\":1,\"name\":\"Portada\",\"item\":\"https:\\\/\\\/jotelulu.com\\\/pt-pt\\\/\"},{\"@type\":\"ListItem\",\"position\":2,\"name\":\"Aviso Legal\"}]},{\"@type\":\"WebSite\",\"@id\":\"https:\\\/\\\/jotelulu.com\\\/pt-pt\\\/#website\",\"url\":\"https:\\\/\\\/jotelulu.com\\\/pt-pt\\\/\",\"name\":\"Jotelulu\",\"description\":\"Cloud Paradise for Tech Companies\",\"potentialAction\":[{\"@type\":\"SearchAction\",\"target\":{\"@type\":\"EntryPoint\",\"urlTemplate\":\"https:\\\/\\\/jotelulu.com\\\/pt-pt\\\/?s={search_term_string}\"},\"query-input\":{\"@type\":\"PropertyValueSpecification\",\"valueRequired\":true,\"valueName\":\"search_term_string\"}}],\"inLanguage\":\"pt-PT\"}]}<\/script>\n<!-- \/ Yoast SEO plugin. -->","yoast_head_json":{"title":"Aviso Legal - Jotelulu","robots":{"index":"noindex","follow":"nofollow"},"og_locale":"pt_PT","og_type":"article","og_title":"Aviso Legal - Jotelulu","og_description":"Direito \u00e0 informa\u00e7\u00e3o JOTELULU, S.L. (\u201cJOTELULU\u201d), sociedade de nacionalidade espanhola, inscrita no Registo Comercial de Madrid, no Volume 39.404, Folha 103, P\u00e1gina n\u00famero M-699.605 e provida de NIF B-65814709, com domic\u00edlio social em Madrid, Rua de Leganitos 47, 4\u00ba Andar (28013), \u00e9 a titular do site www.jotelulu.com (o \u201cSite\u201d), cuja utiliza\u00e7\u00e3o est\u00e1 sujeita aos termos [&hellip;]","og_url":"https:\/\/jotelulu.com\/pt-pt\/aviso-legal\/","og_site_name":"Jotelulu","article_modified_time":"2025-02-26T15:35:35+00:00","twitter_card":"summary_large_image","twitter_misc":{"Tempo estimado de leitura":"4 minutos"},"schema":{"@context":"https:\/\/schema.org","@graph":[{"@type":"WebPage","@id":"https:\/\/jotelulu.com\/pt-pt\/aviso-legal\/","url":"https:\/\/jotelulu.com\/pt-pt\/aviso-legal\/","name":"Aviso Legal - Jotelulu","isPartOf":{"@id":"https:\/\/jotelulu.com\/pt-pt\/#website"},"datePublished":"2024-05-13T11:24:26+00:00","dateModified":"2025-02-26T15:35:35+00:00","breadcrumb":{"@id":"https:\/\/jotelulu.com\/pt-pt\/aviso-legal\/#breadcrumb"},"inLanguage":"pt-PT","potentialAction":[{"@type":"ReadAction","target":["https:\/\/jotelulu.com\/pt-pt\/aviso-legal\/"]}]},{"@type":"BreadcrumbList","@id":"https:\/\/jotelulu.com\/pt-pt\/aviso-legal\/#breadcrumb","itemListElement":[{"@type":"ListItem","position":1,"name":"Portada","item":"https:\/\/jotelulu.com\/pt-pt\/"},{"@type":"ListItem","position":2,"name":"Aviso Legal"}]},{"@type":"WebSite","@id":"https:\/\/jotelulu.com\/pt-pt\/#website","url":"https:\/\/jotelulu.com\/pt-pt\/","name":"Jotelulu","description":"Cloud Paradise for Tech Companies","potentialAction":[{"@type":"SearchAction","target":{"@type":"EntryPoint","urlTemplate":"https:\/\/jotelulu.com\/pt-pt\/?s={search_term_string}"},"query-input":{"@type":"PropertyValueSpecification","valueRequired":true,"valueName":"search_term_string"}}],"inLanguage":"pt-PT"}]}},"_links":{"self":[{"href":"https:\/\/jotelulu.com\/pt-pt\/wp-json\/wp\/v2\/pages\/43827","targetHints":{"allow":["GET"]}}],"collection":[{"href":"https:\/\/jotelulu.com\/pt-pt\/wp-json\/wp\/v2\/pages"}],"about":[{"href":"https:\/\/jotelulu.com\/pt-pt\/wp-json\/wp\/v2\/types\/page"}],"author":[{"embeddable":true,"href":"https:\/\/jotelulu.com\/pt-pt\/wp-json\/wp\/v2\/users\/5"}],"replies":[{"embeddable":true,"href":"https:\/\/jotelulu.com\/pt-pt\/wp-json\/wp\/v2\/comments?post=43827"}],"version-history":[{"count":3,"href":"https:\/\/jotelulu.com\/pt-pt\/wp-json\/wp\/v2\/pages\/43827\/revisions"}],"predecessor-version":[{"id":47583,"href":"https:\/\/jotelulu.com\/pt-pt\/wp-json\/wp\/v2\/pages\/43827\/revisions\/47583"}],"wp:attachment":[{"href":"https:\/\/jotelulu.com\/pt-pt\/wp-json\/wp\/v2\/media?parent=43827"}],"curies":[{"name":"wp","href":"https:\/\/api.w.org\/{rel}","templated":true}]}}