{"id":43821,"date":"2024-05-14T12:00:09","date_gmt":"2024-05-14T10:00:09","guid":{"rendered":"https:\/\/jotelulu.com\/plataforma\/"},"modified":"2025-09-24T00:56:21","modified_gmt":"2025-09-23T22:56:21","slug":"plataforma","status":"publish","type":"page","link":"https:\/\/jotelulu.com\/pt-pt\/plataforma\/","title":{"rendered":"Plataforma"},"content":{"rendered":"","protected":false},"excerpt":{"rendered":"","protected":false},"author":5,"featured_media":0,"parent":0,"menu_order":0,"comment_status":"closed","ping_status":"closed","template":"template-flexible.php","meta":{"_acf_changed":false,"footnotes":""},"class_list":["post-43821","page","type-page","status-publish","hentry"],"acf":[],"yoast_head":"<!-- This site is optimized with the Yoast SEO plugin v27.5 - https:\/\/yoast.com\/product\/yoast-seo-wordpress\/ -->\n<title>A plataforma: Servi\u00e7os para Empresas de IT | JOTELULU<\/title>\n<meta name=\"description\" content=\"Jotelulu, a plataforma que facilita a venda de servi\u00e7os cloud. Focados em ajudar as Empresas de IT a vender servi\u00e7os cloud.\" \/>\n<meta name=\"robots\" content=\"index, follow, max-snippet:-1, max-image-preview:large, max-video-preview:-1\" \/>\n<link rel=\"canonical\" href=\"https:\/\/jotelulu.com\/pt-pt\/plataforma\/\" \/>\n<meta property=\"og:locale\" content=\"pt_PT\" \/>\n<meta property=\"og:type\" content=\"article\" \/>\n<meta property=\"og:title\" content=\"A plataforma: Servi\u00e7os para Empresas de IT | JOTELULU\" \/>\n<meta property=\"og:description\" content=\"Jotelulu, a plataforma que facilita a venda de servi\u00e7os cloud. Focados em ajudar as Empresas de IT a vender servi\u00e7os cloud.\" \/>\n<meta property=\"og:url\" content=\"https:\/\/jotelulu.com\/pt-pt\/plataforma\/\" \/>\n<meta property=\"og:site_name\" content=\"Jotelulu\" \/>\n<meta property=\"article:modified_time\" content=\"2025-09-23T22:56:21+00:00\" \/>\n<meta name=\"twitter:card\" content=\"summary_large_image\" \/>\n<script type=\"application\/ld+json\" class=\"yoast-schema-graph\">{\"@context\":\"https:\\\/\\\/schema.org\",\"@graph\":[{\"@type\":\"WebPage\",\"@id\":\"https:\\\/\\\/jotelulu.com\\\/pt-pt\\\/plataforma\\\/\",\"url\":\"https:\\\/\\\/jotelulu.com\\\/pt-pt\\\/plataforma\\\/\",\"name\":\"A plataforma: Servi\u00e7os para Empresas de IT | JOTELULU\",\"isPartOf\":{\"@id\":\"https:\\\/\\\/jotelulu.com\\\/pt-pt\\\/#website\"},\"datePublished\":\"2024-05-14T10:00:09+00:00\",\"dateModified\":\"2025-09-23T22:56:21+00:00\",\"description\":\"Jotelulu, a plataforma que facilita a venda de servi\u00e7os cloud. Focados em ajudar as Empresas de IT a vender servi\u00e7os cloud.\",\"breadcrumb\":{\"@id\":\"https:\\\/\\\/jotelulu.com\\\/pt-pt\\\/plataforma\\\/#breadcrumb\"},\"inLanguage\":\"pt-PT\",\"potentialAction\":[{\"@type\":\"ReadAction\",\"target\":[\"https:\\\/\\\/jotelulu.com\\\/pt-pt\\\/plataforma\\\/\"]}]},{\"@type\":\"BreadcrumbList\",\"@id\":\"https:\\\/\\\/jotelulu.com\\\/pt-pt\\\/plataforma\\\/#breadcrumb\",\"itemListElement\":[{\"@type\":\"ListItem\",\"position\":1,\"name\":\"Portada\",\"item\":\"https:\\\/\\\/jotelulu.com\\\/pt-pt\\\/\"},{\"@type\":\"ListItem\",\"position\":2,\"name\":\"Plataforma\"}]},{\"@type\":\"WebSite\",\"@id\":\"https:\\\/\\\/jotelulu.com\\\/pt-pt\\\/#website\",\"url\":\"https:\\\/\\\/jotelulu.com\\\/pt-pt\\\/\",\"name\":\"Jotelulu\",\"description\":\"Cloud Paradise for Tech Companies\",\"potentialAction\":[{\"@type\":\"SearchAction\",\"target\":{\"@type\":\"EntryPoint\",\"urlTemplate\":\"https:\\\/\\\/jotelulu.com\\\/pt-pt\\\/?s={search_term_string}\"},\"query-input\":{\"@type\":\"PropertyValueSpecification\",\"valueRequired\":true,\"valueName\":\"search_term_string\"}}],\"inLanguage\":\"pt-PT\"}]}<\/script>\n<!-- \/ Yoast SEO plugin. -->","yoast_head_json":{"title":"A plataforma: Servi\u00e7os para Empresas de IT | JOTELULU","description":"Jotelulu, a plataforma que facilita a venda de servi\u00e7os cloud. Focados em ajudar as Empresas de IT a vender servi\u00e7os cloud.","robots":{"index":"index","follow":"follow","max-snippet":"max-snippet:-1","max-image-preview":"max-image-preview:large","max-video-preview":"max-video-preview:-1"},"canonical":"https:\/\/jotelulu.com\/pt-pt\/plataforma\/","og_locale":"pt_PT","og_type":"article","og_title":"A plataforma: Servi\u00e7os para Empresas de IT | JOTELULU","og_description":"Jotelulu, a plataforma que facilita a venda de servi\u00e7os cloud. Focados em ajudar as Empresas de IT a vender servi\u00e7os cloud.","og_url":"https:\/\/jotelulu.com\/pt-pt\/plataforma\/","og_site_name":"Jotelulu","article_modified_time":"2025-09-23T22:56:21+00:00","twitter_card":"summary_large_image","schema":{"@context":"https:\/\/schema.org","@graph":[{"@type":"WebPage","@id":"https:\/\/jotelulu.com\/pt-pt\/plataforma\/","url":"https:\/\/jotelulu.com\/pt-pt\/plataforma\/","name":"A plataforma: Servi\u00e7os para Empresas de IT | JOTELULU","isPartOf":{"@id":"https:\/\/jotelulu.com\/pt-pt\/#website"},"datePublished":"2024-05-14T10:00:09+00:00","dateModified":"2025-09-23T22:56:21+00:00","description":"Jotelulu, a plataforma que facilita a venda de servi\u00e7os cloud. Focados em ajudar as Empresas de IT a vender servi\u00e7os cloud.","breadcrumb":{"@id":"https:\/\/jotelulu.com\/pt-pt\/plataforma\/#breadcrumb"},"inLanguage":"pt-PT","potentialAction":[{"@type":"ReadAction","target":["https:\/\/jotelulu.com\/pt-pt\/plataforma\/"]}]},{"@type":"BreadcrumbList","@id":"https:\/\/jotelulu.com\/pt-pt\/plataforma\/#breadcrumb","itemListElement":[{"@type":"ListItem","position":1,"name":"Portada","item":"https:\/\/jotelulu.com\/pt-pt\/"},{"@type":"ListItem","position":2,"name":"Plataforma"}]},{"@type":"WebSite","@id":"https:\/\/jotelulu.com\/pt-pt\/#website","url":"https:\/\/jotelulu.com\/pt-pt\/","name":"Jotelulu","description":"Cloud Paradise for Tech Companies","potentialAction":[{"@type":"SearchAction","target":{"@type":"EntryPoint","urlTemplate":"https:\/\/jotelulu.com\/pt-pt\/?s={search_term_string}"},"query-input":{"@type":"PropertyValueSpecification","valueRequired":true,"valueName":"search_term_string"}}],"inLanguage":"pt-PT"}]}},"_links":{"self":[{"href":"https:\/\/jotelulu.com\/pt-pt\/wp-json\/wp\/v2\/pages\/43821","targetHints":{"allow":["GET"]}}],"collection":[{"href":"https:\/\/jotelulu.com\/pt-pt\/wp-json\/wp\/v2\/pages"}],"about":[{"href":"https:\/\/jotelulu.com\/pt-pt\/wp-json\/wp\/v2\/types\/page"}],"author":[{"embeddable":true,"href":"https:\/\/jotelulu.com\/pt-pt\/wp-json\/wp\/v2\/users\/5"}],"replies":[{"embeddable":true,"href":"https:\/\/jotelulu.com\/pt-pt\/wp-json\/wp\/v2\/comments?post=43821"}],"version-history":[{"count":3,"href":"https:\/\/jotelulu.com\/pt-pt\/wp-json\/wp\/v2\/pages\/43821\/revisions"}],"predecessor-version":[{"id":72523,"href":"https:\/\/jotelulu.com\/pt-pt\/wp-json\/wp\/v2\/pages\/43821\/revisions\/72523"}],"wp:attachment":[{"href":"https:\/\/jotelulu.com\/pt-pt\/wp-json\/wp\/v2\/media?parent=43821"}],"curies":[{"name":"wp","href":"https:\/\/api.w.org\/{rel}","templated":true}]}}