{"id":43786,"date":"2024-09-10T10:39:22","date_gmt":"2024-09-10T08:39:22","guid":{"rendered":"https:\/\/jotelulu.com\/contacto\/"},"modified":"2025-11-19T11:19:51","modified_gmt":"2025-11-19T10:19:51","slug":"contacto","status":"publish","type":"page","link":"https:\/\/jotelulu.com\/pt-pt\/contacto\/","title":{"rendered":"Contacto"},"content":{"rendered":"","protected":false},"excerpt":{"rendered":"","protected":false},"author":5,"featured_media":0,"parent":0,"menu_order":0,"comment_status":"closed","ping_status":"closed","template":"template-flexible.php","meta":{"_acf_changed":false,"footnotes":""},"class_list":["post-43786","page","type-page","status-publish","hentry"],"acf":[],"yoast_head":"<!-- This site is optimized with the Yoast SEO plugin v27.5 - https:\/\/yoast.com\/product\/yoast-seo-wordpress\/ -->\n<title>Contacto | JOTELULU<\/title>\n<meta name=\"description\" content=\"Entre em contacto com a nossa equipa t\u00e9cnica ou de vendas atrav\u00e9s do formul\u00e1rio ou abrindo um ticket na plataforma.\" \/>\n<meta name=\"robots\" content=\"index, follow, max-snippet:-1, max-image-preview:large, max-video-preview:-1\" \/>\n<link rel=\"canonical\" href=\"https:\/\/jotelulu.com\/pt-pt\/contacto\/\" \/>\n<meta property=\"og:locale\" content=\"pt_PT\" \/>\n<meta property=\"og:type\" content=\"article\" \/>\n<meta property=\"og:title\" content=\"Contacto | JOTELULU\" \/>\n<meta property=\"og:description\" content=\"Entre em contacto com a nossa equipa t\u00e9cnica ou de vendas atrav\u00e9s do formul\u00e1rio ou abrindo um ticket na plataforma.\" \/>\n<meta property=\"og:url\" content=\"https:\/\/jotelulu.com\/pt-pt\/contacto\/\" \/>\n<meta property=\"og:site_name\" content=\"Jotelulu\" \/>\n<meta property=\"article:modified_time\" content=\"2025-11-19T10:19:51+00:00\" \/>\n<meta name=\"twitter:card\" content=\"summary_large_image\" \/>\n<script type=\"application\/ld+json\" class=\"yoast-schema-graph\">{\"@context\":\"https:\\\/\\\/schema.org\",\"@graph\":[{\"@type\":\"WebPage\",\"@id\":\"https:\\\/\\\/jotelulu.com\\\/pt-pt\\\/contacto\\\/\",\"url\":\"https:\\\/\\\/jotelulu.com\\\/pt-pt\\\/contacto\\\/\",\"name\":\"Contacto | JOTELULU\",\"isPartOf\":{\"@id\":\"https:\\\/\\\/jotelulu.com\\\/pt-pt\\\/#website\"},\"datePublished\":\"2024-09-10T08:39:22+00:00\",\"dateModified\":\"2025-11-19T10:19:51+00:00\",\"description\":\"Entre em contacto com a nossa equipa t\u00e9cnica ou de vendas atrav\u00e9s do formul\u00e1rio ou abrindo um ticket na plataforma.\",\"breadcrumb\":{\"@id\":\"https:\\\/\\\/jotelulu.com\\\/pt-pt\\\/contacto\\\/#breadcrumb\"},\"inLanguage\":\"pt-PT\",\"potentialAction\":[{\"@type\":\"ReadAction\",\"target\":[\"https:\\\/\\\/jotelulu.com\\\/pt-pt\\\/contacto\\\/\"]}]},{\"@type\":\"BreadcrumbList\",\"@id\":\"https:\\\/\\\/jotelulu.com\\\/pt-pt\\\/contacto\\\/#breadcrumb\",\"itemListElement\":[{\"@type\":\"ListItem\",\"position\":1,\"name\":\"Portada\",\"item\":\"https:\\\/\\\/jotelulu.com\\\/pt-pt\\\/\"},{\"@type\":\"ListItem\",\"position\":2,\"name\":\"Contacto\"}]},{\"@type\":\"WebSite\",\"@id\":\"https:\\\/\\\/jotelulu.com\\\/pt-pt\\\/#website\",\"url\":\"https:\\\/\\\/jotelulu.com\\\/pt-pt\\\/\",\"name\":\"Jotelulu\",\"description\":\"Cloud Paradise for Tech Companies\",\"potentialAction\":[{\"@type\":\"SearchAction\",\"target\":{\"@type\":\"EntryPoint\",\"urlTemplate\":\"https:\\\/\\\/jotelulu.com\\\/pt-pt\\\/?s={search_term_string}\"},\"query-input\":{\"@type\":\"PropertyValueSpecification\",\"valueRequired\":true,\"valueName\":\"search_term_string\"}}],\"inLanguage\":\"pt-PT\"}]}<\/script>\n<!-- \/ Yoast SEO plugin. -->","yoast_head_json":{"title":"Contacto | JOTELULU","description":"Entre em contacto com a nossa equipa t\u00e9cnica ou de vendas atrav\u00e9s do formul\u00e1rio ou abrindo um ticket na plataforma.","robots":{"index":"index","follow":"follow","max-snippet":"max-snippet:-1","max-image-preview":"max-image-preview:large","max-video-preview":"max-video-preview:-1"},"canonical":"https:\/\/jotelulu.com\/pt-pt\/contacto\/","og_locale":"pt_PT","og_type":"article","og_title":"Contacto | JOTELULU","og_description":"Entre em contacto com a nossa equipa t\u00e9cnica ou de vendas atrav\u00e9s do formul\u00e1rio ou abrindo um ticket na plataforma.","og_url":"https:\/\/jotelulu.com\/pt-pt\/contacto\/","og_site_name":"Jotelulu","article_modified_time":"2025-11-19T10:19:51+00:00","twitter_card":"summary_large_image","schema":{"@context":"https:\/\/schema.org","@graph":[{"@type":"WebPage","@id":"https:\/\/jotelulu.com\/pt-pt\/contacto\/","url":"https:\/\/jotelulu.com\/pt-pt\/contacto\/","name":"Contacto | JOTELULU","isPartOf":{"@id":"https:\/\/jotelulu.com\/pt-pt\/#website"},"datePublished":"2024-09-10T08:39:22+00:00","dateModified":"2025-11-19T10:19:51+00:00","description":"Entre em contacto com a nossa equipa t\u00e9cnica ou de vendas atrav\u00e9s do formul\u00e1rio ou abrindo um ticket na plataforma.","breadcrumb":{"@id":"https:\/\/jotelulu.com\/pt-pt\/contacto\/#breadcrumb"},"inLanguage":"pt-PT","potentialAction":[{"@type":"ReadAction","target":["https:\/\/jotelulu.com\/pt-pt\/contacto\/"]}]},{"@type":"BreadcrumbList","@id":"https:\/\/jotelulu.com\/pt-pt\/contacto\/#breadcrumb","itemListElement":[{"@type":"ListItem","position":1,"name":"Portada","item":"https:\/\/jotelulu.com\/pt-pt\/"},{"@type":"ListItem","position":2,"name":"Contacto"}]},{"@type":"WebSite","@id":"https:\/\/jotelulu.com\/pt-pt\/#website","url":"https:\/\/jotelulu.com\/pt-pt\/","name":"Jotelulu","description":"Cloud Paradise for Tech Companies","potentialAction":[{"@type":"SearchAction","target":{"@type":"EntryPoint","urlTemplate":"https:\/\/jotelulu.com\/pt-pt\/?s={search_term_string}"},"query-input":{"@type":"PropertyValueSpecification","valueRequired":true,"valueName":"search_term_string"}}],"inLanguage":"pt-PT"}]}},"_links":{"self":[{"href":"https:\/\/jotelulu.com\/pt-pt\/wp-json\/wp\/v2\/pages\/43786","targetHints":{"allow":["GET"]}}],"collection":[{"href":"https:\/\/jotelulu.com\/pt-pt\/wp-json\/wp\/v2\/pages"}],"about":[{"href":"https:\/\/jotelulu.com\/pt-pt\/wp-json\/wp\/v2\/types\/page"}],"author":[{"embeddable":true,"href":"https:\/\/jotelulu.com\/pt-pt\/wp-json\/wp\/v2\/users\/5"}],"replies":[{"embeddable":true,"href":"https:\/\/jotelulu.com\/pt-pt\/wp-json\/wp\/v2\/comments?post=43786"}],"version-history":[{"count":10,"href":"https:\/\/jotelulu.com\/pt-pt\/wp-json\/wp\/v2\/pages\/43786\/revisions"}],"predecessor-version":[{"id":76606,"href":"https:\/\/jotelulu.com\/pt-pt\/wp-json\/wp\/v2\/pages\/43786\/revisions\/76606"}],"wp:attachment":[{"href":"https:\/\/jotelulu.com\/pt-pt\/wp-json\/wp\/v2\/media?parent=43786"}],"curies":[{"name":"wp","href":"https:\/\/api.w.org\/{rel}","templated":true}]}}