{"id":43671,"date":"2024-10-18T13:29:17","date_gmt":"2024-10-18T11:29:17","guid":{"rendered":"https:\/\/jotelulu.com\/politica-de-modificacion-de-precios\/"},"modified":"2025-02-26T16:20:21","modified_gmt":"2025-02-26T15:20:21","slug":"politica-de-modificacao-de-precos","status":"publish","type":"page","link":"https:\/\/jotelulu.com\/pt-pt\/politica-de-modificacao-de-precos\/","title":{"rendered":"Pol\u00edtica de Modifica\u00e7\u00e3o de Pre\u00e7os"},"content":{"rendered":"<ol start=\"1\">\n<li id=\"productos\"><span style=\"font-weight: 400;\"> Modifica\u00e7\u00e3o de tarifas sobre servi\u00e7os cloud da Jotelulu<\/span><\/li>\n<\/ol>\n<p>Na Jotelulu foi estabelecida uma pol\u00edtica de modifica\u00e7\u00e3o de pre\u00e7os para situa\u00e7\u00f5es em que seja necess\u00e1rio alterar as tarifas definidas. Os tr\u00eas pontos fundamentais a destacar s\u00e3o:<\/p>\n<ul>\n<li><strong>Uma altera\u00e7\u00e3o por ano.<\/strong>\u00a0Em caso de altera\u00e7\u00e3o, a modifica\u00e7\u00e3o das tarifas ser\u00e1 realizada, no m\u00e1ximo, uma vez por ano.<\/li>\n<li><strong>Aviso com 2 meses de anteced\u00eancia.<\/strong>\u00a0Em caso de altera\u00e7\u00e3o, procuraremos comunicar as tarifas a modificar com 2 meses de anteced\u00eancia.<\/li>\n<li><strong>Informa\u00e7\u00e3o por e-mail.<\/strong>\u00a0Na Jotelulu, comprometemo-nos a contactar por e-mail o contacto principal e o contacto de fatura\u00e7\u00e3o registados na plataforma.<\/li>\n<\/ul>\n<ol start=\"2\">\n<li id=\"licencias\"><span style=\"font-weight: 400;\"> Modifica\u00e7\u00e3o de tarifas em licen\u00e7as de software de terceiros<\/span><\/li>\n<\/ol>\n<p>Atrav\u00e9s do Marketplace da Jotelulu, \u00e9 poss\u00edvel contratar licen\u00e7as de software de outras organiza\u00e7\u00f5es distintas da Jotelulu. Nesse caso, estamos sujeitos \u00e0s condi\u00e7\u00f5es ou pol\u00edticas de pre\u00e7os de cada fabricante e, portanto, qualquer varia\u00e7\u00e3o de pre\u00e7os associada a esse software ser\u00e1 aplicada com aviso pr\u00e9vio.<\/p>\n<ol start=\"3\">\n<li id=\"pago\"><span style=\"font-weight: 400;\">  Condi\u00e7\u00f5es gerais de pagamento<\/span><\/li>\n<\/ol>\n<p>Como abordamos o\u00a0<em>pricing<\/em>\u00a0e as condi\u00e7\u00f5es de pagamento na Jotelulu? Porqu\u00ea? Desde o in\u00edcio, a ideia sempre foi a mesma: facilitar a venda e a gest\u00e3o de servi\u00e7os cloud a qualquer empresa de IT. Ao planear tudo, consider\u00e1mos pouco funcionais algumas pr\u00e1ticas do setor e decidimos reformular as nossas condi\u00e7\u00f5es de pre\u00e7os e pagamento, que s\u00e3o ligeiramente diferentes das de outros fornecedores de servi\u00e7os cloud.<\/p>\n<ul>\n<li><strong>Pay as you go.<\/strong>\u00a0 Estar registado na plataforma n\u00e3o implica qualquer custo. O custo est\u00e1 exclusivamente associado ao provisionamento de servi\u00e7os cloud, seja na organiza\u00e7\u00e3o parceira ou na organiza\u00e7\u00e3o cliente.<\/li>\n<li><strong>Sem compromisso*.<\/strong>\u00a0Todos os servi\u00e7os cloud provisionados s\u00e3o faturados por horas, e, portanto, qualquer cancelamento ter\u00e1 um efeito imediato no servi\u00e7o e na respetiva fatura\u00e7\u00e3o.<\/li>\n<li><strong>Um pre\u00e7o sem varia\u00e7\u00f5es.<\/strong>\u00a0Os pre\u00e7os n\u00e3o variam de m\u00eas para m\u00eas como acontece noutros fornecedores. Na Jotelulu, n\u00e3o existem conceitos ou itens (conetividade, largura de banda\u2026) que variem em fun\u00e7\u00e3o do consumo, pelo que n\u00e3o haver\u00e1 surpresas no final do m\u00eas.<\/li>\n<li><strong>Pagamento a m\u00eas vencido\u00a0<\/strong>Proteja o seu cash flow e evite tens\u00f5es de tesouraria associadas ao intervalo entre o pagamento do servi\u00e7o, a emiss\u00e3o de faturas e o recebimento.<\/li>\n<li><strong>S\u00f3 trabalhamos com o canal.<\/strong>\u00a0\u00a0N\u00e3o queremos ser a sua concorr\u00eancia. Acreditamos que a \u00fanica maneira de digitalizar e migrar para a cloud as PME \u00e9 atrav\u00e9s de empresas de IT como a sua. Por isso, o nosso objetivo \u00e9 torn\u00e1-las realmente competitivas, oferecer os melhores pre\u00e7os e apoiar em tudo o que for poss\u00edvel.<\/li>\n<li><strong>7 dias gr\u00e1tis para qualquer nova subscri\u00e7\u00e3o.\u00a0<\/strong>Porque sabemos que os nossos parceiros precisam de alguns dias para configurar e otimizar o ambiente antes da entrega ao cliente final, e acreditamos que, desta forma, podemos ajudar.<\/li>\n<li><strong>B\u00f3nus\u00a0atrav\u00e9s do\u00a0<a href=\"https:\/\/jotelulu.com\/pt-pt\/programa-de-incentivos\/\" target=\"_blank\" rel=\"noopener\">programa de incentivos<\/a>\u00a0e do <a href=\"https:\/\/jotelulu.com\/pt-pt\/crescimento\/\" target=\"_blank\" rel=\"noopener\"><span style=\"color: #f03070;\">programa de crescimento<\/span><\/a>.\u00a0<\/strong>Propomos um plano de incentivos para agradecer e recompensar todos os parceiros que confiam em n\u00f3s. <\/li>\n<\/ul>\n","protected":false},"excerpt":{"rendered":"<p>Modifica\u00e7\u00e3o de tarifas sobre servi\u00e7os cloud da Jotelulu Na Jotelulu foi estabelecida uma pol\u00edtica de modifica\u00e7\u00e3o de pre\u00e7os para situa\u00e7\u00f5es em que seja necess\u00e1rio alterar as tarifas definidas. Os tr\u00eas pontos fundamentais a destacar s\u00e3o: Uma altera\u00e7\u00e3o por ano.\u00a0Em caso de altera\u00e7\u00e3o, a modifica\u00e7\u00e3o das tarifas ser\u00e1 realizada, no m\u00e1ximo, uma vez por ano. Aviso [&hellip;]<\/p>\n","protected":false},"author":3,"featured_media":0,"parent":0,"menu_order":0,"comment_status":"closed","ping_status":"closed","template":"","meta":{"_acf_changed":false,"footnotes":""},"class_list":["post-43671","page","type-page","status-publish","hentry"],"acf":[],"yoast_head":"<!-- This site is optimized with the Yoast SEO plugin v27.4 - https:\/\/yoast.com\/product\/yoast-seo-wordpress\/ -->\n<title>Pol\u00edtica de Modifica\u00e7\u00e3o de Pre\u00e7os - Jotelulu<\/title>\n<meta name=\"robots\" content=\"noindex, nofollow\" \/>\n<meta property=\"og:locale\" content=\"pt_PT\" \/>\n<meta property=\"og:type\" content=\"article\" \/>\n<meta property=\"og:title\" content=\"Pol\u00edtica de Modifica\u00e7\u00e3o de Pre\u00e7os - Jotelulu\" \/>\n<meta property=\"og:description\" content=\"Modifica\u00e7\u00e3o de tarifas sobre servi\u00e7os cloud da Jotelulu Na Jotelulu foi estabelecida uma pol\u00edtica de modifica\u00e7\u00e3o de pre\u00e7os para situa\u00e7\u00f5es em que seja necess\u00e1rio alterar as tarifas definidas. Os tr\u00eas pontos fundamentais a destacar s\u00e3o: Uma altera\u00e7\u00e3o por ano.\u00a0Em caso de altera\u00e7\u00e3o, a modifica\u00e7\u00e3o das tarifas ser\u00e1 realizada, no m\u00e1ximo, uma vez por ano. Aviso [&hellip;]\" \/>\n<meta property=\"og:url\" content=\"https:\/\/jotelulu.com\/pt-pt\/politica-de-modificacao-de-precos\/\" \/>\n<meta property=\"og:site_name\" content=\"Jotelulu\" \/>\n<meta property=\"article:modified_time\" content=\"2025-02-26T15:20:21+00:00\" \/>\n<meta name=\"twitter:card\" content=\"summary_large_image\" \/>\n<meta name=\"twitter:label1\" content=\"Tempo estimado de leitura\" \/>\n\t<meta name=\"twitter:data1\" content=\"3 minutos\" \/>\n<script type=\"application\/ld+json\" class=\"yoast-schema-graph\">{\"@context\":\"https:\\\/\\\/schema.org\",\"@graph\":[{\"@type\":\"WebPage\",\"@id\":\"https:\\\/\\\/jotelulu.com\\\/pt-pt\\\/politica-de-modificacao-de-precos\\\/\",\"url\":\"https:\\\/\\\/jotelulu.com\\\/pt-pt\\\/politica-de-modificacao-de-precos\\\/\",\"name\":\"Pol\u00edtica de Modifica\u00e7\u00e3o de Pre\u00e7os - Jotelulu\",\"isPartOf\":{\"@id\":\"https:\\\/\\\/jotelulu.com\\\/pt-pt\\\/#website\"},\"datePublished\":\"2024-10-18T11:29:17+00:00\",\"dateModified\":\"2025-02-26T15:20:21+00:00\",\"breadcrumb\":{\"@id\":\"https:\\\/\\\/jotelulu.com\\\/pt-pt\\\/politica-de-modificacao-de-precos\\\/#breadcrumb\"},\"inLanguage\":\"pt-PT\",\"potentialAction\":[{\"@type\":\"ReadAction\",\"target\":[\"https:\\\/\\\/jotelulu.com\\\/pt-pt\\\/politica-de-modificacao-de-precos\\\/\"]}]},{\"@type\":\"BreadcrumbList\",\"@id\":\"https:\\\/\\\/jotelulu.com\\\/pt-pt\\\/politica-de-modificacao-de-precos\\\/#breadcrumb\",\"itemListElement\":[{\"@type\":\"ListItem\",\"position\":1,\"name\":\"Portada\",\"item\":\"https:\\\/\\\/jotelulu.com\\\/pt-pt\\\/\"},{\"@type\":\"ListItem\",\"position\":2,\"name\":\"Pol\u00edtica de Modifica\u00e7\u00e3o de Pre\u00e7os\"}]},{\"@type\":\"WebSite\",\"@id\":\"https:\\\/\\\/jotelulu.com\\\/pt-pt\\\/#website\",\"url\":\"https:\\\/\\\/jotelulu.com\\\/pt-pt\\\/\",\"name\":\"Jotelulu\",\"description\":\"Cloud Paradise for Tech Companies\",\"potentialAction\":[{\"@type\":\"SearchAction\",\"target\":{\"@type\":\"EntryPoint\",\"urlTemplate\":\"https:\\\/\\\/jotelulu.com\\\/pt-pt\\\/?s={search_term_string}\"},\"query-input\":{\"@type\":\"PropertyValueSpecification\",\"valueRequired\":true,\"valueName\":\"search_term_string\"}}],\"inLanguage\":\"pt-PT\"}]}<\/script>\n<!-- \/ Yoast SEO plugin. -->","yoast_head_json":{"title":"Pol\u00edtica de Modifica\u00e7\u00e3o de Pre\u00e7os - Jotelulu","robots":{"index":"noindex","follow":"nofollow"},"og_locale":"pt_PT","og_type":"article","og_title":"Pol\u00edtica de Modifica\u00e7\u00e3o de Pre\u00e7os - Jotelulu","og_description":"Modifica\u00e7\u00e3o de tarifas sobre servi\u00e7os cloud da Jotelulu Na Jotelulu foi estabelecida uma pol\u00edtica de modifica\u00e7\u00e3o de pre\u00e7os para situa\u00e7\u00f5es em que seja necess\u00e1rio alterar as tarifas definidas. Os tr\u00eas pontos fundamentais a destacar s\u00e3o: Uma altera\u00e7\u00e3o por ano.\u00a0Em caso de altera\u00e7\u00e3o, a modifica\u00e7\u00e3o das tarifas ser\u00e1 realizada, no m\u00e1ximo, uma vez por ano. Aviso [&hellip;]","og_url":"https:\/\/jotelulu.com\/pt-pt\/politica-de-modificacao-de-precos\/","og_site_name":"Jotelulu","article_modified_time":"2025-02-26T15:20:21+00:00","twitter_card":"summary_large_image","twitter_misc":{"Tempo estimado de leitura":"3 minutos"},"schema":{"@context":"https:\/\/schema.org","@graph":[{"@type":"WebPage","@id":"https:\/\/jotelulu.com\/pt-pt\/politica-de-modificacao-de-precos\/","url":"https:\/\/jotelulu.com\/pt-pt\/politica-de-modificacao-de-precos\/","name":"Pol\u00edtica de Modifica\u00e7\u00e3o de Pre\u00e7os - Jotelulu","isPartOf":{"@id":"https:\/\/jotelulu.com\/pt-pt\/#website"},"datePublished":"2024-10-18T11:29:17+00:00","dateModified":"2025-02-26T15:20:21+00:00","breadcrumb":{"@id":"https:\/\/jotelulu.com\/pt-pt\/politica-de-modificacao-de-precos\/#breadcrumb"},"inLanguage":"pt-PT","potentialAction":[{"@type":"ReadAction","target":["https:\/\/jotelulu.com\/pt-pt\/politica-de-modificacao-de-precos\/"]}]},{"@type":"BreadcrumbList","@id":"https:\/\/jotelulu.com\/pt-pt\/politica-de-modificacao-de-precos\/#breadcrumb","itemListElement":[{"@type":"ListItem","position":1,"name":"Portada","item":"https:\/\/jotelulu.com\/pt-pt\/"},{"@type":"ListItem","position":2,"name":"Pol\u00edtica de Modifica\u00e7\u00e3o de Pre\u00e7os"}]},{"@type":"WebSite","@id":"https:\/\/jotelulu.com\/pt-pt\/#website","url":"https:\/\/jotelulu.com\/pt-pt\/","name":"Jotelulu","description":"Cloud Paradise for Tech Companies","potentialAction":[{"@type":"SearchAction","target":{"@type":"EntryPoint","urlTemplate":"https:\/\/jotelulu.com\/pt-pt\/?s={search_term_string}"},"query-input":{"@type":"PropertyValueSpecification","valueRequired":true,"valueName":"search_term_string"}}],"inLanguage":"pt-PT"}]}},"_links":{"self":[{"href":"https:\/\/jotelulu.com\/pt-pt\/wp-json\/wp\/v2\/pages\/43671","targetHints":{"allow":["GET"]}}],"collection":[{"href":"https:\/\/jotelulu.com\/pt-pt\/wp-json\/wp\/v2\/pages"}],"about":[{"href":"https:\/\/jotelulu.com\/pt-pt\/wp-json\/wp\/v2\/types\/page"}],"author":[{"embeddable":true,"href":"https:\/\/jotelulu.com\/pt-pt\/wp-json\/wp\/v2\/users\/3"}],"replies":[{"embeddable":true,"href":"https:\/\/jotelulu.com\/pt-pt\/wp-json\/wp\/v2\/comments?post=43671"}],"version-history":[{"count":2,"href":"https:\/\/jotelulu.com\/pt-pt\/wp-json\/wp\/v2\/pages\/43671\/revisions"}],"predecessor-version":[{"id":47580,"href":"https:\/\/jotelulu.com\/pt-pt\/wp-json\/wp\/v2\/pages\/43671\/revisions\/47580"}],"wp:attachment":[{"href":"https:\/\/jotelulu.com\/pt-pt\/wp-json\/wp\/v2\/media?parent=43671"}],"curies":[{"name":"wp","href":"https:\/\/api.w.org\/{rel}","templated":true}]}}