{"id":43668,"date":"2024-11-07T11:09:23","date_gmt":"2024-11-07T10:09:23","guid":{"rendered":"https:\/\/jotelulu.com\/infraestructura-seguridad\/"},"modified":"2026-01-28T11:10:16","modified_gmt":"2026-01-28T10:10:16","slug":"infraestrutura-e-seguranca","status":"publish","type":"page","link":"https:\/\/jotelulu.com\/pt-pt\/infraestrutura-e-seguranca\/","title":{"rendered":"Infraestrutura e Seguran\u00e7a"},"content":{"rendered":"","protected":false},"excerpt":{"rendered":"","protected":false},"author":3,"featured_media":0,"parent":0,"menu_order":0,"comment_status":"closed","ping_status":"closed","template":"template-flexible.php","meta":{"_acf_changed":false,"footnotes":""},"class_list":["post-43668","page","type-page","status-publish","hentry"],"acf":[],"yoast_head":"<!-- This site is optimized with the Yoast SEO plugin v27.4 - https:\/\/yoast.com\/product\/yoast-seo-wordpress\/ -->\n<title>Infraestrutura e Seguran\u00e7a | JOTELULU<\/title>\n<meta name=\"description\" content=\"Assim \u00e9 a infraestrutura da JOTELULU, concebida para garantir a seguran\u00e7a dos nossos parceiros e dos seus clientes em todos os momentos\" \/>\n<meta name=\"robots\" content=\"index, follow, max-snippet:-1, max-image-preview:large, max-video-preview:-1\" \/>\n<link rel=\"canonical\" href=\"https:\/\/jotelulu.com\/pt-pt\/infraestrutura-e-seguranca\/\" \/>\n<meta property=\"og:locale\" content=\"pt_PT\" \/>\n<meta property=\"og:type\" content=\"article\" \/>\n<meta property=\"og:title\" content=\"Infraestrutura e Seguran\u00e7a | JOTELULU\" \/>\n<meta property=\"og:description\" content=\"Assim \u00e9 a infraestrutura da JOTELULU, concebida para garantir a seguran\u00e7a dos nossos parceiros e dos seus clientes em todos os momentos\" \/>\n<meta property=\"og:url\" content=\"https:\/\/jotelulu.com\/pt-pt\/infraestrutura-e-seguranca\/\" \/>\n<meta property=\"og:site_name\" content=\"Jotelulu\" \/>\n<meta property=\"article:modified_time\" content=\"2026-01-28T10:10:16+00:00\" \/>\n<meta name=\"twitter:card\" content=\"summary_large_image\" \/>\n<script type=\"application\/ld+json\" class=\"yoast-schema-graph\">{\"@context\":\"https:\\\/\\\/schema.org\",\"@graph\":[{\"@type\":\"WebPage\",\"@id\":\"https:\\\/\\\/jotelulu.com\\\/pt-pt\\\/infraestrutura-e-seguranca\\\/\",\"url\":\"https:\\\/\\\/jotelulu.com\\\/pt-pt\\\/infraestrutura-e-seguranca\\\/\",\"name\":\"Infraestrutura e Seguran\u00e7a | JOTELULU\",\"isPartOf\":{\"@id\":\"https:\\\/\\\/jotelulu.com\\\/pt-pt\\\/#website\"},\"datePublished\":\"2024-11-07T10:09:23+00:00\",\"dateModified\":\"2026-01-28T10:10:16+00:00\",\"description\":\"Assim \u00e9 a infraestrutura da JOTELULU, concebida para garantir a seguran\u00e7a dos nossos parceiros e dos seus clientes em todos os momentos\",\"breadcrumb\":{\"@id\":\"https:\\\/\\\/jotelulu.com\\\/pt-pt\\\/infraestrutura-e-seguranca\\\/#breadcrumb\"},\"inLanguage\":\"pt-PT\",\"potentialAction\":[{\"@type\":\"ReadAction\",\"target\":[\"https:\\\/\\\/jotelulu.com\\\/pt-pt\\\/infraestrutura-e-seguranca\\\/\"]}]},{\"@type\":\"BreadcrumbList\",\"@id\":\"https:\\\/\\\/jotelulu.com\\\/pt-pt\\\/infraestrutura-e-seguranca\\\/#breadcrumb\",\"itemListElement\":[{\"@type\":\"ListItem\",\"position\":1,\"name\":\"Portada\",\"item\":\"https:\\\/\\\/jotelulu.com\\\/pt-pt\\\/\"},{\"@type\":\"ListItem\",\"position\":2,\"name\":\"Infraestrutura e Seguran\u00e7a\"}]},{\"@type\":\"WebSite\",\"@id\":\"https:\\\/\\\/jotelulu.com\\\/pt-pt\\\/#website\",\"url\":\"https:\\\/\\\/jotelulu.com\\\/pt-pt\\\/\",\"name\":\"Jotelulu\",\"description\":\"Cloud Paradise for Tech Companies\",\"potentialAction\":[{\"@type\":\"SearchAction\",\"target\":{\"@type\":\"EntryPoint\",\"urlTemplate\":\"https:\\\/\\\/jotelulu.com\\\/pt-pt\\\/?s={search_term_string}\"},\"query-input\":{\"@type\":\"PropertyValueSpecification\",\"valueRequired\":true,\"valueName\":\"search_term_string\"}}],\"inLanguage\":\"pt-PT\"}]}<\/script>\n<!-- \/ Yoast SEO plugin. -->","yoast_head_json":{"title":"Infraestrutura e Seguran\u00e7a | JOTELULU","description":"Assim \u00e9 a infraestrutura da JOTELULU, concebida para garantir a seguran\u00e7a dos nossos parceiros e dos seus clientes em todos os momentos","robots":{"index":"index","follow":"follow","max-snippet":"max-snippet:-1","max-image-preview":"max-image-preview:large","max-video-preview":"max-video-preview:-1"},"canonical":"https:\/\/jotelulu.com\/pt-pt\/infraestrutura-e-seguranca\/","og_locale":"pt_PT","og_type":"article","og_title":"Infraestrutura e Seguran\u00e7a | JOTELULU","og_description":"Assim \u00e9 a infraestrutura da JOTELULU, concebida para garantir a seguran\u00e7a dos nossos parceiros e dos seus clientes em todos os momentos","og_url":"https:\/\/jotelulu.com\/pt-pt\/infraestrutura-e-seguranca\/","og_site_name":"Jotelulu","article_modified_time":"2026-01-28T10:10:16+00:00","twitter_card":"summary_large_image","schema":{"@context":"https:\/\/schema.org","@graph":[{"@type":"WebPage","@id":"https:\/\/jotelulu.com\/pt-pt\/infraestrutura-e-seguranca\/","url":"https:\/\/jotelulu.com\/pt-pt\/infraestrutura-e-seguranca\/","name":"Infraestrutura e Seguran\u00e7a | JOTELULU","isPartOf":{"@id":"https:\/\/jotelulu.com\/pt-pt\/#website"},"datePublished":"2024-11-07T10:09:23+00:00","dateModified":"2026-01-28T10:10:16+00:00","description":"Assim \u00e9 a infraestrutura da JOTELULU, concebida para garantir a seguran\u00e7a dos nossos parceiros e dos seus clientes em todos os momentos","breadcrumb":{"@id":"https:\/\/jotelulu.com\/pt-pt\/infraestrutura-e-seguranca\/#breadcrumb"},"inLanguage":"pt-PT","potentialAction":[{"@type":"ReadAction","target":["https:\/\/jotelulu.com\/pt-pt\/infraestrutura-e-seguranca\/"]}]},{"@type":"BreadcrumbList","@id":"https:\/\/jotelulu.com\/pt-pt\/infraestrutura-e-seguranca\/#breadcrumb","itemListElement":[{"@type":"ListItem","position":1,"name":"Portada","item":"https:\/\/jotelulu.com\/pt-pt\/"},{"@type":"ListItem","position":2,"name":"Infraestrutura e Seguran\u00e7a"}]},{"@type":"WebSite","@id":"https:\/\/jotelulu.com\/pt-pt\/#website","url":"https:\/\/jotelulu.com\/pt-pt\/","name":"Jotelulu","description":"Cloud Paradise for Tech Companies","potentialAction":[{"@type":"SearchAction","target":{"@type":"EntryPoint","urlTemplate":"https:\/\/jotelulu.com\/pt-pt\/?s={search_term_string}"},"query-input":{"@type":"PropertyValueSpecification","valueRequired":true,"valueName":"search_term_string"}}],"inLanguage":"pt-PT"}]}},"_links":{"self":[{"href":"https:\/\/jotelulu.com\/pt-pt\/wp-json\/wp\/v2\/pages\/43668","targetHints":{"allow":["GET"]}}],"collection":[{"href":"https:\/\/jotelulu.com\/pt-pt\/wp-json\/wp\/v2\/pages"}],"about":[{"href":"https:\/\/jotelulu.com\/pt-pt\/wp-json\/wp\/v2\/types\/page"}],"author":[{"embeddable":true,"href":"https:\/\/jotelulu.com\/pt-pt\/wp-json\/wp\/v2\/users\/3"}],"replies":[{"embeddable":true,"href":"https:\/\/jotelulu.com\/pt-pt\/wp-json\/wp\/v2\/comments?post=43668"}],"version-history":[{"count":20,"href":"https:\/\/jotelulu.com\/pt-pt\/wp-json\/wp\/v2\/pages\/43668\/revisions"}],"predecessor-version":[{"id":77697,"href":"https:\/\/jotelulu.com\/pt-pt\/wp-json\/wp\/v2\/pages\/43668\/revisions\/77697"}],"wp:attachment":[{"href":"https:\/\/jotelulu.com\/pt-pt\/wp-json\/wp\/v2\/media?parent=43668"}],"curies":[{"name":"wp","href":"https:\/\/api.w.org\/{rel}","templated":true}]}}