{"id":43841,"date":"2024-05-06T16:16:37","date_gmt":"2024-05-06T14:16:37","guid":{"rendered":"https:\/\/jotelulu.com\/politica-de-privacidad\/"},"modified":"2025-11-17T22:21:48","modified_gmt":"2025-11-17T21:21:48","slug":"politique-de-confidentialite","status":"publish","type":"page","link":"https:\/\/jotelulu.com\/fr-fr\/politique-de-confidentialite\/","title":{"rendered":"Politique de Confidentialit\u00e9"},"content":{"rendered":"\n<p>Nous vous informons ci-dessous sur le traitement des donn\u00e9es personnelles effectu\u00e9 par Jotelulu. Avec cette politique de confidentialit\u00e9, nous nous engageons \u00e0 nous conformer au R\u00e8glement (UE) 2016\/679 du Parlement Europ\u00e9en et du Conseil, du 27 avril 2016, relatif \u00e0 la protection des personnes physiques \u00e0 l&#8217;\u00e9gard du traitement des donn\u00e9es personnelles et \u00e0 la libre circulation de ces donn\u00e9es, et abrogeant la directive 95\/46\/CE (ci-apr\u00e8s, le &#8220;R\u00e8glement G\u00e9n\u00e9ral sur la Protection des Donn\u00e9es&#8221; ou &#8220;RGPD&#8221;), ainsi qu&#8217;\u00e0 toute l\u00e9gislation en mati\u00e8re de protection des donn\u00e9es applicable dans les territoires o\u00f9 nous op\u00e9rons.<\/p>\n\n\n\n<p>Actuellement, JOTELULU traite les donn\u00e9es de diff\u00e9rentes mani\u00e8res selon les relations \u00e9tablies : prospects, clients ou partenaires, utilisateurs du site web, utilisateurs de notre plateforme de produits. Certains paragraphes peuvent vous concerner de mani\u00e8re g\u00e9n\u00e9rale, tandis que d&#8217;autres peuvent n\u00e9cessiter une consultation sp\u00e9cifique. Dans ce cas, vous n\u2019aurez qu\u2019\u00e0 vous r\u00e9f\u00e9rer \u00e0 la sous-section concern\u00e9e.<\/p>\n\n\n\n<div style=\"height:100px\" aria-hidden=\"true\" id=\"responsable-traitement\" class=\"wp-block-spacer\"><\/div>\n\n\n\n<h3 class=\"wp-block-heading\"><strong>1. Qui est responsable du traitement de vos donn\u00e9es ?<\/strong><\/h3>\n\n\n\n<p>Le responsable du traitement de vos donn\u00e9es personnelles est JOTELULU, S.L. (ci-apr\u00e8s &#8220;JOTELULU&#8221;), avec le num\u00e9ro fiscal N.I.F. B-65814709, et le si\u00e8ge social situ\u00e9 Calle Leganitos, n\u00ba 47, 4\u00e8me \u00e9tage \u2013 28013 Madrid, Espagne.<\/p>\n\n\n\n<p>La pr\u00e9sente Politique de Confidentialit\u00e9 r\u00e9git l&#8217;acc\u00e8s et l&#8217;utilisation du site web (ci-apr\u00e8s le \u00ab Site Web \u00bb) que JOTELULU met \u00e0 disposition des utilisateurs d&#8217;Internet (ci-apr\u00e8s les \u00ab Utilisateurs \u00bb) int\u00e9ress\u00e9s par les contenus (ci-apr\u00e8s les \u00ab Contenus \u00bb) et les services (ci-apr\u00e8s les \u00ab Services \u00bb) propos\u00e9s par JOTELULU sur ce site.<\/p>\n\n\n\n<p>Courriel de contact : finanzas@jotelulu.com<br>Courriel du DPO (D\u00e9l\u00e9gu\u00e9 \u00e0 la Protection des Donn\u00e9es) : dpd@jotelulu.com<\/p>\n\n\n\n<div style=\"height:100px\" aria-hidden=\"true\" id=\"dpnnees-collectees\" class=\"wp-block-spacer\"><\/div>\n\n\n\n<h3 class=\"wp-block-heading\"><strong>2. Informations sur les donn\u00e9es collect\u00e9es par JOTELULU via le Site Web<\/strong><\/h3>\n\n\n\n<p>Pour assurer le bon fonctionnement du Site Web, JOTELULU peut avoir acc\u00e8s aux donn\u00e9es suivantes fournies, le cas \u00e9ch\u00e9ant, par l&#8217;Utilisateur :<\/p>\n\n\n\n<p>Donn\u00e9es d\u2019identification : nom et pr\u00e9nom de l\u2019utilisateur.<br>Donn\u00e9es de l\u2019entreprise : nom de l\u2019entreprise, secteur d\u2019activit\u00e9, num\u00e9ro de TVA (CIF).<br>Donn\u00e9es de contact : e-mail, t\u00e9l\u00e9phone et adresse postale.<br>Donn\u00e9es financi\u00e8res : informations bancaires.<\/p>\n\n\n\n<div style=\"height:100px\" aria-hidden=\"true\" id=\"fins-traitement\" class=\"wp-block-spacer\"><\/div>\n\n\n\n<h3 class=\"wp-block-heading\"><strong>3. \u00c0 quelles fins et sur quelle base juridique JOTELULU peut-elle traiter vos donn\u00e9es personnelles ?<\/strong><\/h3>\n\n\n\n<p>JOTELULU peut traiter les donn\u00e9es personnelles des Utilisateurs sur la base des fondements juridiques suivants :<\/p>\n\n\n\n<p>La base juridique pour JOTELULU pour le traitement des donn\u00e9es des Utilisateurs via ce Site Web est le consentement des Utilisateurs au traitement de leurs donn\u00e9es personnelles. L&#8217;objectif est l&#8217;envoi d&#8217;informations \u00e0 l&#8217;Utilisateur concernant les produits demand\u00e9s.<\/p>\n\n\n\n<p>Analyser le comportement de l&#8217;Utilisateur sur notre Site Web pour comprendre ses pr\u00e9f\u00e9rences concernant nos produits, contenus et\/ou services \u00e0 l&#8217;aide de cookies et d&#8217;autres dispositifs de suivi. Pour plus d&#8217;informations, vous pouvez consulter notre Politique de cookies \u00e0 l&#8217;adresse suivante : https:\/\/jotelulu.com\/fr-fr\/politique-des-cookies\/<br>Gestion des communications commerciales concernant nos produits et services, ainsi que des contenus ou autres informations pertinentes, via diff\u00e9rents canaux en fonction des pr\u00e9f\u00e9rences de l&#8217;Utilisateur. \u00c0 cet \u00e9gard, la base juridique peut \u00eatre le consentement ou l&#8217;int\u00e9r\u00eat l\u00e9gitime si la communication est consid\u00e9r\u00e9e comme transactionnelle.<\/p>\n\n\n\n<p>\u00c0 cet \u00e9gard, l&#8217;Utilisateur peut retirer son consentement \u00e0 tout moment en envoyant un message \u00e0 l&#8217;adresse e-mail suivante : dpd@jotelulu.com. Ce retrait n&#8217;affectera pas la l\u00e9galit\u00e9 du traitement fond\u00e9 sur le consentement avant son retrait.<\/p>\n\n\n\n<div style=\"height:100px\" aria-hidden=\"true\" id=\"exactitude-donnees\" class=\"wp-block-spacer\"><\/div>\n\n\n\n<h3 class=\"wp-block-heading\"><strong>4. Exactitude des donn\u00e9es fournies par les Utilisateurs<\/strong><\/h3>\n\n\n\n<p>L&#8217;Utilisateur garantit l&#8217;exactitude des donn\u00e9es personnelles fournies et s&#8217;engage \u00e0 informer JOTELULU de toute modification de celles-ci. L&#8217;Utilisateur sera en tout cas responsable de l&#8217;exactitude des donn\u00e9es fournies, JOTELULU se r\u00e9servant le droit d&#8217;exclure des services tout Utilisateur ayant fourni des donn\u00e9es fausses, sans pr\u00e9judice des autres actions l\u00e9gales applicables.<\/p>\n\n\n\n<p>Il est recommand\u00e9 aux Utilisateurs de prot\u00e9ger leurs donn\u00e9es avec la plus grande diligence en utilisant des outils de s\u00e9curit\u00e9 appropri\u00e9s. JOTELULU ne pourra \u00eatre tenu responsable de tout vol, modification ill\u00e9gale ou perte de donn\u00e9es.<\/p>\n\n\n\n<p>Toute modification ou mise \u00e0 jour des donn\u00e9es devra \u00eatre communiqu\u00e9e \u00e0 JOTELULU par les moyens de communication pr\u00e9vus dans la pr\u00e9sente Politique de Confidentialit\u00e9.<\/p>\n\n\n\n<div style=\"height:100px\" aria-hidden=\"true\" id=\"conservation-donnees\" class=\"wp-block-spacer\"><\/div>\n\n\n\n<h3 class=\"wp-block-heading\"><strong>5. Conservation des donn\u00e9es<\/strong><\/h3>\n\n\n\n<p>Chez JOTELULU, nous conservons les donn\u00e9es personnelles pendant diff\u00e9rentes p\u00e9riodes en fonction du type d&#8217;informations, de la dur\u00e9e de nos termes et conditions avec nos Clients, des exigences l\u00e9gales relatives \u00e0 certains types de donn\u00e9es et d&#8217;autres facteurs. De mani\u00e8re g\u00e9n\u00e9rale, d\u00e8s que vos donn\u00e9es ne seront plus n\u00e9cessaires aux fins pour lesquelles elles ont \u00e9t\u00e9 collect\u00e9es, nous cesserons de les traiter.<\/p>\n\n\n\n<p>Si nous devons conserver vos donn\u00e9es pour respecter une obligation contractuelle ou l\u00e9gale, ou pour r\u00e9soudre des litiges, nous les conserverons uniquement afin de remplir ces obligations et d&#8217;exercer nos droits de d\u00e9fense. \u00c0 cet \u00e9gard, l&#8217;acc\u00e8s sera limit\u00e9 \u00e0 des personnes ou fonctions sp\u00e9cifiques. En outre, JOTELULU maintiendra ces informations bloqu\u00e9es conform\u00e9ment aux crit\u00e8res techniques \u00e9tablis.<\/p>\n\n\n\n<p>JOTELULU s&#8217;engage \u00e0 respecter son obligation de secret et de confidentialit\u00e9 des donn\u00e9es \u00e0 caract\u00e8re personnel conform\u00e9ment \u00e0 la l\u00e9gislation applicable.<\/p>\n\n\n\n<div style=\"height:100px\" aria-hidden=\"true\" id=\"droits-utilisateurs\" class=\"wp-block-spacer\"><\/div>\n\n\n\n<h3 class=\"wp-block-heading\"><strong>6. Droits des utilisateurs<\/strong><\/h3>\n\n\n\n<p>Les Utilisateurs ont le droit :<\/p>\n\n\n\n<p>Droit \u00e0 l\u2019information : Recevoir des informations claires, transparentes et compr\u00e9hensibles sur la mani\u00e8re dont nous utilisons leurs donn\u00e9es personnelles et sur leurs droits.<br>Droit d\u2019acc\u00e8s : Acc\u00e9der \u00e0 leurs donn\u00e9es personnelles.<br>Droit de rectification : Faire rectifier leurs donn\u00e9es personnelles si elles sont inexactes ou incompl\u00e8tes.<br>Droit \u00e0 l\u2019effacement : Demander la suppression ou l\u2019\u00e9limination de leurs donn\u00e9es personnelles lorsqu\u2019il n\u2019y a aucune raison valable de continuer \u00e0 les utiliser.<br>Droit de limitation du traitement : &#8220;Bloquer&#8221; ou restreindre l\u2019utilisation future de leurs donn\u00e9es personnelles. Une fois le traitement limit\u00e9, nous pouvons continuer \u00e0 stocker leurs donn\u00e9es, mais pas \u00e0 les utiliser.<br>Droit \u00e0 la portabilit\u00e9 des donn\u00e9es : Obtenir et r\u00e9utiliser leurs donn\u00e9es personnelles \u00e0 des fins propres sur diff\u00e9rents services.<br>Droit d\u2019opposition au traitement : S\u2019opposer \u00e0 certains types de traitement, par exemple lorsqu\u2019il est bas\u00e9 sur un int\u00e9r\u00eat l\u00e9gitime.<br>Droit de retirer le consentement : Retirer \u00e0 tout moment le consentement donn\u00e9 pour un traitement sp\u00e9cifique, sans que cela n\u2019affecte la l\u00e9galit\u00e9 du traitement avant le retrait.<br>Droit de ne pas faire l\u2019objet d\u2019une d\u00e9cision automatis\u00e9e : Ne pas \u00eatre soumis \u00e0 une d\u00e9cision bas\u00e9e uniquement sur un traitement automatis\u00e9, y compris le profilage, qui produit des effets juridiques ou similaires.<br>Pour exercer ces droits, les Utilisateurs peuvent envoyer un email \u00e0 dpd@jotelulu.com en indiquant le motif de leur demande et en joignant une copie de leur pi\u00e8ce d\u2019identit\u00e9.<\/p>\n\n\n\n<p>Ils peuvent \u00e9galement envoyer leur demande par courrier \u00e0 l\u2019adresse suivante : Calle Leganitos n.\u00ba 47, planta 4 \u2013 28013 Madrid, Espagne.<\/p>\n\n\n\n<p>La communication doit inclure :<\/p>\n\n\n\n<p>Le nom et les pr\u00e9noms de l\u2019Utilisateur ; une copie de sa pi\u00e8ce d\u2019identit\u00e9 ou de tout document valide l\u2019identifiant.<br>Une demande pr\u00e9cise d\u00e9taillant l\u2019action souhait\u00e9e.<br>Sans pr\u00e9judice de tout autre recours administratif ou judiciaire, les Utilisateurs ont le droit de d\u00e9poser une r\u00e9clamation aupr\u00e8s d\u2019une Autorit\u00e9 de Contr\u00f4le, notamment dans l\u2019\u00c9tat membre o\u00f9 ils r\u00e9sident habituellement, travaillent ou o\u00f9 l\u2019infraction pr\u00e9sum\u00e9e a eu lieu, s\u2019ils estiment que le traitement de leurs donn\u00e9es personnelles n\u2019est pas conforme \u00e0 la r\u00e9glementation, ou si leurs droits ne sont pas respect\u00e9s. L\u2019Autorit\u00e9 de Contr\u00f4le informera le plaignant du suivi et du r\u00e9sultat de sa r\u00e9clamation.<\/p>\n\n\n\n<div style=\"height:100px\" aria-hidden=\"true\" id=\"securite-donnees\" class=\"wp-block-spacer\"><\/div>\n\n\n\n<h3 class=\"wp-block-heading\">7. <strong>S\u00e9curit\u00e9 des donn\u00e9es<\/strong><\/h3>\n\n\n\n<p>La protection de la vie priv\u00e9e et des donn\u00e9es personnelles des Utilisateurs est une priorit\u00e9 pour JOTELULU. Pour cette raison, JOTELULU a mis en place toutes les mesures \u00e0 sa disposition afin d\u2019emp\u00eacher toute utilisation abusive des donn\u00e9es, en limitant l\u2019acc\u00e8s \u00e0 celles-ci au personnel autoris\u00e9 uniquement.<\/p>\n\n\n\n<p>JOTELULU maintient un niveau de s\u00e9curit\u00e9 ad\u00e9quat pour la protection des donn\u00e9es personnelles conform\u00e9ment \u00e0 la l\u00e9gislation en vigueur et a d\u00e9ploy\u00e9 tous les moyens techniques disponibles pour \u00e9viter la perte, l\u2019utilisation abusive, l\u2019alt\u00e9ration, l\u2019acc\u00e8s non autoris\u00e9 et le vol des donn\u00e9es fournies par l\u2019Utilisateur via le Site Web, tout en informant que les mesures de s\u00e9curit\u00e9 sur Internet ne sont pas infaillibles.<\/p>\n\n\n\n<p>JOTELULU s&#8217;engage \u00e0 respecter son obligation de secret et de confidentialit\u00e9 des donn\u00e9es personnelles conform\u00e9ment \u00e0 la l\u00e9gislation applicable.<\/p>\n\n\n\n<p>JOTELULU ne sera pas tenu responsable des dommages et pr\u00e9judices r\u00e9sultant du non-respect de cette obligation par l&#8217;Utilisateur.<\/p>\n\n\n\n<div style=\"height:100px\" aria-hidden=\"true\" id=\"transferts-tiers\" class=\"wp-block-spacer\"><\/div>\n\n\n\n<h3 class=\"wp-block-heading\">8.<strong>Transferts et\/ou cessions \u00e0 des tiers<\/strong><\/h3>\n\n\n\n<p>L\u2019Utilisateur est inform\u00e9 que ses donn\u00e9es personnelles ne seront pas c\u00e9d\u00e9es \u00e0 des entreprises ou entit\u00e9s tierces.<\/p>\n\n\n\n<p>Les donn\u00e9es des Utilisateurs pourront uniquement \u00eatre utilis\u00e9es par JOTELULU pour toute finalit\u00e9 n\u00e9cessaire au respect des objectifs de traitement des donn\u00e9es personnelles d\u00e9crits au point 3 de la pr\u00e9sente Politique de Confidentialit\u00e9.<\/p>\n\n\n\n<div style=\"height:100px\" aria-hidden=\"true\" id=\"questions\" class=\"wp-block-spacer\"><\/div>\n\n\n\n<h3 class=\"wp-block-heading\"><strong>9. Questions<\/strong><\/h3>\n\n\n\n<p>Si vous avez des questions concernant notre Politique de Confidentialit\u00e9, veuillez nous contacter en envoyant un email \u00e0 : dpd@jotelulu.com.<\/p>\n\n\n\n<p>De plus, si vous estimez que vos droits ne sont pas correctement prot\u00e9g\u00e9s, vous avez le droit de d\u00e9poser une r\u00e9clamation aupr\u00e8s de l\u2019Agence Espagnole de Protection des Donn\u00e9es.<\/p>\n\n\n\n<div style=\"height:100px\" aria-hidden=\"true\" id=\"acceptation-consentement\" class=\"wp-block-spacer\"><\/div>\n\n\n\n<h3 class=\"wp-block-heading\"><strong>10. Acceptation et Consentement<\/strong><\/h3>\n\n\n\n<p>L\u2019Utilisateur d\u00e9clare avoir \u00e9t\u00e9 inform\u00e9 des conditions relatives \u00e0 la protection des donn\u00e9es personnelles, acceptant et consentant \u00e0 leur traitement par JOTELULU, de la mani\u00e8re et aux fins indiqu\u00e9es dans la pr\u00e9sente Politique de Confidentialit\u00e9.<\/p>\n","protected":false},"excerpt":{"rendered":"<p>Nous vous informons ci-dessous sur le traitement des donn\u00e9es personnelles effectu\u00e9 par Jotelulu. Avec cette politique de confidentialit\u00e9, nous nous engageons \u00e0 nous conformer au R\u00e8glement (UE) 2016\/679 du Parlement Europ\u00e9en et du Conseil, du 27 avril 2016, relatif \u00e0 la protection des personnes physiques \u00e0 l&#8217;\u00e9gard du traitement des donn\u00e9es personnelles et \u00e0 la [&hellip;]<\/p>\n","protected":false},"author":5,"featured_media":0,"parent":0,"menu_order":0,"comment_status":"closed","ping_status":"closed","template":"","meta":{"_acf_changed":false,"footnotes":""},"class_list":["post-43841","page","type-page","status-publish","hentry"],"acf":[],"yoast_head":"<!-- This site is optimized with the Yoast SEO plugin v27.4 - https:\/\/yoast.com\/product\/yoast-seo-wordpress\/ -->\n<title>Politique de Confidentialit\u00e9 - Jotelulu<\/title>\n<meta name=\"robots\" content=\"noindex, nofollow\" \/>\n<meta property=\"og:locale\" content=\"fr_FR\" \/>\n<meta property=\"og:type\" content=\"article\" \/>\n<meta property=\"og:title\" content=\"Politique de Confidentialit\u00e9 - Jotelulu\" \/>\n<meta property=\"og:description\" content=\"Nous vous informons ci-dessous sur le traitement des donn\u00e9es personnelles effectu\u00e9 par Jotelulu. Avec cette politique de confidentialit\u00e9, nous nous engageons \u00e0 nous conformer au R\u00e8glement (UE) 2016\/679 du Parlement Europ\u00e9en et du Conseil, du 27 avril 2016, relatif \u00e0 la protection des personnes physiques \u00e0 l&#8217;\u00e9gard du traitement des donn\u00e9es personnelles et \u00e0 la [&hellip;]\" \/>\n<meta property=\"og:url\" content=\"https:\/\/jotelulu.com\/fr-fr\/politique-de-confidentialite\/\" \/>\n<meta property=\"og:site_name\" content=\"Jotelulu\" \/>\n<meta property=\"article:modified_time\" content=\"2025-11-17T21:21:48+00:00\" \/>\n<meta name=\"twitter:card\" content=\"summary_large_image\" \/>\n<meta name=\"twitter:label1\" content=\"Est. reading time\" \/>\n\t<meta name=\"twitter:data1\" content=\"7 minutes\" \/>\n<script type=\"application\/ld+json\" class=\"yoast-schema-graph\">{\"@context\":\"https:\\\/\\\/schema.org\",\"@graph\":[{\"@type\":\"WebPage\",\"@id\":\"https:\\\/\\\/jotelulu.com\\\/fr-fr\\\/politique-de-confidentialite\\\/\",\"url\":\"https:\\\/\\\/jotelulu.com\\\/fr-fr\\\/politique-de-confidentialite\\\/\",\"name\":\"Politique de Confidentialit\u00e9 - Jotelulu\",\"isPartOf\":{\"@id\":\"https:\\\/\\\/jotelulu.com\\\/fr-fr\\\/#website\"},\"datePublished\":\"2024-05-06T14:16:37+00:00\",\"dateModified\":\"2025-11-17T21:21:48+00:00\",\"breadcrumb\":{\"@id\":\"https:\\\/\\\/jotelulu.com\\\/fr-fr\\\/politique-de-confidentialite\\\/#breadcrumb\"},\"inLanguage\":\"fr\",\"potentialAction\":[{\"@type\":\"ReadAction\",\"target\":[\"https:\\\/\\\/jotelulu.com\\\/fr-fr\\\/politique-de-confidentialite\\\/\"]}]},{\"@type\":\"BreadcrumbList\",\"@id\":\"https:\\\/\\\/jotelulu.com\\\/fr-fr\\\/politique-de-confidentialite\\\/#breadcrumb\",\"itemListElement\":[{\"@type\":\"ListItem\",\"position\":1,\"name\":\"Portada\",\"item\":\"https:\\\/\\\/jotelulu.com\\\/fr-fr\\\/\"},{\"@type\":\"ListItem\",\"position\":2,\"name\":\"Politique de Confidentialit\u00e9\"}]},{\"@type\":\"WebSite\",\"@id\":\"https:\\\/\\\/jotelulu.com\\\/fr-fr\\\/#website\",\"url\":\"https:\\\/\\\/jotelulu.com\\\/fr-fr\\\/\",\"name\":\"Jotelulu\",\"description\":\"Cloud Paradise for Tech Companies\",\"potentialAction\":[{\"@type\":\"SearchAction\",\"target\":{\"@type\":\"EntryPoint\",\"urlTemplate\":\"https:\\\/\\\/jotelulu.com\\\/fr-fr\\\/?s={search_term_string}\"},\"query-input\":{\"@type\":\"PropertyValueSpecification\",\"valueRequired\":true,\"valueName\":\"search_term_string\"}}],\"inLanguage\":\"fr\"}]}<\/script>\n<!-- \/ Yoast SEO plugin. -->","yoast_head_json":{"title":"Politique de Confidentialit\u00e9 - Jotelulu","robots":{"index":"noindex","follow":"nofollow"},"og_locale":"fr_FR","og_type":"article","og_title":"Politique de Confidentialit\u00e9 - Jotelulu","og_description":"Nous vous informons ci-dessous sur le traitement des donn\u00e9es personnelles effectu\u00e9 par Jotelulu. Avec cette politique de confidentialit\u00e9, nous nous engageons \u00e0 nous conformer au R\u00e8glement (UE) 2016\/679 du Parlement Europ\u00e9en et du Conseil, du 27 avril 2016, relatif \u00e0 la protection des personnes physiques \u00e0 l&#8217;\u00e9gard du traitement des donn\u00e9es personnelles et \u00e0 la [&hellip;]","og_url":"https:\/\/jotelulu.com\/fr-fr\/politique-de-confidentialite\/","og_site_name":"Jotelulu","article_modified_time":"2025-11-17T21:21:48+00:00","twitter_card":"summary_large_image","twitter_misc":{"Est. reading time":"7 minutes"},"schema":{"@context":"https:\/\/schema.org","@graph":[{"@type":"WebPage","@id":"https:\/\/jotelulu.com\/fr-fr\/politique-de-confidentialite\/","url":"https:\/\/jotelulu.com\/fr-fr\/politique-de-confidentialite\/","name":"Politique de Confidentialit\u00e9 - Jotelulu","isPartOf":{"@id":"https:\/\/jotelulu.com\/fr-fr\/#website"},"datePublished":"2024-05-06T14:16:37+00:00","dateModified":"2025-11-17T21:21:48+00:00","breadcrumb":{"@id":"https:\/\/jotelulu.com\/fr-fr\/politique-de-confidentialite\/#breadcrumb"},"inLanguage":"fr","potentialAction":[{"@type":"ReadAction","target":["https:\/\/jotelulu.com\/fr-fr\/politique-de-confidentialite\/"]}]},{"@type":"BreadcrumbList","@id":"https:\/\/jotelulu.com\/fr-fr\/politique-de-confidentialite\/#breadcrumb","itemListElement":[{"@type":"ListItem","position":1,"name":"Portada","item":"https:\/\/jotelulu.com\/fr-fr\/"},{"@type":"ListItem","position":2,"name":"Politique de Confidentialit\u00e9"}]},{"@type":"WebSite","@id":"https:\/\/jotelulu.com\/fr-fr\/#website","url":"https:\/\/jotelulu.com\/fr-fr\/","name":"Jotelulu","description":"Cloud Paradise for Tech Companies","potentialAction":[{"@type":"SearchAction","target":{"@type":"EntryPoint","urlTemplate":"https:\/\/jotelulu.com\/fr-fr\/?s={search_term_string}"},"query-input":{"@type":"PropertyValueSpecification","valueRequired":true,"valueName":"search_term_string"}}],"inLanguage":"fr"}]}},"_links":{"self":[{"href":"https:\/\/jotelulu.com\/fr-fr\/wp-json\/wp\/v2\/pages\/43841","targetHints":{"allow":["GET"]}}],"collection":[{"href":"https:\/\/jotelulu.com\/fr-fr\/wp-json\/wp\/v2\/pages"}],"about":[{"href":"https:\/\/jotelulu.com\/fr-fr\/wp-json\/wp\/v2\/types\/page"}],"author":[{"embeddable":true,"href":"https:\/\/jotelulu.com\/fr-fr\/wp-json\/wp\/v2\/users\/5"}],"replies":[{"embeddable":true,"href":"https:\/\/jotelulu.com\/fr-fr\/wp-json\/wp\/v2\/comments?post=43841"}],"version-history":[{"count":6,"href":"https:\/\/jotelulu.com\/fr-fr\/wp-json\/wp\/v2\/pages\/43841\/revisions"}],"predecessor-version":[{"id":76221,"href":"https:\/\/jotelulu.com\/fr-fr\/wp-json\/wp\/v2\/pages\/43841\/revisions\/76221"}],"wp:attachment":[{"href":"https:\/\/jotelulu.com\/fr-fr\/wp-json\/wp\/v2\/media?parent=43841"}],"curies":[{"name":"wp","href":"https:\/\/api.w.org\/{rel}","templated":true}]}}