{"id":43829,"date":"2024-05-13T13:23:37","date_gmt":"2024-05-13T11:23:37","guid":{"rendered":"https:\/\/jotelulu.com\/politica-de-cookies\/"},"modified":"2025-02-27T10:43:12","modified_gmt":"2025-02-27T09:43:12","slug":"politique-de-cookies","status":"publish","type":"page","link":"https:\/\/jotelulu.com\/fr-fr\/politique-de-cookies\/","title":{"rendered":"Politique de Cookies"},"content":{"rendered":"<p><span style=\"font-weight: 400;\">JOTELULU, S.L. (ci-apr\u00e8s, \u00ab JOTELULU \u00bb) informe, par le biais de la pr\u00e9sente Politique de Cookies, sur l&#8217;utilisation de dispositifs de stockage et de r\u00e9cup\u00e9ration de donn\u00e9es sur les \u00e9quipements terminaux des Utilisateurs.<\/span><\/p>\n<ol>\n<li id=\"cookies\"><span style=\"font-weight: 400;\">Que sont les cookies ?<\/span><\/li>\n<\/ol>\n<p> <span style=\"font-weight: 400;\">Les cookies sont des fichiers ou des dossiers qui sont t\u00e9l\u00e9charg\u00e9s sur l&#8217;ordinateur\/smartphone\/tablette de l&#8217;Utilisateur lorsqu&#8217;il acc\u00e8de \u00e0 certaines pages web et applications. Ils permettent de stocker les pr\u00e9f\u00e9rences de navigation de l&#8217;Utilisateur, rendant l&#8217;interaction entre l&#8217;Utilisateur et le Site Web plus rapide et plus facile.<\/span><br \/>\n<span style=\"font-weight: 400;\">Les informations collect\u00e9es par les cookies sont anonymes et ne contiennent aucune information sensible car elles ne collectent pas de donn\u00e9es permettant d&#8217;identifier personnellement l&#8217;Utilisateur. Dans tous les cas, l&#8217;Utilisateur pourra acc\u00e9der \u00e0 la configuration de son navigateur pour modifier et\/ou bloquer l&#8217;installation des Cookies envoy\u00e9es depuis le Site Web, sans que cela n&#8217;emp\u00eache l&#8217;acc\u00e8s aux contenus.<\/span><\/p>\n<ol start=\"2\">\n<li id=\"pourqupoi-cookies\"><span style=\"font-weight: 400;\"> Pourquoi JOTELULU utilise des cookies ?<\/span><\/li>\n<\/ol>\n<p> <span style=\"font-weight: 400;\">Conform\u00e9ment \u00e0 l&#8217;article 22 de la Loi sur les Services de la Soci\u00e9t\u00e9 de l&#8217;Information et du Commerce \u00c9lectronique, ainsi qu&#8217;au Consid\u00e9rant (30) du R\u00e8glement G\u00e9n\u00e9ral sur la Protection des Donn\u00e9es (ci-apr\u00e8s, \u00ab RGPD \u00bb), le pr\u00e9sent Site Web utilise des cookies ou d&#8217;autres dispositifs de stockage et de r\u00e9cup\u00e9ration d&#8217;informations pour suivre les interactions des Utilisateurs avec les services offerts sur le Site Web.<\/span><br \/>\n<span style=\"font-weight: 400;\">Les cookies permettent de reconna\u00eetre le navigateur d&#8217;un Utilisateur, ainsi que le type de dispositif \u00e0 partir duquel il acc\u00e8de au Site Web, et sont utilis\u00e9s pour faciliter la prochaine visite de l&#8217;Utilisateur et rendre le Site Web plus utile.<\/span><\/p>\n<p><span style=\"font-weight: 400;\">JOTELULU utilise les cookies pour :<\/span><\/p>\n<p><span style=\"font-weight: 400;\">Optimiser la navigation de l&#8217;Utilisateur en suivant la session.<\/span><\/p>\n<p><span style=\"font-weight: 400;\">Recueillir des informations pour optimiser la navigation et am\u00e9liorer le Site Web.<\/span><\/p>\n<p><span style=\"font-weight: 400;\">Le Site Web utilise les types de cookies suivants :<\/span><\/p>\n<p><span style=\"font-weight: 400;\">Obligatoires : Cookies strictement n\u00e9cessaires pour fournir un service ou un contenu demand\u00e9 par l&#8217;utilisateur. Ils g\u00e8rent des aspects techniques tels que l&#8217;identification des enregistrements et la gestion des pr\u00e9f\u00e9rences des outils utilis\u00e9s, l&#8217;interaction et la localisation de l&#8217;acc\u00e8s aux contenus.<\/span><\/p>\n<p><span style=\"font-weight: 400;\"><\/p>\n<table class=\"table\" border=\"0\" cellspacing=\"1\" cellpadding=\"1\" align=\"center\">\n<thead>\n<tr>\n<th scope=\"col\">NOM<\/th>\n<th scope=\"col\">FOURNISSEUR<\/th>\n<th scope=\"col\">EXPIRATION<\/th>\n<th scope=\"col\">DESCRIPTION<\/th>\n<\/tr>\n<\/thead>\n<tbody>\n<tr>\n<td>ACCEPTCOOKIES<\/td>\n<td>JOTELULU.COM<\/td>\n<td>1 AN<\/td>\n<td>CE COOKIE D\u00c9TERMINE SI L&#8217;UTILISATEUR A COCH\u00c9 LA CASE DE CONSENTEMENT POUR L&#8217;UTILISATION DES COOKIES.<\/td>\n<\/tr>\n<tr>\n<td>PHPSESSID<\/td>\n<td>jotelulu.com<\/td>\n<td>Session<\/td>\n<td>Ce cookie sauvegarde l&#8217;\u00e9tat de la session \u00e0 travers les diff\u00e9rentes requ\u00eates de page.<\/td>\n<\/tr>\n<tr>\n<td>rc::a<\/td>\n<td>google.com<\/td>\n<td>Persistant<\/td>\n<td>Ce cookie est utilis\u00e9 pour diff\u00e9rencier les humains des bots.<\/td>\n<\/tr>\n<tr>\n<td>rc::c<\/td>\n<td>google.com<\/td>\n<td>Session<\/td>\n<td>Ce cookie est utilis\u00e9 pour diff\u00e9rencier les humains des bots.<\/td>\n<\/tr>\n<tr>\n<td>__cfduid<\/td>\n<td>hubspot.net, hubspot.com<\/td>\n<td>30 jours<\/td>\n<td>Ce cookie est utilis\u00e9 par le r\u00e9seau de contenu Cloudfare pour identifier le trafic web de confiance.<\/td>\n<\/tr>\n<tr>\n<td>__cfduid<\/td>\n<td>hs-scripts.com<\/td>\n<td>30 jours<\/td>\n<td>Ce cookie est utilis\u00e9 par le r\u00e9seau de contenu Cloudfare pour identifier le trafic web de confiance.<\/td>\n<\/tr>\n<tr>\n<td>__cfduid<\/td>\n<td>hubapi.com<\/td>\n<td>30 jours<\/td>\n<td>Ce cookie est utilis\u00e9 par le r\u00e9seau de contenu Cloudfare pour identifier le trafic web de confiance.<\/td>\n<\/tr>\n<tr>\n<td>__cfduid<\/td>\n<td>usemessages.com<\/td>\n<td>30 jours<\/td>\n<td>Ce cookie est utilis\u00e9 par le r\u00e9seau de contenu Cloudfare pour identifier le trafic web de confiance.<\/td>\n<\/tr>\n<tr>\n<td>JSESSIONID<\/td>\n<td>nr-data.net<\/td>\n<td>Session<\/td>\n<td>Ce cookie conserve les \u00e9tats des utilisateurs dans toutes les requ\u00eates de la page.<\/td>\n<\/tr>\n<\/tbody>\n<\/table>\n<p><\/span><br \/>\n<span style=\"font-weight: 400;\">Fonctionnels : Les cookies fonctionnels fournissent \u00e0 l&#8217;utilisateur des informations qui enrichissent l&#8217;exp\u00e9rience de navigation, comme par exemple, montrer la m\u00e9t\u00e9o bas\u00e9e sur sa localisation.<\/span><\/p>\n<p><span style=\"font-weight: 400;\"><\/p>\n<table class=\"table\" border=\"0\" cellspacing=\"1\" cellpadding=\"1\" align=\"center\">\n<thead>\n<tr>\n<th scope=\"col\">NOM<\/th>\n<th scope=\"col\">FOURNISSEUR<\/th>\n<th scope=\"col\">EXPIRATION<\/th>\n<th scope=\"col\">DESCRIPTION<\/th>\n<\/tr>\n<\/thead>\n<tbody>\n<tr>\n<td>LANG<\/td>\n<td>ADS.LINKEDIN.COM<\/td>\n<td>SESSION<\/td>\n<td>CE COOKIE SE SOUVIENT DE LA LANGUE S\u00c9LECTIONN\u00c9E PAR UN UTILISATEUR POUR VISUALISER UNE PAGE WEB<\/td>\n<\/tr>\n<tr>\n<td>messagesUtk<\/td>\n<td>jotelulu.com<\/td>\n<td>1 an<\/td>\n<td>Ce cookie stocke une cha\u00eene d&#8217;identification unique pour chaque session de chat, permettant \u00e0 l&#8217;\u00e9quipe d&#8217;assistance du site web de voir les incidents pr\u00e9c\u00e9dents et de se reconnecter avec l&#8217;assistant pr\u00e9c\u00e9dent.<\/td>\n<\/tr>\n<\/tbody>\n<\/table>\n<p><\/span><br \/>\n<span style=\"font-weight: 400;\">Statistiques\/analytiques : Ces cookies collectent des informations relatives \u00e0 l&#8217;utilisation de la page, comme la dur\u00e9e de visite et les contenus visit\u00e9s par les lecteurs, afin de mesurer ses performances et d&#8217;am\u00e9liorer la navigation.<\/span><\/p>\n<p><span style=\"font-weight: 400;\">Les principaux objectifs poursuivis avec ce type de cookies sont :<\/span><\/p>\n<p><span style=\"font-weight: 400;\">Permettre l&#8217;identification anonyme des Utilisateurs navigateurs et donc le comptage approximatif du nombre de visiteurs.<\/span><\/p>\n<p><span style=\"font-weight: 400;\">Identifier de mani\u00e8re anonyme les contenus les plus visit\u00e9s.<\/span><\/p>\n<p><span style=\"font-weight: 400;\">Savoir si l&#8217;Utilisateur qui acc\u00e8de est nouveau ou s&#8217;il revient.<\/span><\/p>\n<p><span style=\"font-weight: 400;\">Ci-dessous, les cookies analytiques utilis\u00e9s sur le Site Web sont d\u00e9taill\u00e9s :<\/span><\/p>\n<p><span style=\"font-weight: 400;\"><\/p>\n<table class=\"table\" border=\"0\" cellspacing=\"1\" cellpadding=\"1\" align=\"center\">\n<thead>\n<tr>\n<th scope=\"col\">NOM<\/th>\n<th scope=\"col\">FOURNISSEUR<\/th>\n<th scope=\"col\">EXPIRATION<\/th>\n<th scope=\"col\">DESCRIPTION<\/th>\n<\/tr>\n<\/thead>\n<tbody>\n<tr>\n<td>_GA<\/td>\n<td>JOTELULU.COM<\/td>\n<td>2 ANS<\/td>\n<td>CE COOKIE ENREGISTRE UNE IDENTIFICATION UNIQUE QUI EST UTILIS\u00c9E POUR G\u00c9N\u00c9RER DES DONN\u00c9ES STATISTIQUES SUR LA FA\u00c7ON DONT LE VISITEUR UTILISE LE SITE WEB.<\/td>\n<\/tr>\n<tr>\n<td>_gat<\/td>\n<td>jotelulu.com<\/td>\n<td>1 jour<\/td>\n<td>Ce cookie est utilis\u00e9 par Google Analytics pour contr\u00f4ler le taux de requ\u00eates.<\/td>\n<\/tr>\n<tr>\n<td>_gid<\/td>\n<td>jotelulu.com<\/td>\n<td>1 jour<\/td>\n<td>Ce cookie enregistre une identification unique qui est utilis\u00e9e pour g\u00e9n\u00e9rer des donn\u00e9es statistiques sur la fa\u00e7on dont le visiteur utilise le Site Web.<\/td>\n<\/tr>\n<tr>\n<td>collect<\/td>\n<td>google-analytics.com<\/td>\n<td>Session<\/td>\n<td>Il est utilis\u00e9 pour envoyer des donn\u00e9es \u00e0 Google Analytics sur le dispositif du visiteur et son comportement. Il suit le visiteur \u00e0 travers les dispositifs et les canaux de marketing.<\/td>\n<\/tr>\n<tr>\n<td>1P_JAR<\/td>\n<td>google.com<\/td>\n<td>1 mois<\/td>\n<td>Ce cookie est utilis\u00e9 pour recueillir des statistiques sur le Site Web et suivre les taux de conversion.<\/td>\n<\/tr>\n<tr>\n<td>NID<\/td>\n<td>google.com<\/td>\n<td>6 mois<\/td>\n<td>Ce cookie est utilis\u00e9 par Google pour stocker les pr\u00e9f\u00e9rences de l&#8217;utilisateur et les informations lors de la visualisation des pages avec les cartes Google.<\/td>\n<\/tr>\n<tr>\n<td>__hssc<\/td>\n<td>jotelulu.com<\/td>\n<td>1 jour<\/td>\n<td>Ce cookie identifie si les donn\u00e9es du navigateur doivent \u00eatre mises \u00e0 jour.<\/td>\n<\/tr>\n<tr>\n<td>__hssrc<\/td>\n<td>jotelulu.com<\/td>\n<td>Session<\/td>\n<td>Ce cookie est utilis\u00e9 pour reconna\u00eetre le navigateur du visiteur lorsqu&#8217;il revient sur la page web.<\/td>\n<\/tr>\n<tr>\n<td>__hstc<\/td>\n<td>jotelulu.com<\/td>\n<td>1 an<\/td>\n<td>Ce cookie \u00e9tablit un identifiant pour la session, permettant au site web d&#8217;obtenir des donn\u00e9es sur le comportement du visiteur \u00e0 des fins statistiques.<\/td>\n<\/tr>\n<tr>\n<td>AnalyticsSyncHistory<\/td>\n<td>linkedin.com<\/td>\n<td>29 jours<\/td>\n<td>Ce cookie est utilis\u00e9 en relation avec la synchronisation des donn\u00e9es avec le service d&#8217;analyse de tiers.<\/td>\n<\/tr>\n<tr>\n<td>hubspotutk<\/td>\n<td>jotelulu.com<\/td>\n<td>1 an<\/td>\n<td>Ce cookie \u00e9tablit un identifiant pour la session, permettant au site web d&#8217;obtenir des donn\u00e9es sur le comportement du visiteur \u00e0 des fins statistiques.<\/td>\n<\/tr>\n<\/tbody>\n<\/table>\n<p><\/span><br \/>\n<span style=\"font-weight: 400;\">Publicitaires : Ces cookies obtiennent des informations sur la navigation de l&#8217;utilisateur pour g\u00e9rer les espaces publicitaires et offrir un contenu plus pertinent et de meilleure qualit\u00e9 en fonction de ses go\u00fbts.<\/span><\/p>\n<p><span style=\"font-weight: 400;\">Ci-dessous, les cookies publicitaires utilis\u00e9s sur le Site Web sont d\u00e9taill\u00e9s :<\/span><\/p>\n<p><span style=\"font-weight: 400;\"><\/p>\n<table class=\"table\" border=\"0\" cellspacing=\"1\" cellpadding=\"1\" align=\"center\">\n<thead>\n<tr>\n<th scope=\"col\">NOM<\/th>\n<th scope=\"col\">FOURNISSEUR<\/th>\n<th scope=\"col\">EXPIRATION<\/th>\n<th scope=\"col\">DESCRIPTION<\/th>\n<\/tr>\n<\/thead>\n<tbody>\n<tr>\n<td>BCOOKIE<\/td>\n<td>LINKEDIN.COM<\/td>\n<td>2 ANS<\/td>\n<td>CE COOKIE EST UTILIS\u00c9 PAR LE SERVICE DE R\u00c9SEAUTAGE SOCIAL LINKEDIN POUR SUIVRE L&#8217;UTILISATION DES SERVICES INT\u00c9GR\u00c9S.<\/td>\n<\/tr>\n<tr>\n<td>bscookie<\/td>\n<td>linkedin.com<\/td>\n<td>2 ans<\/td>\n<td>Ce cookie est utilis\u00e9 par le service de r\u00e9seautage social LinkedIn pour suivre l&#8217;utilisation des services int\u00e9gr\u00e9s.<\/td>\n<\/tr>\n<tr>\n<td>d\/px<\/td>\n<td>adsymptotic.com<\/td>\n<td>Session<\/td>\n<td>Ce cookie collecte des donn\u00e9es sur les pr\u00e9f\u00e9rences et le comportement de l&#8217;utilisateur sur le web. Ces informations sont utilis\u00e9es pour produire des contenus et des publicit\u00e9s plus pertinents pour un utilisateur sp\u00e9cifique.<\/td>\n<\/tr>\n<tr>\n<td>embed\/v3\/counters.gif<\/td>\n<td>orms.hsforms.com<\/td>\n<td>Session<\/td>\n<td>Ce cookie collecte des informations sur les pr\u00e9f\u00e9rences et\/ou l&#8217;interaction de l&#8217;utilisateur avec le contenu des campagnes web. Cela est utilis\u00e9 dans la plateforme de campagne CRM, pour les propri\u00e9taires de sites web afin de promouvoir des \u00e9v\u00e9nements ou des produits.<\/td>\n<\/tr>\n<tr>\n<td>lang<\/td>\n<td>linkedin.com<\/td>\n<td>Session<\/td>\n<td>Ce cookie est \u00e9tabli par LinkedIn lorsqu&#8217;une page web contient un panneau \u00ab suivez-nous \u00bb int\u00e9gr\u00e9.<\/td>\n<\/tr>\n<tr>\n<td>li_sugr<\/td>\n<td>linkedin.com<\/td>\n<td>3 mois<\/td>\n<td>Ce cookie collecte des donn\u00e9es sur le comportement et l&#8217;interaction des visiteurs. Cela est utilis\u00e9 pour optimiser le site web et rendre la publicit\u00e9 plus pertinente.<\/td>\n<\/tr>\n<tr>\n<td>lidc<\/td>\n<td>linkedin.com<\/td>\n<td>1 jour<\/td>\n<td>Ce cookie est utilis\u00e9 par le service de r\u00e9seautage social LinkedIn pour suivre l&#8217;utilisation des services int\u00e9gr\u00e9s.<\/td>\n<\/tr>\n<tr>\n<td>UserMatchHistory<\/td>\n<td>linkedin.com<\/td>\n<td>29 jours<\/td>\n<td>Ce cookie est utilis\u00e9 pour suivre les visiteurs sur plusieurs sites web afin de pr\u00e9senter des publicit\u00e9s pertinentes bas\u00e9es sur les pr\u00e9f\u00e9rences du visiteur.<\/td>\n<\/tr>\n<\/tbody>\n<\/table>\n<p><\/span><\/p>\n<ol start=\"3\">\n<li id=\"desactivation\"><span style=\"font-weight: 400;\"> D\u00e9sactivation ou suppression des cookies<\/span><\/li>\n<\/ol>\n<p> <span style=\"font-weight: 400;\">Si vous souhaitez modifier la configuration des cookies de votre navigateur, vous pouvez le faire en configurant les options de celui-ci. Vous trouverez des informations sur la mani\u00e8re de modifier les politiques de cookies des diff\u00e9rents navigateurs dans les liens suivants :<\/span><br \/>\n<span style=\"font-weight: 400;\">(i) Pour Microsoft Internet Explorer : https:\/\/support.microsoft.com\/fr-fr\/help\/17442\/windows-internet-explorer-delete-manage-cookies.<\/span><\/p>\n<p><span style=\"font-weight: 400;\">(ii) Pour Firefox : https:\/\/support.mozilla.org\/fr\/kb\/activer-desactiver-cookies-preferences.<\/span><\/p>\n<p><span style=\"font-weight: 400;\">(iii) Pour Safari : https:\/\/support.apple.com\/kb\/PH19214?viewlocale=fr_FR&#038;locale=fr_FR.<\/span><\/p>\n<p><span style=\"font-weight: 400;\">(iv) Pour Google Chrome : https:\/\/support.google.com\/chrome\/answer\/95647?hl=fr.<\/span><\/p>\n<ol start=\"4\">\n<li id=\"mobile\"><span style=\"font-weight: 400;\"> Cookies sur les dispositifs mobiles<\/span><\/li>\n<\/ol>\n<p> <span style=\"font-weight: 400;\">Le Site Web de JOTELULU utilise \u00e9galement des cookies ou d&#8217;autres dispositifs de stockage sur les appareils mobiles.<\/span><br \/>\n<span style=\"font-weight: 400;\">Les cookies qui ne sont pas obligatoires pour la navigation sur le pr\u00e9sent Site Web peuvent \u00eatre d\u00e9sactiv\u00e9s dans la section \u00ab Configurer les Cookies ici \u00bb.<\/span><\/p>\n<p><span style=\"font-weight: 400;\">Ces param\u00e8tres se trouvent dans le pied de page du Site Web. De plus, tout comme pour les navigateurs d&#8217;ordinateurs, les navigateurs des appareils mobiles permettent de r\u00e9aliser des modifications dans les options ou param\u00e8tres de confidentialit\u00e9 pour d\u00e9sactiver ou supprimer les cookies.<\/span><\/p>\n<p><span style=\"font-weight: 400;\">Si vous souhaitez modifier les options de confidentialit\u00e9, suivez les instructions sp\u00e9cifi\u00e9es par le d\u00e9veloppeur de votre navigateur pour appareil mobile.<\/span><\/p>\n<p><span style=\"font-weight: 400;\">Vous trouverez ci-dessous quelques exemples de liens qui vous guideront pour modifier les options de confidentialit\u00e9 sur votre appareil mobile :<\/span><\/p>\n<p><span style=\"font-weight: 400;\">IOS : (https:\/\/goo.gl\/61xevS)<\/span><\/p>\n<p><span style=\"font-weight: 400;\">Windows Phone : (https:\/\/goo.gl\/tKyb0y)<\/span><\/p>\n<p><span style=\"font-weight: 400;\">Chrome Mobile : (https:\/\/goo.gl\/XJp7N)<\/span><\/p>\n<p><span style=\"font-weight: 400;\">Opera Mobile : (https:\/\/cutt.ly\/TF1Fly6)<\/span><\/p>\n<ol start=\"5\">\n<li id=\"acceptation\"><span style=\"font-weight: 400;\"> Acceptation des cookies<\/span><\/li>\n<\/ol>\n<p> <span style=\"font-weight: 400;\">Le pr\u00e9sent Site Web n&#8217;installe pas nos cookies sur les appareils des utilisateurs tant que ceux-ci n&#8217;ont pas accept\u00e9 l&#8217;installation de ceux-ci.<\/span><br \/>\n<span style=\"font-weight: 400;\">Nous vous informons que dans le cas o\u00f9 vous n&#8217;acceptez pas l&#8217;installation des cookies ou si vous en d\u00e9sactivez certains dans la configuration, il est possible que certains services ne soient pas disponibles sans l&#8217;utilisation d ceux-ci ou que vous ne puissiez pas acc\u00e9der \u00e0 certains services ni profiter pleinement de tout ce que ce Site Web vous offre.<\/span><\/p>\n","protected":false},"excerpt":{"rendered":"<p>JOTELULU, S.L. (ci-apr\u00e8s, \u00ab JOTELULU \u00bb) informe, par le biais de la pr\u00e9sente Politique de Cookies, sur l&#8217;utilisation de dispositifs de stockage et de r\u00e9cup\u00e9ration de donn\u00e9es sur les \u00e9quipements terminaux des Utilisateurs. Que sont les cookies ? Les cookies sont des fichiers ou des dossiers qui sont t\u00e9l\u00e9charg\u00e9s sur l&#8217;ordinateur\/smartphone\/tablette de l&#8217;Utilisateur lorsqu&#8217;il acc\u00e8de [&hellip;]<\/p>\n","protected":false},"author":5,"featured_media":0,"parent":0,"menu_order":0,"comment_status":"closed","ping_status":"closed","template":"","meta":{"_acf_changed":false,"footnotes":""},"class_list":["post-43829","page","type-page","status-publish","hentry"],"acf":[],"yoast_head":"<!-- This site is optimized with the Yoast SEO plugin v27.4 - https:\/\/yoast.com\/product\/yoast-seo-wordpress\/ -->\n<title>Politique de Cookies - Jotelulu<\/title>\n<meta name=\"robots\" content=\"noindex, nofollow\" \/>\n<meta property=\"og:locale\" content=\"fr_FR\" \/>\n<meta property=\"og:type\" content=\"article\" \/>\n<meta property=\"og:title\" content=\"Politique de Cookies - Jotelulu\" \/>\n<meta property=\"og:description\" content=\"JOTELULU, S.L. (ci-apr\u00e8s, \u00ab JOTELULU \u00bb) informe, par le biais de la pr\u00e9sente Politique de Cookies, sur l&#8217;utilisation de dispositifs de stockage et de r\u00e9cup\u00e9ration de donn\u00e9es sur les \u00e9quipements terminaux des Utilisateurs. Que sont les cookies ? Les cookies sont des fichiers ou des dossiers qui sont t\u00e9l\u00e9charg\u00e9s sur l&#8217;ordinateur\/smartphone\/tablette de l&#8217;Utilisateur lorsqu&#8217;il acc\u00e8de [&hellip;]\" \/>\n<meta property=\"og:url\" content=\"https:\/\/jotelulu.com\/fr-fr\/politique-de-cookies\/\" \/>\n<meta property=\"og:site_name\" content=\"Jotelulu\" \/>\n<meta property=\"article:modified_time\" content=\"2025-02-27T09:43:12+00:00\" \/>\n<meta name=\"twitter:card\" content=\"summary_large_image\" \/>\n<meta name=\"twitter:label1\" content=\"Est. reading time\" \/>\n\t<meta name=\"twitter:data1\" content=\"7 minutes\" \/>\n<script type=\"application\/ld+json\" class=\"yoast-schema-graph\">{\"@context\":\"https:\\\/\\\/schema.org\",\"@graph\":[{\"@type\":\"WebPage\",\"@id\":\"https:\\\/\\\/jotelulu.com\\\/fr-fr\\\/politique-de-cookies\\\/\",\"url\":\"https:\\\/\\\/jotelulu.com\\\/fr-fr\\\/politique-de-cookies\\\/\",\"name\":\"Politique de Cookies - Jotelulu\",\"isPartOf\":{\"@id\":\"https:\\\/\\\/jotelulu.com\\\/fr-fr\\\/#website\"},\"datePublished\":\"2024-05-13T11:23:37+00:00\",\"dateModified\":\"2025-02-27T09:43:12+00:00\",\"breadcrumb\":{\"@id\":\"https:\\\/\\\/jotelulu.com\\\/fr-fr\\\/politique-de-cookies\\\/#breadcrumb\"},\"inLanguage\":\"fr\",\"potentialAction\":[{\"@type\":\"ReadAction\",\"target\":[\"https:\\\/\\\/jotelulu.com\\\/fr-fr\\\/politique-de-cookies\\\/\"]}]},{\"@type\":\"BreadcrumbList\",\"@id\":\"https:\\\/\\\/jotelulu.com\\\/fr-fr\\\/politique-de-cookies\\\/#breadcrumb\",\"itemListElement\":[{\"@type\":\"ListItem\",\"position\":1,\"name\":\"Portada\",\"item\":\"https:\\\/\\\/jotelulu.com\\\/fr-fr\\\/\"},{\"@type\":\"ListItem\",\"position\":2,\"name\":\"Politique de Cookies\"}]},{\"@type\":\"WebSite\",\"@id\":\"https:\\\/\\\/jotelulu.com\\\/fr-fr\\\/#website\",\"url\":\"https:\\\/\\\/jotelulu.com\\\/fr-fr\\\/\",\"name\":\"Jotelulu\",\"description\":\"Cloud Paradise for Tech Companies\",\"potentialAction\":[{\"@type\":\"SearchAction\",\"target\":{\"@type\":\"EntryPoint\",\"urlTemplate\":\"https:\\\/\\\/jotelulu.com\\\/fr-fr\\\/?s={search_term_string}\"},\"query-input\":{\"@type\":\"PropertyValueSpecification\",\"valueRequired\":true,\"valueName\":\"search_term_string\"}}],\"inLanguage\":\"fr\"}]}<\/script>\n<!-- \/ Yoast SEO plugin. -->","yoast_head_json":{"title":"Politique de Cookies - Jotelulu","robots":{"index":"noindex","follow":"nofollow"},"og_locale":"fr_FR","og_type":"article","og_title":"Politique de Cookies - Jotelulu","og_description":"JOTELULU, S.L. (ci-apr\u00e8s, \u00ab JOTELULU \u00bb) informe, par le biais de la pr\u00e9sente Politique de Cookies, sur l&#8217;utilisation de dispositifs de stockage et de r\u00e9cup\u00e9ration de donn\u00e9es sur les \u00e9quipements terminaux des Utilisateurs. Que sont les cookies ? Les cookies sont des fichiers ou des dossiers qui sont t\u00e9l\u00e9charg\u00e9s sur l&#8217;ordinateur\/smartphone\/tablette de l&#8217;Utilisateur lorsqu&#8217;il acc\u00e8de [&hellip;]","og_url":"https:\/\/jotelulu.com\/fr-fr\/politique-de-cookies\/","og_site_name":"Jotelulu","article_modified_time":"2025-02-27T09:43:12+00:00","twitter_card":"summary_large_image","twitter_misc":{"Est. reading time":"7 minutes"},"schema":{"@context":"https:\/\/schema.org","@graph":[{"@type":"WebPage","@id":"https:\/\/jotelulu.com\/fr-fr\/politique-de-cookies\/","url":"https:\/\/jotelulu.com\/fr-fr\/politique-de-cookies\/","name":"Politique de Cookies - Jotelulu","isPartOf":{"@id":"https:\/\/jotelulu.com\/fr-fr\/#website"},"datePublished":"2024-05-13T11:23:37+00:00","dateModified":"2025-02-27T09:43:12+00:00","breadcrumb":{"@id":"https:\/\/jotelulu.com\/fr-fr\/politique-de-cookies\/#breadcrumb"},"inLanguage":"fr","potentialAction":[{"@type":"ReadAction","target":["https:\/\/jotelulu.com\/fr-fr\/politique-de-cookies\/"]}]},{"@type":"BreadcrumbList","@id":"https:\/\/jotelulu.com\/fr-fr\/politique-de-cookies\/#breadcrumb","itemListElement":[{"@type":"ListItem","position":1,"name":"Portada","item":"https:\/\/jotelulu.com\/fr-fr\/"},{"@type":"ListItem","position":2,"name":"Politique de Cookies"}]},{"@type":"WebSite","@id":"https:\/\/jotelulu.com\/fr-fr\/#website","url":"https:\/\/jotelulu.com\/fr-fr\/","name":"Jotelulu","description":"Cloud Paradise for Tech Companies","potentialAction":[{"@type":"SearchAction","target":{"@type":"EntryPoint","urlTemplate":"https:\/\/jotelulu.com\/fr-fr\/?s={search_term_string}"},"query-input":{"@type":"PropertyValueSpecification","valueRequired":true,"valueName":"search_term_string"}}],"inLanguage":"fr"}]}},"_links":{"self":[{"href":"https:\/\/jotelulu.com\/fr-fr\/wp-json\/wp\/v2\/pages\/43829","targetHints":{"allow":["GET"]}}],"collection":[{"href":"https:\/\/jotelulu.com\/fr-fr\/wp-json\/wp\/v2\/pages"}],"about":[{"href":"https:\/\/jotelulu.com\/fr-fr\/wp-json\/wp\/v2\/types\/page"}],"author":[{"embeddable":true,"href":"https:\/\/jotelulu.com\/fr-fr\/wp-json\/wp\/v2\/users\/5"}],"replies":[{"embeddable":true,"href":"https:\/\/jotelulu.com\/fr-fr\/wp-json\/wp\/v2\/comments?post=43829"}],"version-history":[{"count":3,"href":"https:\/\/jotelulu.com\/fr-fr\/wp-json\/wp\/v2\/pages\/43829\/revisions"}],"predecessor-version":[{"id":47774,"href":"https:\/\/jotelulu.com\/fr-fr\/wp-json\/wp\/v2\/pages\/43829\/revisions\/47774"}],"wp:attachment":[{"href":"https:\/\/jotelulu.com\/fr-fr\/wp-json\/wp\/v2\/media?parent=43829"}],"curies":[{"name":"wp","href":"https:\/\/api.w.org\/{rel}","templated":true}]}}