{"id":43826,"date":"2024-05-13T13:24:26","date_gmt":"2024-05-13T11:24:26","guid":{"rendered":"https:\/\/jotelulu.com\/aviso-legal\/"},"modified":"2025-02-27T10:17:48","modified_gmt":"2025-02-27T09:17:48","slug":"mentions-legales","status":"publish","type":"page","link":"https:\/\/jotelulu.com\/fr-fr\/mentions-legales\/","title":{"rendered":"Mentions L\u00e9gales"},"content":{"rendered":"<ol>\n<li id=\"droit-information\"><span style=\"font-weight: 400;\"> Droit \u00e0 l&#8217;information<\/span><\/li>\n<\/ol>\n<p>JOTELULU, S.L. (\u201cJOTELULU\u201d), soci\u00e9t\u00e9 de nationalit\u00e9 espagnole, inscrite au Registre du Commerce de Madrid, au Tome 39.404, Folio 103, Feuille num\u00e9ro M-699.605 et dot\u00e9e du N.I.F. B-65814709, dont le si\u00e8ge social est situ\u00e9 \u00e0 Madrid, Calle de Leganitos 47, 4\u00e8me \u00e9tage (28013), est propri\u00e9taire du site web www.jotelulu.com (le \u201cSite Web\u201d), dont l&#8217;utilisation est soumise aux termes du pr\u00e9sent Avis L\u00e9gal, ses Conditions G\u00e9n\u00e9rales d&#8217;Utilisation (https:\/\/jotelulu.com\/fr-fr\/conditions-d-utilisation) et autres textes l\u00e9gaux accessibles via le Site Web.<\/p>\n<p class=\"western\">\n<ol start=\"2\">\n<li id=\"utilisation-site\"><span style=\"font-weight: 400;\"> Utilisation du site web<\/span><\/li>\n<\/ol>\n<p>Le pr\u00e9sent Avis L\u00e9gal r\u00e9git l&#8217;utilisation du site web \u201cjotelulu.com\u201d et de tous les sites en ligne de Jotelulu, tant sous jotelulu.com que sous d&#8217;autres domaines exploit\u00e9s et\/ou contr\u00f4l\u00e9s par JOTELULU.<\/p>\n<p>La visite et la navigation sur Notre Site Web vous attribuent la condition d&#8217;utilisateur (\u201cUtilisateur\u201d), et impliquent l&#8217;acceptation des termes de cet Avis L\u00e9gal, des Conditions d&#8217;Utilisation et de notre Politique de Confidentialit\u00e9 (https:\/\/jotelulu.com\/politica-de-privacidad\/). Si vous n&#8217;\u00eates pas d&#8217;accord avec l&#8217;une de ces conditions, nous vous prions de ne plus utiliser le Site Web.<\/p>\n<p>Le Site Web fournit l&#8217;acc\u00e8s \u00e0 des informations, services, programmes ou donn\u00e9es (ci-apr\u00e8s, &#8220;les contenus&#8221;) sur Internet appartenant \u00e0 JOTELULU. L&#8217;Utilisateur assume la responsabilit\u00e9 de l&#8217;utilisation du portail et s&#8217;engage \u00e0 faire un usage appropri\u00e9 des contenus et services que JOTELULU offre \u00e0 travers son portail et \u00e0 ne pas les utiliser pour :<\/p>\n<ul>\n<li>a) R\u00e9aliser des activit\u00e9s illicites, ill\u00e9gales ou contraires \u00e0 la bonne foi et \u00e0 l&#8217;ordre public.<\/li>\n<li>b) Diffuser des contenus ou de la propagande de nature raciste, x\u00e9nophobe, pornographique-ill\u00e9gale, d&#8217;apologie du terrorisme ou attentatoire aux droits humains.<\/li>\n<li>c) Provoquer des dommages aux syst\u00e8mes physiques et logiques de JOTELULU, de ses fournisseurs ou de tiers.<\/li>\n<\/ul>\n<p>L&#8217;Utilisateur est conscient que l&#8217;acc\u00e8s et l&#8217;utilisation des services et contenus du Site Web se font sous sa seule et exclusive responsabilit\u00e9. JOTELULU recommande \u00e0 l&#8217;Utilisateur de lire l&#8217;Avis L\u00e9gal et les Conditions d&#8217;Utilisation chaque fois qu&#8217;il souhaite acc\u00e9der au Site Web, car ils peuvent \u00eatre modifi\u00e9s, la version en vigueur \u00e9tant celle publi\u00e9e \u00e0 chaque moment. JOTELULU pourra modifier de mani\u00e8re unilat\u00e9rale et sans pr\u00e9avis la configuration, le contenu et les services du Site Web, ainsi que le pr\u00e9sent Avis L\u00e9gal et les Conditions d&#8217;Utilisation, sans que cela ne donne lieu \u00e0 aucun droit pour l&#8217;Utilisateur au-del\u00e0 de ceux express\u00e9ment reconnus dans les textes l\u00e9gaux du Site Web.<\/p>\n<ol start=\"3\">\n<li id=\"propiete-intellectuelle\"><span style=\"font-weight: 400;\"> Propri\u00e9t\u00e9 intellectuelle et industrielle<\/span><\/li>\n<\/ol>\n<p>JOTELULU est titulaire de tous les droits de propri\u00e9t\u00e9 intellectuelle et industrielle de son site web, ainsi que des \u00e9l\u00e9ments contenus dans celui-ci. Sont express\u00e9ment interdites la reproduction, la distribution et la communication publique, y compris sa mise \u00e0 disposition, de tout ou partie des contenus de ce site web, \u00e0 des fins commerciales, sur tout support et par tout moyen technique, sans l&#8217;autorisation de JOTELULU.<\/p>\n<p>JOTELULU ne saurait \u00eatre tenue responsable, en aucun cas, des dommages et pr\u00e9judices de toute nature qui pourraient en r\u00e9sulter. Pour la r\u00e9solution de toutes les controverses ou questions relatives au pr\u00e9sent site web ou aux activit\u00e9s qui y sont d\u00e9velopp\u00e9es, la l\u00e9gislation espagnole sera applicable, \u00e0 laquelle les parties se soumettent express\u00e9ment, les tribunaux et cours de Madrid \u00e9tant comp\u00e9tents pour la r\u00e9solution de tous les conflits d\u00e9riv\u00e9s ou li\u00e9s \u00e0 son utilisation.<\/p>\n","protected":false},"excerpt":{"rendered":"<p>Droit \u00e0 l&#8217;information JOTELULU, S.L. (\u201cJOTELULU\u201d), soci\u00e9t\u00e9 de nationalit\u00e9 espagnole, inscrite au Registre du Commerce de Madrid, au Tome 39.404, Folio 103, Feuille num\u00e9ro M-699.605 et dot\u00e9e du N.I.F. B-65814709, dont le si\u00e8ge social est situ\u00e9 \u00e0 Madrid, Calle de Leganitos 47, 4\u00e8me \u00e9tage (28013), est propri\u00e9taire du site web www.jotelulu.com (le \u201cSite Web\u201d), dont [&hellip;]<\/p>\n","protected":false},"author":5,"featured_media":0,"parent":0,"menu_order":0,"comment_status":"closed","ping_status":"closed","template":"","meta":{"_acf_changed":false,"footnotes":""},"class_list":["post-43826","page","type-page","status-publish","hentry"],"acf":[],"yoast_head":"<!-- This site is optimized with the Yoast SEO plugin v27.4 - https:\/\/yoast.com\/product\/yoast-seo-wordpress\/ -->\n<title>Mentions L\u00e9gales - Jotelulu<\/title>\n<meta name=\"robots\" content=\"noindex, nofollow\" \/>\n<meta property=\"og:locale\" content=\"fr_FR\" \/>\n<meta property=\"og:type\" content=\"article\" \/>\n<meta property=\"og:title\" content=\"Mentions L\u00e9gales - Jotelulu\" \/>\n<meta property=\"og:description\" content=\"Droit \u00e0 l&#8217;information JOTELULU, S.L. (\u201cJOTELULU\u201d), soci\u00e9t\u00e9 de nationalit\u00e9 espagnole, inscrite au Registre du Commerce de Madrid, au Tome 39.404, Folio 103, Feuille num\u00e9ro M-699.605 et dot\u00e9e du N.I.F. B-65814709, dont le si\u00e8ge social est situ\u00e9 \u00e0 Madrid, Calle de Leganitos 47, 4\u00e8me \u00e9tage (28013), est propri\u00e9taire du site web www.jotelulu.com (le \u201cSite Web\u201d), dont [&hellip;]\" \/>\n<meta property=\"og:url\" content=\"https:\/\/jotelulu.com\/fr-fr\/mentions-legales\/\" \/>\n<meta property=\"og:site_name\" content=\"Jotelulu\" \/>\n<meta property=\"article:modified_time\" content=\"2025-02-27T09:17:48+00:00\" \/>\n<meta name=\"twitter:card\" content=\"summary_large_image\" \/>\n<script type=\"application\/ld+json\" class=\"yoast-schema-graph\">{\"@context\":\"https:\\\/\\\/schema.org\",\"@graph\":[{\"@type\":\"WebPage\",\"@id\":\"https:\\\/\\\/jotelulu.com\\\/fr-fr\\\/mentions-legales\\\/\",\"url\":\"https:\\\/\\\/jotelulu.com\\\/fr-fr\\\/mentions-legales\\\/\",\"name\":\"Mentions L\u00e9gales - Jotelulu\",\"isPartOf\":{\"@id\":\"https:\\\/\\\/jotelulu.com\\\/fr-fr\\\/#website\"},\"datePublished\":\"2024-05-13T11:24:26+00:00\",\"dateModified\":\"2025-02-27T09:17:48+00:00\",\"breadcrumb\":{\"@id\":\"https:\\\/\\\/jotelulu.com\\\/fr-fr\\\/mentions-legales\\\/#breadcrumb\"},\"inLanguage\":\"fr\",\"potentialAction\":[{\"@type\":\"ReadAction\",\"target\":[\"https:\\\/\\\/jotelulu.com\\\/fr-fr\\\/mentions-legales\\\/\"]}]},{\"@type\":\"BreadcrumbList\",\"@id\":\"https:\\\/\\\/jotelulu.com\\\/fr-fr\\\/mentions-legales\\\/#breadcrumb\",\"itemListElement\":[{\"@type\":\"ListItem\",\"position\":1,\"name\":\"Portada\",\"item\":\"https:\\\/\\\/jotelulu.com\\\/fr-fr\\\/\"},{\"@type\":\"ListItem\",\"position\":2,\"name\":\"Mentions L\u00e9gales\"}]},{\"@type\":\"WebSite\",\"@id\":\"https:\\\/\\\/jotelulu.com\\\/fr-fr\\\/#website\",\"url\":\"https:\\\/\\\/jotelulu.com\\\/fr-fr\\\/\",\"name\":\"Jotelulu\",\"description\":\"Cloud Paradise for Tech Companies\",\"potentialAction\":[{\"@type\":\"SearchAction\",\"target\":{\"@type\":\"EntryPoint\",\"urlTemplate\":\"https:\\\/\\\/jotelulu.com\\\/fr-fr\\\/?s={search_term_string}\"},\"query-input\":{\"@type\":\"PropertyValueSpecification\",\"valueRequired\":true,\"valueName\":\"search_term_string\"}}],\"inLanguage\":\"fr\"}]}<\/script>\n<!-- \/ Yoast SEO plugin. -->","yoast_head_json":{"title":"Mentions L\u00e9gales - Jotelulu","robots":{"index":"noindex","follow":"nofollow"},"og_locale":"fr_FR","og_type":"article","og_title":"Mentions L\u00e9gales - Jotelulu","og_description":"Droit \u00e0 l&#8217;information JOTELULU, S.L. (\u201cJOTELULU\u201d), soci\u00e9t\u00e9 de nationalit\u00e9 espagnole, inscrite au Registre du Commerce de Madrid, au Tome 39.404, Folio 103, Feuille num\u00e9ro M-699.605 et dot\u00e9e du N.I.F. B-65814709, dont le si\u00e8ge social est situ\u00e9 \u00e0 Madrid, Calle de Leganitos 47, 4\u00e8me \u00e9tage (28013), est propri\u00e9taire du site web www.jotelulu.com (le \u201cSite Web\u201d), dont [&hellip;]","og_url":"https:\/\/jotelulu.com\/fr-fr\/mentions-legales\/","og_site_name":"Jotelulu","article_modified_time":"2025-02-27T09:17:48+00:00","twitter_card":"summary_large_image","schema":{"@context":"https:\/\/schema.org","@graph":[{"@type":"WebPage","@id":"https:\/\/jotelulu.com\/fr-fr\/mentions-legales\/","url":"https:\/\/jotelulu.com\/fr-fr\/mentions-legales\/","name":"Mentions L\u00e9gales - Jotelulu","isPartOf":{"@id":"https:\/\/jotelulu.com\/fr-fr\/#website"},"datePublished":"2024-05-13T11:24:26+00:00","dateModified":"2025-02-27T09:17:48+00:00","breadcrumb":{"@id":"https:\/\/jotelulu.com\/fr-fr\/mentions-legales\/#breadcrumb"},"inLanguage":"fr","potentialAction":[{"@type":"ReadAction","target":["https:\/\/jotelulu.com\/fr-fr\/mentions-legales\/"]}]},{"@type":"BreadcrumbList","@id":"https:\/\/jotelulu.com\/fr-fr\/mentions-legales\/#breadcrumb","itemListElement":[{"@type":"ListItem","position":1,"name":"Portada","item":"https:\/\/jotelulu.com\/fr-fr\/"},{"@type":"ListItem","position":2,"name":"Mentions L\u00e9gales"}]},{"@type":"WebSite","@id":"https:\/\/jotelulu.com\/fr-fr\/#website","url":"https:\/\/jotelulu.com\/fr-fr\/","name":"Jotelulu","description":"Cloud Paradise for Tech Companies","potentialAction":[{"@type":"SearchAction","target":{"@type":"EntryPoint","urlTemplate":"https:\/\/jotelulu.com\/fr-fr\/?s={search_term_string}"},"query-input":{"@type":"PropertyValueSpecification","valueRequired":true,"valueName":"search_term_string"}}],"inLanguage":"fr"}]}},"_links":{"self":[{"href":"https:\/\/jotelulu.com\/fr-fr\/wp-json\/wp\/v2\/pages\/43826","targetHints":{"allow":["GET"]}}],"collection":[{"href":"https:\/\/jotelulu.com\/fr-fr\/wp-json\/wp\/v2\/pages"}],"about":[{"href":"https:\/\/jotelulu.com\/fr-fr\/wp-json\/wp\/v2\/types\/page"}],"author":[{"embeddable":true,"href":"https:\/\/jotelulu.com\/fr-fr\/wp-json\/wp\/v2\/users\/5"}],"replies":[{"embeddable":true,"href":"https:\/\/jotelulu.com\/fr-fr\/wp-json\/wp\/v2\/comments?post=43826"}],"version-history":[{"count":6,"href":"https:\/\/jotelulu.com\/fr-fr\/wp-json\/wp\/v2\/pages\/43826\/revisions"}],"predecessor-version":[{"id":47746,"href":"https:\/\/jotelulu.com\/fr-fr\/wp-json\/wp\/v2\/pages\/43826\/revisions\/47746"}],"wp:attachment":[{"href":"https:\/\/jotelulu.com\/fr-fr\/wp-json\/wp\/v2\/media?parent=43826"}],"curies":[{"name":"wp","href":"https:\/\/api.w.org\/{rel}","templated":true}]}}