{"id":43809,"date":"2024-07-23T11:26:48","date_gmt":"2024-07-23T09:26:48","guid":{"rendered":"https:\/\/jotelulu.com\/casos-de-exito\/"},"modified":"2025-03-14T14:56:12","modified_gmt":"2025-03-14T13:56:12","slug":"temoignages-partenaires","status":"publish","type":"page","link":"https:\/\/jotelulu.com\/fr-fr\/temoignages-partenaires\/","title":{"rendered":"T\u00e9moignages Partenaires"},"content":{"rendered":"","protected":false},"excerpt":{"rendered":"","protected":false},"author":5,"featured_media":0,"parent":0,"menu_order":0,"comment_status":"closed","ping_status":"closed","template":"template-flexible.php","meta":{"_acf_changed":false,"footnotes":""},"class_list":["post-43809","page","type-page","status-publish","hentry"],"acf":[],"yoast_head":"<!-- This site is optimized with the Yoast SEO plugin v27.4 - https:\/\/yoast.com\/product\/yoast-seo-wordpress\/ -->\n<title>T\u00e9moignages Partenaires | JOTELULU<\/title>\n<meta name=\"description\" content=\"T\u00e9moignages Partenaires : d\u00e9couvrez comment des entreprises du secteur IT gagnent en comp\u00e9titivit\u00e9 gr\u00e2ce \u00e0 la plateforme Jotelulu.\" \/>\n<meta name=\"robots\" content=\"index, follow, max-snippet:-1, max-image-preview:large, max-video-preview:-1\" \/>\n<link rel=\"canonical\" href=\"https:\/\/jotelulu.com\/fr-fr\/temoignages-partenaires\/\" \/>\n<meta property=\"og:locale\" content=\"fr_FR\" \/>\n<meta property=\"og:type\" content=\"article\" \/>\n<meta property=\"og:title\" content=\"T\u00e9moignages Partenaires | JOTELULU\" \/>\n<meta property=\"og:description\" content=\"T\u00e9moignages Partenaires : d\u00e9couvrez comment des entreprises du secteur IT gagnent en comp\u00e9titivit\u00e9 gr\u00e2ce \u00e0 la plateforme Jotelulu.\" \/>\n<meta property=\"og:url\" content=\"https:\/\/jotelulu.com\/fr-fr\/temoignages-partenaires\/\" \/>\n<meta property=\"og:site_name\" content=\"Jotelulu\" \/>\n<meta property=\"article:modified_time\" content=\"2025-03-14T13:56:12+00:00\" \/>\n<meta name=\"twitter:card\" content=\"summary_large_image\" \/>\n<script type=\"application\/ld+json\" class=\"yoast-schema-graph\">{\"@context\":\"https:\\\/\\\/schema.org\",\"@graph\":[{\"@type\":\"WebPage\",\"@id\":\"https:\\\/\\\/jotelulu.com\\\/fr-fr\\\/temoignages-partenaires\\\/\",\"url\":\"https:\\\/\\\/jotelulu.com\\\/fr-fr\\\/temoignages-partenaires\\\/\",\"name\":\"T\u00e9moignages Partenaires | JOTELULU\",\"isPartOf\":{\"@id\":\"https:\\\/\\\/jotelulu.com\\\/fr-fr\\\/#website\"},\"datePublished\":\"2024-07-23T09:26:48+00:00\",\"dateModified\":\"2025-03-14T13:56:12+00:00\",\"description\":\"T\u00e9moignages Partenaires : d\u00e9couvrez comment des entreprises du secteur IT gagnent en comp\u00e9titivit\u00e9 gr\u00e2ce \u00e0 la plateforme Jotelulu.\",\"breadcrumb\":{\"@id\":\"https:\\\/\\\/jotelulu.com\\\/fr-fr\\\/temoignages-partenaires\\\/#breadcrumb\"},\"inLanguage\":\"fr\",\"potentialAction\":[{\"@type\":\"ReadAction\",\"target\":[\"https:\\\/\\\/jotelulu.com\\\/fr-fr\\\/temoignages-partenaires\\\/\"]}]},{\"@type\":\"BreadcrumbList\",\"@id\":\"https:\\\/\\\/jotelulu.com\\\/fr-fr\\\/temoignages-partenaires\\\/#breadcrumb\",\"itemListElement\":[{\"@type\":\"ListItem\",\"position\":1,\"name\":\"Portada\",\"item\":\"https:\\\/\\\/jotelulu.com\\\/fr-fr\\\/\"},{\"@type\":\"ListItem\",\"position\":2,\"name\":\"T\u00e9moignages Partenaires\"}]},{\"@type\":\"WebSite\",\"@id\":\"https:\\\/\\\/jotelulu.com\\\/fr-fr\\\/#website\",\"url\":\"https:\\\/\\\/jotelulu.com\\\/fr-fr\\\/\",\"name\":\"Jotelulu\",\"description\":\"Cloud Paradise for Tech Companies\",\"potentialAction\":[{\"@type\":\"SearchAction\",\"target\":{\"@type\":\"EntryPoint\",\"urlTemplate\":\"https:\\\/\\\/jotelulu.com\\\/fr-fr\\\/?s={search_term_string}\"},\"query-input\":{\"@type\":\"PropertyValueSpecification\",\"valueRequired\":true,\"valueName\":\"search_term_string\"}}],\"inLanguage\":\"fr\"}]}<\/script>\n<!-- \/ Yoast SEO plugin. -->","yoast_head_json":{"title":"T\u00e9moignages Partenaires | JOTELULU","description":"T\u00e9moignages Partenaires : d\u00e9couvrez comment des entreprises du secteur IT gagnent en comp\u00e9titivit\u00e9 gr\u00e2ce \u00e0 la plateforme Jotelulu.","robots":{"index":"index","follow":"follow","max-snippet":"max-snippet:-1","max-image-preview":"max-image-preview:large","max-video-preview":"max-video-preview:-1"},"canonical":"https:\/\/jotelulu.com\/fr-fr\/temoignages-partenaires\/","og_locale":"fr_FR","og_type":"article","og_title":"T\u00e9moignages Partenaires | JOTELULU","og_description":"T\u00e9moignages Partenaires : d\u00e9couvrez comment des entreprises du secteur IT gagnent en comp\u00e9titivit\u00e9 gr\u00e2ce \u00e0 la plateforme Jotelulu.","og_url":"https:\/\/jotelulu.com\/fr-fr\/temoignages-partenaires\/","og_site_name":"Jotelulu","article_modified_time":"2025-03-14T13:56:12+00:00","twitter_card":"summary_large_image","schema":{"@context":"https:\/\/schema.org","@graph":[{"@type":"WebPage","@id":"https:\/\/jotelulu.com\/fr-fr\/temoignages-partenaires\/","url":"https:\/\/jotelulu.com\/fr-fr\/temoignages-partenaires\/","name":"T\u00e9moignages Partenaires | JOTELULU","isPartOf":{"@id":"https:\/\/jotelulu.com\/fr-fr\/#website"},"datePublished":"2024-07-23T09:26:48+00:00","dateModified":"2025-03-14T13:56:12+00:00","description":"T\u00e9moignages Partenaires : d\u00e9couvrez comment des entreprises du secteur IT gagnent en comp\u00e9titivit\u00e9 gr\u00e2ce \u00e0 la plateforme Jotelulu.","breadcrumb":{"@id":"https:\/\/jotelulu.com\/fr-fr\/temoignages-partenaires\/#breadcrumb"},"inLanguage":"fr","potentialAction":[{"@type":"ReadAction","target":["https:\/\/jotelulu.com\/fr-fr\/temoignages-partenaires\/"]}]},{"@type":"BreadcrumbList","@id":"https:\/\/jotelulu.com\/fr-fr\/temoignages-partenaires\/#breadcrumb","itemListElement":[{"@type":"ListItem","position":1,"name":"Portada","item":"https:\/\/jotelulu.com\/fr-fr\/"},{"@type":"ListItem","position":2,"name":"T\u00e9moignages Partenaires"}]},{"@type":"WebSite","@id":"https:\/\/jotelulu.com\/fr-fr\/#website","url":"https:\/\/jotelulu.com\/fr-fr\/","name":"Jotelulu","description":"Cloud Paradise for Tech Companies","potentialAction":[{"@type":"SearchAction","target":{"@type":"EntryPoint","urlTemplate":"https:\/\/jotelulu.com\/fr-fr\/?s={search_term_string}"},"query-input":{"@type":"PropertyValueSpecification","valueRequired":true,"valueName":"search_term_string"}}],"inLanguage":"fr"}]}},"_links":{"self":[{"href":"https:\/\/jotelulu.com\/fr-fr\/wp-json\/wp\/v2\/pages\/43809","targetHints":{"allow":["GET"]}}],"collection":[{"href":"https:\/\/jotelulu.com\/fr-fr\/wp-json\/wp\/v2\/pages"}],"about":[{"href":"https:\/\/jotelulu.com\/fr-fr\/wp-json\/wp\/v2\/types\/page"}],"author":[{"embeddable":true,"href":"https:\/\/jotelulu.com\/fr-fr\/wp-json\/wp\/v2\/users\/5"}],"replies":[{"embeddable":true,"href":"https:\/\/jotelulu.com\/fr-fr\/wp-json\/wp\/v2\/comments?post=43809"}],"version-history":[{"count":4,"href":"https:\/\/jotelulu.com\/fr-fr\/wp-json\/wp\/v2\/pages\/43809\/revisions"}],"predecessor-version":[{"id":51879,"href":"https:\/\/jotelulu.com\/fr-fr\/wp-json\/wp\/v2\/pages\/43809\/revisions\/51879"}],"wp:attachment":[{"href":"https:\/\/jotelulu.com\/fr-fr\/wp-json\/wp\/v2\/media?parent=43809"}],"curies":[{"name":"wp","href":"https:\/\/api.w.org\/{rel}","templated":true}]}}