{"id":43806,"date":"2024-08-21T11:01:13","date_gmt":"2024-08-21T09:01:13","guid":{"rendered":"https:\/\/jotelulu.com\/blog\/"},"modified":"2025-02-24T16:31:41","modified_gmt":"2025-02-24T15:31:41","slug":"blog","status":"publish","type":"page","link":"https:\/\/jotelulu.com\/fr-fr\/blog\/","title":{"rendered":"Blog"},"content":{"rendered":"","protected":false},"excerpt":{"rendered":"","protected":false},"author":5,"featured_media":0,"parent":0,"menu_order":0,"comment_status":"closed","ping_status":"closed","template":"template-flexible.php","meta":{"_acf_changed":false,"footnotes":""},"class_list":["post-43806","page","type-page","status-publish","hentry"],"acf":[],"yoast_head":"<!-- This site is optimized with the Yoast SEO plugin v27.4 - https:\/\/yoast.com\/product\/yoast-seo-wordpress\/ -->\n<title>Blog - Focus sur le service IT | JOTELULU<\/title>\n<meta name=\"description\" content=\"Le blog Jotelulu vise \u00e0 aider toutes les entreprises \u00e0 am\u00e9liorer leurs processus de travail \u00e0 travers leurs d\u00e9partements IT et leurs administrateurs syst\u00e8me.\" \/>\n<meta name=\"robots\" content=\"index, follow, max-snippet:-1, max-image-preview:large, max-video-preview:-1\" \/>\n<link rel=\"canonical\" href=\"https:\/\/jotelulu.com\/fr-fr\/blog\/\" \/>\n<meta property=\"og:locale\" content=\"fr_FR\" \/>\n<meta property=\"og:type\" content=\"article\" \/>\n<meta property=\"og:title\" content=\"Blog - Focus sur le service IT | JOTELULU\" \/>\n<meta property=\"og:description\" content=\"Le blog Jotelulu vise \u00e0 aider toutes les entreprises \u00e0 am\u00e9liorer leurs processus de travail \u00e0 travers leurs d\u00e9partements IT et leurs administrateurs syst\u00e8me.\" \/>\n<meta property=\"og:url\" content=\"https:\/\/jotelulu.com\/fr-fr\/blog\/\" \/>\n<meta property=\"og:site_name\" content=\"Jotelulu\" \/>\n<meta property=\"article:modified_time\" content=\"2025-02-24T15:31:41+00:00\" \/>\n<meta name=\"twitter:card\" content=\"summary_large_image\" \/>\n<script type=\"application\/ld+json\" class=\"yoast-schema-graph\">{\"@context\":\"https:\\\/\\\/schema.org\",\"@graph\":[{\"@type\":\"WebPage\",\"@id\":\"https:\\\/\\\/jotelulu.com\\\/fr-fr\\\/blog\\\/\",\"url\":\"https:\\\/\\\/jotelulu.com\\\/fr-fr\\\/blog\\\/\",\"name\":\"Blog - Focus sur le service IT | JOTELULU\",\"isPartOf\":{\"@id\":\"https:\\\/\\\/jotelulu.com\\\/fr-fr\\\/#website\"},\"datePublished\":\"2024-08-21T09:01:13+00:00\",\"dateModified\":\"2025-02-24T15:31:41+00:00\",\"description\":\"Le blog Jotelulu vise \u00e0 aider toutes les entreprises \u00e0 am\u00e9liorer leurs processus de travail \u00e0 travers leurs d\u00e9partements IT et leurs administrateurs syst\u00e8me.\",\"breadcrumb\":{\"@id\":\"https:\\\/\\\/jotelulu.com\\\/fr-fr\\\/blog\\\/#breadcrumb\"},\"inLanguage\":\"fr\",\"potentialAction\":[{\"@type\":\"ReadAction\",\"target\":[\"https:\\\/\\\/jotelulu.com\\\/fr-fr\\\/blog\\\/\"]}]},{\"@type\":\"BreadcrumbList\",\"@id\":\"https:\\\/\\\/jotelulu.com\\\/fr-fr\\\/blog\\\/#breadcrumb\",\"itemListElement\":[{\"@type\":\"ListItem\",\"position\":1,\"name\":\"Portada\",\"item\":\"https:\\\/\\\/jotelulu.com\\\/fr-fr\\\/\"},{\"@type\":\"ListItem\",\"position\":2,\"name\":\"Blog\"}]},{\"@type\":\"WebSite\",\"@id\":\"https:\\\/\\\/jotelulu.com\\\/fr-fr\\\/#website\",\"url\":\"https:\\\/\\\/jotelulu.com\\\/fr-fr\\\/\",\"name\":\"Jotelulu\",\"description\":\"Cloud Paradise for Tech Companies\",\"potentialAction\":[{\"@type\":\"SearchAction\",\"target\":{\"@type\":\"EntryPoint\",\"urlTemplate\":\"https:\\\/\\\/jotelulu.com\\\/fr-fr\\\/?s={search_term_string}\"},\"query-input\":{\"@type\":\"PropertyValueSpecification\",\"valueRequired\":true,\"valueName\":\"search_term_string\"}}],\"inLanguage\":\"fr\"}]}<\/script>\n<!-- \/ Yoast SEO plugin. -->","yoast_head_json":{"title":"Blog - Focus sur le service IT | JOTELULU","description":"Le blog Jotelulu vise \u00e0 aider toutes les entreprises \u00e0 am\u00e9liorer leurs processus de travail \u00e0 travers leurs d\u00e9partements IT et leurs administrateurs syst\u00e8me.","robots":{"index":"index","follow":"follow","max-snippet":"max-snippet:-1","max-image-preview":"max-image-preview:large","max-video-preview":"max-video-preview:-1"},"canonical":"https:\/\/jotelulu.com\/fr-fr\/blog\/","og_locale":"fr_FR","og_type":"article","og_title":"Blog - Focus sur le service IT | JOTELULU","og_description":"Le blog Jotelulu vise \u00e0 aider toutes les entreprises \u00e0 am\u00e9liorer leurs processus de travail \u00e0 travers leurs d\u00e9partements IT et leurs administrateurs syst\u00e8me.","og_url":"https:\/\/jotelulu.com\/fr-fr\/blog\/","og_site_name":"Jotelulu","article_modified_time":"2025-02-24T15:31:41+00:00","twitter_card":"summary_large_image","schema":{"@context":"https:\/\/schema.org","@graph":[{"@type":"WebPage","@id":"https:\/\/jotelulu.com\/fr-fr\/blog\/","url":"https:\/\/jotelulu.com\/fr-fr\/blog\/","name":"Blog - Focus sur le service IT | JOTELULU","isPartOf":{"@id":"https:\/\/jotelulu.com\/fr-fr\/#website"},"datePublished":"2024-08-21T09:01:13+00:00","dateModified":"2025-02-24T15:31:41+00:00","description":"Le blog Jotelulu vise \u00e0 aider toutes les entreprises \u00e0 am\u00e9liorer leurs processus de travail \u00e0 travers leurs d\u00e9partements IT et leurs administrateurs syst\u00e8me.","breadcrumb":{"@id":"https:\/\/jotelulu.com\/fr-fr\/blog\/#breadcrumb"},"inLanguage":"fr","potentialAction":[{"@type":"ReadAction","target":["https:\/\/jotelulu.com\/fr-fr\/blog\/"]}]},{"@type":"BreadcrumbList","@id":"https:\/\/jotelulu.com\/fr-fr\/blog\/#breadcrumb","itemListElement":[{"@type":"ListItem","position":1,"name":"Portada","item":"https:\/\/jotelulu.com\/fr-fr\/"},{"@type":"ListItem","position":2,"name":"Blog"}]},{"@type":"WebSite","@id":"https:\/\/jotelulu.com\/fr-fr\/#website","url":"https:\/\/jotelulu.com\/fr-fr\/","name":"Jotelulu","description":"Cloud Paradise for Tech Companies","potentialAction":[{"@type":"SearchAction","target":{"@type":"EntryPoint","urlTemplate":"https:\/\/jotelulu.com\/fr-fr\/?s={search_term_string}"},"query-input":{"@type":"PropertyValueSpecification","valueRequired":true,"valueName":"search_term_string"}}],"inLanguage":"fr"}]}},"_links":{"self":[{"href":"https:\/\/jotelulu.com\/fr-fr\/wp-json\/wp\/v2\/pages\/43806","targetHints":{"allow":["GET"]}}],"collection":[{"href":"https:\/\/jotelulu.com\/fr-fr\/wp-json\/wp\/v2\/pages"}],"about":[{"href":"https:\/\/jotelulu.com\/fr-fr\/wp-json\/wp\/v2\/types\/page"}],"author":[{"embeddable":true,"href":"https:\/\/jotelulu.com\/fr-fr\/wp-json\/wp\/v2\/users\/5"}],"replies":[{"embeddable":true,"href":"https:\/\/jotelulu.com\/fr-fr\/wp-json\/wp\/v2\/comments?post=43806"}],"version-history":[{"count":1,"href":"https:\/\/jotelulu.com\/fr-fr\/wp-json\/wp\/v2\/pages\/43806\/revisions"}],"predecessor-version":[{"id":46269,"href":"https:\/\/jotelulu.com\/fr-fr\/wp-json\/wp\/v2\/pages\/43806\/revisions\/46269"}],"wp:attachment":[{"href":"https:\/\/jotelulu.com\/fr-fr\/wp-json\/wp\/v2\/media?parent=43806"}],"curies":[{"name":"wp","href":"https:\/\/api.w.org\/{rel}","templated":true}]}}