{"id":43799,"date":"2024-08-27T14:35:29","date_gmt":"2024-08-27T12:35:29","guid":{"rendered":"https:\/\/jotelulu.com\/sobre-jotelulu\/"},"modified":"2025-03-13T16:50:33","modified_gmt":"2025-03-13T15:50:33","slug":"a-propos-de-jotelulu","status":"publish","type":"page","link":"https:\/\/jotelulu.com\/fr-fr\/a-propos-de-jotelulu\/","title":{"rendered":"\u00c0 propos de Jotelulu"},"content":{"rendered":"","protected":false},"excerpt":{"rendered":"","protected":false},"author":5,"featured_media":0,"parent":0,"menu_order":0,"comment_status":"closed","ping_status":"closed","template":"template-flexible.php","meta":{"_acf_changed":false,"footnotes":""},"class_list":["post-43799","page","type-page","status-publish","hentry"],"acf":[],"yoast_head":"<!-- This site is optimized with the Yoast SEO plugin v27.4 - https:\/\/yoast.com\/product\/yoast-seo-wordpress\/ -->\n<title>Notre histoire | JOTELULU<\/title>\n<meta name=\"description\" content=\"En 2016, apr\u00e8s avoir test\u00e9 des dizaines d\u2019outils, nous avons d\u00e9cid\u00e9 de cr\u00e9er le n\u00f4tre. Jotelulu : une plateforme en ligne con\u00e7ue pour aider les SysAdmins.\" \/>\n<meta name=\"robots\" content=\"index, follow, max-snippet:-1, max-image-preview:large, max-video-preview:-1\" \/>\n<link rel=\"canonical\" href=\"https:\/\/jotelulu.com\/fr-fr\/a-propos-de-jotelulu\/\" \/>\n<meta property=\"og:locale\" content=\"fr_FR\" \/>\n<meta property=\"og:type\" content=\"article\" \/>\n<meta property=\"og:title\" content=\"Notre histoire | JOTELULU\" \/>\n<meta property=\"og:description\" content=\"En 2016, apr\u00e8s avoir test\u00e9 des dizaines d\u2019outils, nous avons d\u00e9cid\u00e9 de cr\u00e9er le n\u00f4tre. Jotelulu : une plateforme en ligne con\u00e7ue pour aider les SysAdmins.\" \/>\n<meta property=\"og:url\" content=\"https:\/\/jotelulu.com\/fr-fr\/a-propos-de-jotelulu\/\" \/>\n<meta property=\"og:site_name\" content=\"Jotelulu\" \/>\n<meta property=\"article:modified_time\" content=\"2025-03-13T15:50:33+00:00\" \/>\n<meta name=\"twitter:card\" content=\"summary_large_image\" \/>\n<script type=\"application\/ld+json\" class=\"yoast-schema-graph\">{\"@context\":\"https:\\\/\\\/schema.org\",\"@graph\":[{\"@type\":\"WebPage\",\"@id\":\"https:\\\/\\\/jotelulu.com\\\/fr-fr\\\/a-propos-de-jotelulu\\\/\",\"url\":\"https:\\\/\\\/jotelulu.com\\\/fr-fr\\\/a-propos-de-jotelulu\\\/\",\"name\":\"Notre histoire | JOTELULU\",\"isPartOf\":{\"@id\":\"https:\\\/\\\/jotelulu.com\\\/fr-fr\\\/#website\"},\"datePublished\":\"2024-08-27T12:35:29+00:00\",\"dateModified\":\"2025-03-13T15:50:33+00:00\",\"description\":\"En 2016, apr\u00e8s avoir test\u00e9 des dizaines d\u2019outils, nous avons d\u00e9cid\u00e9 de cr\u00e9er le n\u00f4tre. Jotelulu : une plateforme en ligne con\u00e7ue pour aider les SysAdmins.\",\"breadcrumb\":{\"@id\":\"https:\\\/\\\/jotelulu.com\\\/fr-fr\\\/a-propos-de-jotelulu\\\/#breadcrumb\"},\"inLanguage\":\"fr\",\"potentialAction\":[{\"@type\":\"ReadAction\",\"target\":[\"https:\\\/\\\/jotelulu.com\\\/fr-fr\\\/a-propos-de-jotelulu\\\/\"]}]},{\"@type\":\"BreadcrumbList\",\"@id\":\"https:\\\/\\\/jotelulu.com\\\/fr-fr\\\/a-propos-de-jotelulu\\\/#breadcrumb\",\"itemListElement\":[{\"@type\":\"ListItem\",\"position\":1,\"name\":\"Portada\",\"item\":\"https:\\\/\\\/jotelulu.com\\\/fr-fr\\\/\"},{\"@type\":\"ListItem\",\"position\":2,\"name\":\"\u00c0 propos de Jotelulu\"}]},{\"@type\":\"WebSite\",\"@id\":\"https:\\\/\\\/jotelulu.com\\\/fr-fr\\\/#website\",\"url\":\"https:\\\/\\\/jotelulu.com\\\/fr-fr\\\/\",\"name\":\"Jotelulu\",\"description\":\"Cloud Paradise for Tech Companies\",\"potentialAction\":[{\"@type\":\"SearchAction\",\"target\":{\"@type\":\"EntryPoint\",\"urlTemplate\":\"https:\\\/\\\/jotelulu.com\\\/fr-fr\\\/?s={search_term_string}\"},\"query-input\":{\"@type\":\"PropertyValueSpecification\",\"valueRequired\":true,\"valueName\":\"search_term_string\"}}],\"inLanguage\":\"fr\"}]}<\/script>\n<!-- \/ Yoast SEO plugin. -->","yoast_head_json":{"title":"Notre histoire | JOTELULU","description":"En 2016, apr\u00e8s avoir test\u00e9 des dizaines d\u2019outils, nous avons d\u00e9cid\u00e9 de cr\u00e9er le n\u00f4tre. Jotelulu : une plateforme en ligne con\u00e7ue pour aider les SysAdmins.","robots":{"index":"index","follow":"follow","max-snippet":"max-snippet:-1","max-image-preview":"max-image-preview:large","max-video-preview":"max-video-preview:-1"},"canonical":"https:\/\/jotelulu.com\/fr-fr\/a-propos-de-jotelulu\/","og_locale":"fr_FR","og_type":"article","og_title":"Notre histoire | JOTELULU","og_description":"En 2016, apr\u00e8s avoir test\u00e9 des dizaines d\u2019outils, nous avons d\u00e9cid\u00e9 de cr\u00e9er le n\u00f4tre. Jotelulu : une plateforme en ligne con\u00e7ue pour aider les SysAdmins.","og_url":"https:\/\/jotelulu.com\/fr-fr\/a-propos-de-jotelulu\/","og_site_name":"Jotelulu","article_modified_time":"2025-03-13T15:50:33+00:00","twitter_card":"summary_large_image","schema":{"@context":"https:\/\/schema.org","@graph":[{"@type":"WebPage","@id":"https:\/\/jotelulu.com\/fr-fr\/a-propos-de-jotelulu\/","url":"https:\/\/jotelulu.com\/fr-fr\/a-propos-de-jotelulu\/","name":"Notre histoire | JOTELULU","isPartOf":{"@id":"https:\/\/jotelulu.com\/fr-fr\/#website"},"datePublished":"2024-08-27T12:35:29+00:00","dateModified":"2025-03-13T15:50:33+00:00","description":"En 2016, apr\u00e8s avoir test\u00e9 des dizaines d\u2019outils, nous avons d\u00e9cid\u00e9 de cr\u00e9er le n\u00f4tre. Jotelulu : une plateforme en ligne con\u00e7ue pour aider les SysAdmins.","breadcrumb":{"@id":"https:\/\/jotelulu.com\/fr-fr\/a-propos-de-jotelulu\/#breadcrumb"},"inLanguage":"fr","potentialAction":[{"@type":"ReadAction","target":["https:\/\/jotelulu.com\/fr-fr\/a-propos-de-jotelulu\/"]}]},{"@type":"BreadcrumbList","@id":"https:\/\/jotelulu.com\/fr-fr\/a-propos-de-jotelulu\/#breadcrumb","itemListElement":[{"@type":"ListItem","position":1,"name":"Portada","item":"https:\/\/jotelulu.com\/fr-fr\/"},{"@type":"ListItem","position":2,"name":"\u00c0 propos de Jotelulu"}]},{"@type":"WebSite","@id":"https:\/\/jotelulu.com\/fr-fr\/#website","url":"https:\/\/jotelulu.com\/fr-fr\/","name":"Jotelulu","description":"Cloud Paradise for Tech Companies","potentialAction":[{"@type":"SearchAction","target":{"@type":"EntryPoint","urlTemplate":"https:\/\/jotelulu.com\/fr-fr\/?s={search_term_string}"},"query-input":{"@type":"PropertyValueSpecification","valueRequired":true,"valueName":"search_term_string"}}],"inLanguage":"fr"}]}},"_links":{"self":[{"href":"https:\/\/jotelulu.com\/fr-fr\/wp-json\/wp\/v2\/pages\/43799","targetHints":{"allow":["GET"]}}],"collection":[{"href":"https:\/\/jotelulu.com\/fr-fr\/wp-json\/wp\/v2\/pages"}],"about":[{"href":"https:\/\/jotelulu.com\/fr-fr\/wp-json\/wp\/v2\/types\/page"}],"author":[{"embeddable":true,"href":"https:\/\/jotelulu.com\/fr-fr\/wp-json\/wp\/v2\/users\/5"}],"replies":[{"embeddable":true,"href":"https:\/\/jotelulu.com\/fr-fr\/wp-json\/wp\/v2\/comments?post=43799"}],"version-history":[{"count":7,"href":"https:\/\/jotelulu.com\/fr-fr\/wp-json\/wp\/v2\/pages\/43799\/revisions"}],"predecessor-version":[{"id":51770,"href":"https:\/\/jotelulu.com\/fr-fr\/wp-json\/wp\/v2\/pages\/43799\/revisions\/51770"}],"wp:attachment":[{"href":"https:\/\/jotelulu.com\/fr-fr\/wp-json\/wp\/v2\/media?parent=43799"}],"curies":[{"name":"wp","href":"https:\/\/api.w.org\/{rel}","templated":true}]}}