{"id":43794,"date":"2024-09-03T13:25:47","date_gmt":"2024-09-03T11:25:47","guid":{"rendered":"https:\/\/jotelulu.com\/sostenibilidad\/"},"modified":"2025-09-24T02:19:52","modified_gmt":"2025-09-24T00:19:52","slug":"durabilite","status":"publish","type":"page","link":"https:\/\/jotelulu.com\/fr-fr\/durabilite\/","title":{"rendered":"Durabilit\u00e9"},"content":{"rendered":"","protected":false},"excerpt":{"rendered":"","protected":false},"author":5,"featured_media":0,"parent":0,"menu_order":0,"comment_status":"closed","ping_status":"closed","template":"template-flexible.php","meta":{"_acf_changed":false,"footnotes":""},"class_list":["post-43794","page","type-page","status-publish","hentry"],"acf":[],"yoast_head":"<!-- This site is optimized with the Yoast SEO plugin v27.4 - https:\/\/yoast.com\/product\/yoast-seo-wordpress\/ -->\n<title>Durabilit\u00e9, notre engagement Responsable | JOTELULU<\/title>\n<meta name=\"description\" content=\"Chez Jotelulu, nous \u0153uvrons pour la durabilit\u00e9, en am\u00e9liorant l&#039;efficacit\u00e9, les achats, la vie pro-perso, ainsi que notre contribution sociale et environnementale.\" \/>\n<meta name=\"robots\" content=\"index, follow, max-snippet:-1, max-image-preview:large, max-video-preview:-1\" \/>\n<link rel=\"canonical\" href=\"https:\/\/jotelulu.com\/fr-fr\/durabilite\/\" \/>\n<meta property=\"og:locale\" content=\"fr_FR\" \/>\n<meta property=\"og:type\" content=\"article\" \/>\n<meta property=\"og:title\" content=\"Durabilit\u00e9, notre engagement Responsable | JOTELULU\" \/>\n<meta property=\"og:description\" content=\"Chez Jotelulu, nous \u0153uvrons pour la durabilit\u00e9, en am\u00e9liorant l&#039;efficacit\u00e9, les achats, la vie pro-perso, ainsi que notre contribution sociale et environnementale.\" \/>\n<meta property=\"og:url\" content=\"https:\/\/jotelulu.com\/fr-fr\/durabilite\/\" \/>\n<meta property=\"og:site_name\" content=\"Jotelulu\" \/>\n<meta property=\"article:modified_time\" content=\"2025-09-24T00:19:52+00:00\" \/>\n<meta name=\"twitter:card\" content=\"summary_large_image\" \/>\n<script type=\"application\/ld+json\" class=\"yoast-schema-graph\">{\"@context\":\"https:\\\/\\\/schema.org\",\"@graph\":[{\"@type\":\"WebPage\",\"@id\":\"https:\\\/\\\/jotelulu.com\\\/fr-fr\\\/durabilite\\\/\",\"url\":\"https:\\\/\\\/jotelulu.com\\\/fr-fr\\\/durabilite\\\/\",\"name\":\"Durabilit\u00e9, notre engagement Responsable | JOTELULU\",\"isPartOf\":{\"@id\":\"https:\\\/\\\/jotelulu.com\\\/fr-fr\\\/#website\"},\"datePublished\":\"2024-09-03T11:25:47+00:00\",\"dateModified\":\"2025-09-24T00:19:52+00:00\",\"description\":\"Chez Jotelulu, nous \u0153uvrons pour la durabilit\u00e9, en am\u00e9liorant l'efficacit\u00e9, les achats, la vie pro-perso, ainsi que notre contribution sociale et environnementale.\",\"breadcrumb\":{\"@id\":\"https:\\\/\\\/jotelulu.com\\\/fr-fr\\\/durabilite\\\/#breadcrumb\"},\"inLanguage\":\"fr\",\"potentialAction\":[{\"@type\":\"ReadAction\",\"target\":[\"https:\\\/\\\/jotelulu.com\\\/fr-fr\\\/durabilite\\\/\"]}]},{\"@type\":\"BreadcrumbList\",\"@id\":\"https:\\\/\\\/jotelulu.com\\\/fr-fr\\\/durabilite\\\/#breadcrumb\",\"itemListElement\":[{\"@type\":\"ListItem\",\"position\":1,\"name\":\"Portada\",\"item\":\"https:\\\/\\\/jotelulu.com\\\/fr-fr\\\/\"},{\"@type\":\"ListItem\",\"position\":2,\"name\":\"Durabilit\u00e9\"}]},{\"@type\":\"WebSite\",\"@id\":\"https:\\\/\\\/jotelulu.com\\\/fr-fr\\\/#website\",\"url\":\"https:\\\/\\\/jotelulu.com\\\/fr-fr\\\/\",\"name\":\"Jotelulu\",\"description\":\"Cloud Paradise for Tech Companies\",\"potentialAction\":[{\"@type\":\"SearchAction\",\"target\":{\"@type\":\"EntryPoint\",\"urlTemplate\":\"https:\\\/\\\/jotelulu.com\\\/fr-fr\\\/?s={search_term_string}\"},\"query-input\":{\"@type\":\"PropertyValueSpecification\",\"valueRequired\":true,\"valueName\":\"search_term_string\"}}],\"inLanguage\":\"fr\"}]}<\/script>\n<!-- \/ Yoast SEO plugin. -->","yoast_head_json":{"title":"Durabilit\u00e9, notre engagement Responsable | JOTELULU","description":"Chez Jotelulu, nous \u0153uvrons pour la durabilit\u00e9, en am\u00e9liorant l'efficacit\u00e9, les achats, la vie pro-perso, ainsi que notre contribution sociale et environnementale.","robots":{"index":"index","follow":"follow","max-snippet":"max-snippet:-1","max-image-preview":"max-image-preview:large","max-video-preview":"max-video-preview:-1"},"canonical":"https:\/\/jotelulu.com\/fr-fr\/durabilite\/","og_locale":"fr_FR","og_type":"article","og_title":"Durabilit\u00e9, notre engagement Responsable | JOTELULU","og_description":"Chez Jotelulu, nous \u0153uvrons pour la durabilit\u00e9, en am\u00e9liorant l'efficacit\u00e9, les achats, la vie pro-perso, ainsi que notre contribution sociale et environnementale.","og_url":"https:\/\/jotelulu.com\/fr-fr\/durabilite\/","og_site_name":"Jotelulu","article_modified_time":"2025-09-24T00:19:52+00:00","twitter_card":"summary_large_image","schema":{"@context":"https:\/\/schema.org","@graph":[{"@type":"WebPage","@id":"https:\/\/jotelulu.com\/fr-fr\/durabilite\/","url":"https:\/\/jotelulu.com\/fr-fr\/durabilite\/","name":"Durabilit\u00e9, notre engagement Responsable | JOTELULU","isPartOf":{"@id":"https:\/\/jotelulu.com\/fr-fr\/#website"},"datePublished":"2024-09-03T11:25:47+00:00","dateModified":"2025-09-24T00:19:52+00:00","description":"Chez Jotelulu, nous \u0153uvrons pour la durabilit\u00e9, en am\u00e9liorant l'efficacit\u00e9, les achats, la vie pro-perso, ainsi que notre contribution sociale et environnementale.","breadcrumb":{"@id":"https:\/\/jotelulu.com\/fr-fr\/durabilite\/#breadcrumb"},"inLanguage":"fr","potentialAction":[{"@type":"ReadAction","target":["https:\/\/jotelulu.com\/fr-fr\/durabilite\/"]}]},{"@type":"BreadcrumbList","@id":"https:\/\/jotelulu.com\/fr-fr\/durabilite\/#breadcrumb","itemListElement":[{"@type":"ListItem","position":1,"name":"Portada","item":"https:\/\/jotelulu.com\/fr-fr\/"},{"@type":"ListItem","position":2,"name":"Durabilit\u00e9"}]},{"@type":"WebSite","@id":"https:\/\/jotelulu.com\/fr-fr\/#website","url":"https:\/\/jotelulu.com\/fr-fr\/","name":"Jotelulu","description":"Cloud Paradise for Tech Companies","potentialAction":[{"@type":"SearchAction","target":{"@type":"EntryPoint","urlTemplate":"https:\/\/jotelulu.com\/fr-fr\/?s={search_term_string}"},"query-input":{"@type":"PropertyValueSpecification","valueRequired":true,"valueName":"search_term_string"}}],"inLanguage":"fr"}]}},"_links":{"self":[{"href":"https:\/\/jotelulu.com\/fr-fr\/wp-json\/wp\/v2\/pages\/43794","targetHints":{"allow":["GET"]}}],"collection":[{"href":"https:\/\/jotelulu.com\/fr-fr\/wp-json\/wp\/v2\/pages"}],"about":[{"href":"https:\/\/jotelulu.com\/fr-fr\/wp-json\/wp\/v2\/types\/page"}],"author":[{"embeddable":true,"href":"https:\/\/jotelulu.com\/fr-fr\/wp-json\/wp\/v2\/users\/5"}],"replies":[{"embeddable":true,"href":"https:\/\/jotelulu.com\/fr-fr\/wp-json\/wp\/v2\/comments?post=43794"}],"version-history":[{"count":7,"href":"https:\/\/jotelulu.com\/fr-fr\/wp-json\/wp\/v2\/pages\/43794\/revisions"}],"predecessor-version":[{"id":72563,"href":"https:\/\/jotelulu.com\/fr-fr\/wp-json\/wp\/v2\/pages\/43794\/revisions\/72563"}],"wp:attachment":[{"href":"https:\/\/jotelulu.com\/fr-fr\/wp-json\/wp\/v2\/media?parent=43794"}],"curies":[{"name":"wp","href":"https:\/\/api.w.org\/{rel}","templated":true}]}}