{"id":43766,"date":"2024-09-10T16:46:34","date_gmt":"2024-09-10T14:46:34","guid":{"rendered":"https:\/\/jotelulu.com\/soporte\/"},"modified":"2025-08-14T13:56:42","modified_gmt":"2025-08-14T11:56:42","slug":"assistance","status":"publish","type":"page","link":"https:\/\/jotelulu.com\/fr-fr\/assistance\/","title":{"rendered":"Service d&#8217;assistance"},"content":{"rendered":"","protected":false},"excerpt":{"rendered":"","protected":false},"author":5,"featured_media":0,"parent":0,"menu_order":0,"comment_status":"closed","ping_status":"closed","template":"template-flexible.php","meta":{"_acf_changed":false,"footnotes":""},"class_list":["post-43766","page","type-page","status-publish","hentry"],"acf":[],"yoast_head":"<!-- This site is optimized with the Yoast SEO plugin v27.4 - https:\/\/yoast.com\/product\/yoast-seo-wordpress\/ -->\n<title>Service d&#039;assistance | JOTELULU<\/title>\n<meta name=\"description\" content=\"Notre \u00e9quipe d&#039;assistance est compos\u00e9e d&#039;ing\u00e9nieurs et d&#039;administrateurs syst\u00e8mes pr\u00eats \u00e0 vous aider en un appel.\" \/>\n<meta name=\"robots\" content=\"index, follow, max-snippet:-1, max-image-preview:large, max-video-preview:-1\" \/>\n<link rel=\"canonical\" href=\"https:\/\/jotelulu.com\/fr-fr\/assistance\/\" \/>\n<meta property=\"og:locale\" content=\"fr_FR\" \/>\n<meta property=\"og:type\" content=\"article\" \/>\n<meta property=\"og:title\" content=\"Service d&#039;assistance | JOTELULU\" \/>\n<meta property=\"og:description\" content=\"Notre \u00e9quipe d&#039;assistance est compos\u00e9e d&#039;ing\u00e9nieurs et d&#039;administrateurs syst\u00e8mes pr\u00eats \u00e0 vous aider en un appel.\" \/>\n<meta property=\"og:url\" content=\"https:\/\/jotelulu.com\/fr-fr\/assistance\/\" \/>\n<meta property=\"og:site_name\" content=\"Jotelulu\" \/>\n<meta property=\"article:modified_time\" content=\"2025-08-14T11:56:42+00:00\" \/>\n<meta name=\"twitter:card\" content=\"summary_large_image\" \/>\n<script type=\"application\/ld+json\" class=\"yoast-schema-graph\">{\"@context\":\"https:\\\/\\\/schema.org\",\"@graph\":[{\"@type\":\"WebPage\",\"@id\":\"https:\\\/\\\/jotelulu.com\\\/fr-fr\\\/assistance\\\/\",\"url\":\"https:\\\/\\\/jotelulu.com\\\/fr-fr\\\/assistance\\\/\",\"name\":\"Service d'assistance | JOTELULU\",\"isPartOf\":{\"@id\":\"https:\\\/\\\/jotelulu.com\\\/fr-fr\\\/#website\"},\"datePublished\":\"2024-09-10T14:46:34+00:00\",\"dateModified\":\"2025-08-14T11:56:42+00:00\",\"description\":\"Notre \u00e9quipe d'assistance est compos\u00e9e d'ing\u00e9nieurs et d'administrateurs syst\u00e8mes pr\u00eats \u00e0 vous aider en un appel.\",\"breadcrumb\":{\"@id\":\"https:\\\/\\\/jotelulu.com\\\/fr-fr\\\/assistance\\\/#breadcrumb\"},\"inLanguage\":\"fr\",\"potentialAction\":[{\"@type\":\"ReadAction\",\"target\":[\"https:\\\/\\\/jotelulu.com\\\/fr-fr\\\/assistance\\\/\"]}]},{\"@type\":\"BreadcrumbList\",\"@id\":\"https:\\\/\\\/jotelulu.com\\\/fr-fr\\\/assistance\\\/#breadcrumb\",\"itemListElement\":[{\"@type\":\"ListItem\",\"position\":1,\"name\":\"Portada\",\"item\":\"https:\\\/\\\/jotelulu.com\\\/fr-fr\\\/\"},{\"@type\":\"ListItem\",\"position\":2,\"name\":\"Service d&#8217;assistance\"}]},{\"@type\":\"WebSite\",\"@id\":\"https:\\\/\\\/jotelulu.com\\\/fr-fr\\\/#website\",\"url\":\"https:\\\/\\\/jotelulu.com\\\/fr-fr\\\/\",\"name\":\"Jotelulu\",\"description\":\"Cloud Paradise for Tech Companies\",\"potentialAction\":[{\"@type\":\"SearchAction\",\"target\":{\"@type\":\"EntryPoint\",\"urlTemplate\":\"https:\\\/\\\/jotelulu.com\\\/fr-fr\\\/?s={search_term_string}\"},\"query-input\":{\"@type\":\"PropertyValueSpecification\",\"valueRequired\":true,\"valueName\":\"search_term_string\"}}],\"inLanguage\":\"fr\"}]}<\/script>\n<!-- \/ Yoast SEO plugin. -->","yoast_head_json":{"title":"Service d'assistance | JOTELULU","description":"Notre \u00e9quipe d'assistance est compos\u00e9e d'ing\u00e9nieurs et d'administrateurs syst\u00e8mes pr\u00eats \u00e0 vous aider en un appel.","robots":{"index":"index","follow":"follow","max-snippet":"max-snippet:-1","max-image-preview":"max-image-preview:large","max-video-preview":"max-video-preview:-1"},"canonical":"https:\/\/jotelulu.com\/fr-fr\/assistance\/","og_locale":"fr_FR","og_type":"article","og_title":"Service d'assistance | JOTELULU","og_description":"Notre \u00e9quipe d'assistance est compos\u00e9e d'ing\u00e9nieurs et d'administrateurs syst\u00e8mes pr\u00eats \u00e0 vous aider en un appel.","og_url":"https:\/\/jotelulu.com\/fr-fr\/assistance\/","og_site_name":"Jotelulu","article_modified_time":"2025-08-14T11:56:42+00:00","twitter_card":"summary_large_image","schema":{"@context":"https:\/\/schema.org","@graph":[{"@type":"WebPage","@id":"https:\/\/jotelulu.com\/fr-fr\/assistance\/","url":"https:\/\/jotelulu.com\/fr-fr\/assistance\/","name":"Service d'assistance | JOTELULU","isPartOf":{"@id":"https:\/\/jotelulu.com\/fr-fr\/#website"},"datePublished":"2024-09-10T14:46:34+00:00","dateModified":"2025-08-14T11:56:42+00:00","description":"Notre \u00e9quipe d'assistance est compos\u00e9e d'ing\u00e9nieurs et d'administrateurs syst\u00e8mes pr\u00eats \u00e0 vous aider en un appel.","breadcrumb":{"@id":"https:\/\/jotelulu.com\/fr-fr\/assistance\/#breadcrumb"},"inLanguage":"fr","potentialAction":[{"@type":"ReadAction","target":["https:\/\/jotelulu.com\/fr-fr\/assistance\/"]}]},{"@type":"BreadcrumbList","@id":"https:\/\/jotelulu.com\/fr-fr\/assistance\/#breadcrumb","itemListElement":[{"@type":"ListItem","position":1,"name":"Portada","item":"https:\/\/jotelulu.com\/fr-fr\/"},{"@type":"ListItem","position":2,"name":"Service d&#8217;assistance"}]},{"@type":"WebSite","@id":"https:\/\/jotelulu.com\/fr-fr\/#website","url":"https:\/\/jotelulu.com\/fr-fr\/","name":"Jotelulu","description":"Cloud Paradise for Tech Companies","potentialAction":[{"@type":"SearchAction","target":{"@type":"EntryPoint","urlTemplate":"https:\/\/jotelulu.com\/fr-fr\/?s={search_term_string}"},"query-input":{"@type":"PropertyValueSpecification","valueRequired":true,"valueName":"search_term_string"}}],"inLanguage":"fr"}]}},"_links":{"self":[{"href":"https:\/\/jotelulu.com\/fr-fr\/wp-json\/wp\/v2\/pages\/43766","targetHints":{"allow":["GET"]}}],"collection":[{"href":"https:\/\/jotelulu.com\/fr-fr\/wp-json\/wp\/v2\/pages"}],"about":[{"href":"https:\/\/jotelulu.com\/fr-fr\/wp-json\/wp\/v2\/types\/page"}],"author":[{"embeddable":true,"href":"https:\/\/jotelulu.com\/fr-fr\/wp-json\/wp\/v2\/users\/5"}],"replies":[{"embeddable":true,"href":"https:\/\/jotelulu.com\/fr-fr\/wp-json\/wp\/v2\/comments?post=43766"}],"version-history":[{"count":9,"href":"https:\/\/jotelulu.com\/fr-fr\/wp-json\/wp\/v2\/pages\/43766\/revisions"}],"predecessor-version":[{"id":69350,"href":"https:\/\/jotelulu.com\/fr-fr\/wp-json\/wp\/v2\/pages\/43766\/revisions\/69350"}],"wp:attachment":[{"href":"https:\/\/jotelulu.com\/fr-fr\/wp-json\/wp\/v2\/media?parent=43766"}],"curies":[{"name":"wp","href":"https:\/\/api.w.org\/{rel}","templated":true}]}}