{"id":43670,"date":"2024-10-18T13:29:17","date_gmt":"2024-10-18T11:29:17","guid":{"rendered":"https:\/\/jotelulu.com\/politica-de-modificacion-de-precios\/"},"modified":"2024-10-18T13:29:17","modified_gmt":"2024-10-18T11:29:17","slug":"politica-de-modificacion-de-precios","status":"publish","type":"page","link":"https:\/\/jotelulu.com\/fr-fr\/politica-de-modificacion-de-precios\/","title":{"rendered":"Pol\u00edtica de Modificaci\u00f3n de Precios"},"content":{"rendered":"<ol start=\"1\">\n<li id=\"productos\"><span style=\"font-weight: 400;\"> Modificaci\u00f3n de tarifas sobre productos cloud de Jotelulu<\/span><\/li>\n<\/ol>\n<p>En Jotelulu se ha establecido una pol\u00edtica de modificaci\u00f3n de precios para el supuesto en el que sea necesario realizar un cambio en las tarifas establecidas. Los tres puntos fundamentales a destacar son:<\/p>\n<ul>\n<li><strong>Un cambio al a\u00f1o.<\/strong>\u00a0En caso de cambio, la modificaci\u00f3n\u00a0de las tarifas se realizar\u00e1 como m\u00e1ximo una vez al a\u00f1o.<\/li>\n<li><strong>Aviso con 2 meses de antelaci\u00f3n.<\/strong>\u00a0En caso de cambio, trataremos de comunicar las tarifas a modificar con 2 meses de antelaci\u00f3n.<\/li>\n<li><strong>Se informar\u00e1 v\u00eda correo electr\u00f3nico.<\/strong>\u00a0Desde Jotelulu nos comprometemos a contactar por correo electr\u00f3nico con el contacto principal y el\u00a0contacto de facturaci\u00f3n registrados en la plataforma.<\/li>\n<\/ul>\n<ol start=\"2\">\n<li id=\"licencias\"><span style=\"font-weight: 400;\"> Modificaci\u00f3n de tarifas en licencias de software de terceros<\/span><\/li>\n<\/ol>\n<p>A trav\u00e9s del Marketplace de Jotelulu es posible contratar licencias\u00a0de software de otras organizaciones\u00a0diferentes a Jotelulu. En este caso, estamos sujetos a las condiciones o pol\u00edticas de precios de cada fabricante y por lo tanto toda variaci\u00f3n de precios asociada a dicho software ser\u00e1 aplicada\u00a0previo aviso.<\/p>\n<ol start=\"3\">\n<li id=\"pago\"><span style=\"font-weight: 400;\"> Condiciones generales de pago<\/span><\/li>\n<\/ol>\n<p>\u00bfC\u00f3mo planteamos el\u00a0<em>pricing<\/em>\u00a0y las condiciones de pago en Jotelulu? \u00bfPor qu\u00e9? La idea fue\u00a0siempre la misma, facilitar la venta y la gesti\u00f3n de servicios cloud a cualquier empresa de IT. Dicho esto, al plantearlo todo, encontr\u00e1bamos poco funcionales\u00a0algunas pr\u00e1cticas del sector y\u00a0<strong>decidimos darle una vuelta<\/strong>\u00a0planteando nuestras\u00a0condiciones de precios y pago que son ligeramente diferentes a lo que nos encontramos en otros proveedores de servicios cloud.<\/p>\n<ul>\n<li><strong>Pay as you go.<\/strong>\u00a0Estar dado de alta en la plataforma no supone ning\u00fan coste. El coste est\u00e1 asociado exclusivamente al despliegue de servicios cloud ya sea en la organizaci\u00f3n partner o en una organizaci\u00f3n cliente.<\/li>\n<li><strong>No hay compromiso*.<\/strong>\u00a0Todos los\u00a0servicios cloud desplegados se facturan por horas, y por tanto, cualquier baja tendr\u00e1 un efecto inmediato sobre el servicio y su facturaci\u00f3n.<\/li>\n<li><strong>Un precio sin variaciones.<\/strong>\u00a0Los precios no var\u00edan mes a mes como en otros proveedores. En Jotelulu no hay conceptos o art\u00edculos (conectividad, ancho de banda\u2026)\u00a0que var\u00eden en funci\u00f3n del consumo por lo que no habr\u00e1 sustos a final de mes.<\/li>\n<li><strong>Pago a mes vencido.\u00a0<\/strong>Protege tu flujo de caja y evita las tensiones de tesorer\u00eda asociadas al\u00a0decalaje entre el pago del servicio, la emisi\u00f3n de\u00a0facturas y el cobro.<\/li>\n<li><strong>S\u00f3lo trabajamos con el canal.<\/strong>\u00a0\u00a0No queremos ser tu competencia.\u00a0Creemos que la \u00fanica manera de llegar a digitalizar y subir al cloud a\u00a0la pyme es a trav\u00e9s de empresas de IT como vosotros y por eso nuestro objetivo es haceros realmente competitivos, daros los mejores precios y apoyaros en todo lo posible.<\/li>\n<li><strong>7 d\u00edas gratis para cualquier nueva suscripci\u00f3n.\u00a0<\/strong>Porque sabemos que nuestros partners necesitan unos d\u00edas para montar y optimizar el entorno antes de su entrega al cliente final y creemos que de esta forma podemos ayudarles.<\/li>\n<li><strong>Bonificaci\u00f3n\u00a0a trav\u00e9s del\u00a0<a href=\"https:\/\/jotelulu.com\/incentivos\/\" target=\"_blank\" rel=\"noopener\">programa de incentivos<\/a>\u00a0y del <a href=\"https:\/\/jotelulu.com\/crecimiento\/\" target=\"_blank\" rel=\"noopener\"><span style=\"color: #f03070;\">programa de crecimiento<\/span><\/a>.\u00a0<\/strong>Planteamos un plan de incentivos para agradecer y recompensar a todos esos cientos de partners que conf\u00edan en nosotros.<\/li>\n<\/ul>\n","protected":false},"excerpt":{"rendered":"<p>Modificaci\u00f3n de tarifas sobre productos cloud de Jotelulu En Jotelulu se ha establecido una pol\u00edtica de modificaci\u00f3n de precios para el supuesto en el que sea necesario realizar un cambio en las tarifas establecidas. Los tres puntos fundamentales a destacar son: Un cambio al a\u00f1o.\u00a0En caso de cambio, la modificaci\u00f3n\u00a0de las tarifas se realizar\u00e1 como [&hellip;]<\/p>\n","protected":false},"author":3,"featured_media":0,"parent":0,"menu_order":0,"comment_status":"closed","ping_status":"closed","template":"","meta":{"_acf_changed":false,"footnotes":""},"class_list":["post-43670","page","type-page","status-publish","hentry"],"acf":[],"yoast_head":"<!-- This site is optimized with the Yoast SEO plugin v27.4 - https:\/\/yoast.com\/product\/yoast-seo-wordpress\/ -->\n<title>Pol\u00edtica de Modificaci\u00f3n de Precios - Jotelulu<\/title>\n<meta name=\"robots\" content=\"index, follow, max-snippet:-1, max-image-preview:large, max-video-preview:-1\" \/>\n<link rel=\"canonical\" href=\"https:\/\/jotelulu.com\/fr-fr\/politica-de-modificacion-de-precios\/\" \/>\n<meta property=\"og:locale\" content=\"fr_FR\" \/>\n<meta property=\"og:type\" content=\"article\" \/>\n<meta property=\"og:title\" content=\"Pol\u00edtica de Modificaci\u00f3n de Precios - Jotelulu\" \/>\n<meta property=\"og:description\" content=\"Modificaci\u00f3n de tarifas sobre productos cloud de Jotelulu En Jotelulu se ha establecido una pol\u00edtica de modificaci\u00f3n de precios para el supuesto en el que sea necesario realizar un cambio en las tarifas establecidas. Los tres puntos fundamentales a destacar son: Un cambio al a\u00f1o.\u00a0En caso de cambio, la modificaci\u00f3n\u00a0de las tarifas se realizar\u00e1 como [&hellip;]\" \/>\n<meta property=\"og:url\" content=\"https:\/\/jotelulu.com\/fr-fr\/politica-de-modificacion-de-precios\/\" \/>\n<meta property=\"og:site_name\" content=\"Jotelulu\" \/>\n<meta name=\"twitter:card\" content=\"summary_large_image\" \/>\n<meta name=\"twitter:label1\" content=\"Est. reading time\" \/>\n\t<meta name=\"twitter:data1\" content=\"3 minutes\" \/>\n<script type=\"application\/ld+json\" class=\"yoast-schema-graph\">{\"@context\":\"https:\\\/\\\/schema.org\",\"@graph\":[{\"@type\":\"WebPage\",\"@id\":\"https:\\\/\\\/jotelulu.com\\\/fr-fr\\\/politica-de-modificacion-de-precios\\\/\",\"url\":\"https:\\\/\\\/jotelulu.com\\\/fr-fr\\\/politica-de-modificacion-de-precios\\\/\",\"name\":\"Pol\u00edtica de Modificaci\u00f3n de Precios - Jotelulu\",\"isPartOf\":{\"@id\":\"https:\\\/\\\/jotelulu.com\\\/fr-fr\\\/#website\"},\"datePublished\":\"2024-10-18T11:29:17+00:00\",\"breadcrumb\":{\"@id\":\"https:\\\/\\\/jotelulu.com\\\/fr-fr\\\/politica-de-modificacion-de-precios\\\/#breadcrumb\"},\"inLanguage\":\"fr\",\"potentialAction\":[{\"@type\":\"ReadAction\",\"target\":[\"https:\\\/\\\/jotelulu.com\\\/fr-fr\\\/politica-de-modificacion-de-precios\\\/\"]}]},{\"@type\":\"BreadcrumbList\",\"@id\":\"https:\\\/\\\/jotelulu.com\\\/fr-fr\\\/politica-de-modificacion-de-precios\\\/#breadcrumb\",\"itemListElement\":[{\"@type\":\"ListItem\",\"position\":1,\"name\":\"Portada\",\"item\":\"https:\\\/\\\/jotelulu.com\\\/fr-fr\\\/\"},{\"@type\":\"ListItem\",\"position\":2,\"name\":\"Pol\u00edtica de Modificaci\u00f3n de Precios\"}]},{\"@type\":\"WebSite\",\"@id\":\"https:\\\/\\\/jotelulu.com\\\/fr-fr\\\/#website\",\"url\":\"https:\\\/\\\/jotelulu.com\\\/fr-fr\\\/\",\"name\":\"Jotelulu\",\"description\":\"Cloud Paradise for Tech Companies\",\"potentialAction\":[{\"@type\":\"SearchAction\",\"target\":{\"@type\":\"EntryPoint\",\"urlTemplate\":\"https:\\\/\\\/jotelulu.com\\\/fr-fr\\\/?s={search_term_string}\"},\"query-input\":{\"@type\":\"PropertyValueSpecification\",\"valueRequired\":true,\"valueName\":\"search_term_string\"}}],\"inLanguage\":\"fr\"}]}<\/script>\n<!-- \/ Yoast SEO plugin. -->","yoast_head_json":{"title":"Pol\u00edtica de Modificaci\u00f3n de Precios - Jotelulu","robots":{"index":"index","follow":"follow","max-snippet":"max-snippet:-1","max-image-preview":"max-image-preview:large","max-video-preview":"max-video-preview:-1"},"canonical":"https:\/\/jotelulu.com\/fr-fr\/politica-de-modificacion-de-precios\/","og_locale":"fr_FR","og_type":"article","og_title":"Pol\u00edtica de Modificaci\u00f3n de Precios - Jotelulu","og_description":"Modificaci\u00f3n de tarifas sobre productos cloud de Jotelulu En Jotelulu se ha establecido una pol\u00edtica de modificaci\u00f3n de precios para el supuesto en el que sea necesario realizar un cambio en las tarifas establecidas. Los tres puntos fundamentales a destacar son: Un cambio al a\u00f1o.\u00a0En caso de cambio, la modificaci\u00f3n\u00a0de las tarifas se realizar\u00e1 como [&hellip;]","og_url":"https:\/\/jotelulu.com\/fr-fr\/politica-de-modificacion-de-precios\/","og_site_name":"Jotelulu","twitter_card":"summary_large_image","twitter_misc":{"Est. reading time":"3 minutes"},"schema":{"@context":"https:\/\/schema.org","@graph":[{"@type":"WebPage","@id":"https:\/\/jotelulu.com\/fr-fr\/politica-de-modificacion-de-precios\/","url":"https:\/\/jotelulu.com\/fr-fr\/politica-de-modificacion-de-precios\/","name":"Pol\u00edtica de Modificaci\u00f3n de Precios - Jotelulu","isPartOf":{"@id":"https:\/\/jotelulu.com\/fr-fr\/#website"},"datePublished":"2024-10-18T11:29:17+00:00","breadcrumb":{"@id":"https:\/\/jotelulu.com\/fr-fr\/politica-de-modificacion-de-precios\/#breadcrumb"},"inLanguage":"fr","potentialAction":[{"@type":"ReadAction","target":["https:\/\/jotelulu.com\/fr-fr\/politica-de-modificacion-de-precios\/"]}]},{"@type":"BreadcrumbList","@id":"https:\/\/jotelulu.com\/fr-fr\/politica-de-modificacion-de-precios\/#breadcrumb","itemListElement":[{"@type":"ListItem","position":1,"name":"Portada","item":"https:\/\/jotelulu.com\/fr-fr\/"},{"@type":"ListItem","position":2,"name":"Pol\u00edtica de Modificaci\u00f3n de Precios"}]},{"@type":"WebSite","@id":"https:\/\/jotelulu.com\/fr-fr\/#website","url":"https:\/\/jotelulu.com\/fr-fr\/","name":"Jotelulu","description":"Cloud Paradise for Tech Companies","potentialAction":[{"@type":"SearchAction","target":{"@type":"EntryPoint","urlTemplate":"https:\/\/jotelulu.com\/fr-fr\/?s={search_term_string}"},"query-input":{"@type":"PropertyValueSpecification","valueRequired":true,"valueName":"search_term_string"}}],"inLanguage":"fr"}]}},"_links":{"self":[{"href":"https:\/\/jotelulu.com\/fr-fr\/wp-json\/wp\/v2\/pages\/43670","targetHints":{"allow":["GET"]}}],"collection":[{"href":"https:\/\/jotelulu.com\/fr-fr\/wp-json\/wp\/v2\/pages"}],"about":[{"href":"https:\/\/jotelulu.com\/fr-fr\/wp-json\/wp\/v2\/types\/page"}],"author":[{"embeddable":true,"href":"https:\/\/jotelulu.com\/fr-fr\/wp-json\/wp\/v2\/users\/3"}],"replies":[{"embeddable":true,"href":"https:\/\/jotelulu.com\/fr-fr\/wp-json\/wp\/v2\/comments?post=43670"}],"version-history":[{"count":0,"href":"https:\/\/jotelulu.com\/fr-fr\/wp-json\/wp\/v2\/pages\/43670\/revisions"}],"wp:attachment":[{"href":"https:\/\/jotelulu.com\/fr-fr\/wp-json\/wp\/v2\/media?parent=43670"}],"curies":[{"name":"wp","href":"https:\/\/api.w.org\/{rel}","templated":true}]}}