{"id":43667,"date":"2024-11-07T11:09:23","date_gmt":"2024-11-07T10:09:23","guid":{"rendered":"https:\/\/jotelulu.com\/infraestructura-seguridad\/"},"modified":"2026-01-28T11:12:24","modified_gmt":"2026-01-28T10:12:24","slug":"infrastructure-securite","status":"publish","type":"page","link":"https:\/\/jotelulu.com\/fr-fr\/infrastructure-securite\/","title":{"rendered":"Infrastructure et s\u00e9curit\u00e9"},"content":{"rendered":"","protected":false},"excerpt":{"rendered":"","protected":false},"author":3,"featured_media":0,"parent":0,"menu_order":0,"comment_status":"closed","ping_status":"closed","template":"template-flexible.php","meta":{"_acf_changed":false,"footnotes":""},"class_list":["post-43667","page","type-page","status-publish","hentry"],"acf":[],"yoast_head":"<!-- This site is optimized with the Yoast SEO plugin v27.4 - https:\/\/yoast.com\/product\/yoast-seo-wordpress\/ -->\n<title>Infrastructure et s\u00e9curit\u00e9 | JOTELULU<\/title>\n<meta name=\"description\" content=\"L&#039;infrastructure JOTELULU, con\u00e7ue pour assurer \u00e0 tout moment la s\u00e9curit\u00e9 de nos partenaires et de leurs clients.\" \/>\n<meta name=\"robots\" content=\"index, follow, max-snippet:-1, max-image-preview:large, max-video-preview:-1\" \/>\n<link rel=\"canonical\" href=\"https:\/\/jotelulu.com\/fr-fr\/infrastructure-securite\/\" \/>\n<meta property=\"og:locale\" content=\"fr_FR\" \/>\n<meta property=\"og:type\" content=\"article\" \/>\n<meta property=\"og:title\" content=\"Infrastructure et s\u00e9curit\u00e9 | JOTELULU\" \/>\n<meta property=\"og:description\" content=\"L&#039;infrastructure JOTELULU, con\u00e7ue pour assurer \u00e0 tout moment la s\u00e9curit\u00e9 de nos partenaires et de leurs clients.\" \/>\n<meta property=\"og:url\" content=\"https:\/\/jotelulu.com\/fr-fr\/infrastructure-securite\/\" \/>\n<meta property=\"og:site_name\" content=\"Jotelulu\" \/>\n<meta property=\"article:modified_time\" content=\"2026-01-28T10:12:24+00:00\" \/>\n<meta name=\"twitter:card\" content=\"summary_large_image\" \/>\n<script type=\"application\/ld+json\" class=\"yoast-schema-graph\">{\"@context\":\"https:\\\/\\\/schema.org\",\"@graph\":[{\"@type\":\"WebPage\",\"@id\":\"https:\\\/\\\/jotelulu.com\\\/fr-fr\\\/infrastructure-securite\\\/\",\"url\":\"https:\\\/\\\/jotelulu.com\\\/fr-fr\\\/infrastructure-securite\\\/\",\"name\":\"Infrastructure et s\u00e9curit\u00e9 | JOTELULU\",\"isPartOf\":{\"@id\":\"https:\\\/\\\/jotelulu.com\\\/fr-fr\\\/#website\"},\"datePublished\":\"2024-11-07T10:09:23+00:00\",\"dateModified\":\"2026-01-28T10:12:24+00:00\",\"description\":\"L'infrastructure JOTELULU, con\u00e7ue pour assurer \u00e0 tout moment la s\u00e9curit\u00e9 de nos partenaires et de leurs clients.\",\"breadcrumb\":{\"@id\":\"https:\\\/\\\/jotelulu.com\\\/fr-fr\\\/infrastructure-securite\\\/#breadcrumb\"},\"inLanguage\":\"fr\",\"potentialAction\":[{\"@type\":\"ReadAction\",\"target\":[\"https:\\\/\\\/jotelulu.com\\\/fr-fr\\\/infrastructure-securite\\\/\"]}]},{\"@type\":\"BreadcrumbList\",\"@id\":\"https:\\\/\\\/jotelulu.com\\\/fr-fr\\\/infrastructure-securite\\\/#breadcrumb\",\"itemListElement\":[{\"@type\":\"ListItem\",\"position\":1,\"name\":\"Portada\",\"item\":\"https:\\\/\\\/jotelulu.com\\\/fr-fr\\\/\"},{\"@type\":\"ListItem\",\"position\":2,\"name\":\"Infrastructure et s\u00e9curit\u00e9\"}]},{\"@type\":\"WebSite\",\"@id\":\"https:\\\/\\\/jotelulu.com\\\/fr-fr\\\/#website\",\"url\":\"https:\\\/\\\/jotelulu.com\\\/fr-fr\\\/\",\"name\":\"Jotelulu\",\"description\":\"Cloud Paradise for Tech Companies\",\"potentialAction\":[{\"@type\":\"SearchAction\",\"target\":{\"@type\":\"EntryPoint\",\"urlTemplate\":\"https:\\\/\\\/jotelulu.com\\\/fr-fr\\\/?s={search_term_string}\"},\"query-input\":{\"@type\":\"PropertyValueSpecification\",\"valueRequired\":true,\"valueName\":\"search_term_string\"}}],\"inLanguage\":\"fr\"}]}<\/script>\n<!-- \/ Yoast SEO plugin. -->","yoast_head_json":{"title":"Infrastructure et s\u00e9curit\u00e9 | JOTELULU","description":"L'infrastructure JOTELULU, con\u00e7ue pour assurer \u00e0 tout moment la s\u00e9curit\u00e9 de nos partenaires et de leurs clients.","robots":{"index":"index","follow":"follow","max-snippet":"max-snippet:-1","max-image-preview":"max-image-preview:large","max-video-preview":"max-video-preview:-1"},"canonical":"https:\/\/jotelulu.com\/fr-fr\/infrastructure-securite\/","og_locale":"fr_FR","og_type":"article","og_title":"Infrastructure et s\u00e9curit\u00e9 | JOTELULU","og_description":"L'infrastructure JOTELULU, con\u00e7ue pour assurer \u00e0 tout moment la s\u00e9curit\u00e9 de nos partenaires et de leurs clients.","og_url":"https:\/\/jotelulu.com\/fr-fr\/infrastructure-securite\/","og_site_name":"Jotelulu","article_modified_time":"2026-01-28T10:12:24+00:00","twitter_card":"summary_large_image","schema":{"@context":"https:\/\/schema.org","@graph":[{"@type":"WebPage","@id":"https:\/\/jotelulu.com\/fr-fr\/infrastructure-securite\/","url":"https:\/\/jotelulu.com\/fr-fr\/infrastructure-securite\/","name":"Infrastructure et s\u00e9curit\u00e9 | JOTELULU","isPartOf":{"@id":"https:\/\/jotelulu.com\/fr-fr\/#website"},"datePublished":"2024-11-07T10:09:23+00:00","dateModified":"2026-01-28T10:12:24+00:00","description":"L'infrastructure JOTELULU, con\u00e7ue pour assurer \u00e0 tout moment la s\u00e9curit\u00e9 de nos partenaires et de leurs clients.","breadcrumb":{"@id":"https:\/\/jotelulu.com\/fr-fr\/infrastructure-securite\/#breadcrumb"},"inLanguage":"fr","potentialAction":[{"@type":"ReadAction","target":["https:\/\/jotelulu.com\/fr-fr\/infrastructure-securite\/"]}]},{"@type":"BreadcrumbList","@id":"https:\/\/jotelulu.com\/fr-fr\/infrastructure-securite\/#breadcrumb","itemListElement":[{"@type":"ListItem","position":1,"name":"Portada","item":"https:\/\/jotelulu.com\/fr-fr\/"},{"@type":"ListItem","position":2,"name":"Infrastructure et s\u00e9curit\u00e9"}]},{"@type":"WebSite","@id":"https:\/\/jotelulu.com\/fr-fr\/#website","url":"https:\/\/jotelulu.com\/fr-fr\/","name":"Jotelulu","description":"Cloud Paradise for Tech Companies","potentialAction":[{"@type":"SearchAction","target":{"@type":"EntryPoint","urlTemplate":"https:\/\/jotelulu.com\/fr-fr\/?s={search_term_string}"},"query-input":{"@type":"PropertyValueSpecification","valueRequired":true,"valueName":"search_term_string"}}],"inLanguage":"fr"}]}},"_links":{"self":[{"href":"https:\/\/jotelulu.com\/fr-fr\/wp-json\/wp\/v2\/pages\/43667","targetHints":{"allow":["GET"]}}],"collection":[{"href":"https:\/\/jotelulu.com\/fr-fr\/wp-json\/wp\/v2\/pages"}],"about":[{"href":"https:\/\/jotelulu.com\/fr-fr\/wp-json\/wp\/v2\/types\/page"}],"author":[{"embeddable":true,"href":"https:\/\/jotelulu.com\/fr-fr\/wp-json\/wp\/v2\/users\/3"}],"replies":[{"embeddable":true,"href":"https:\/\/jotelulu.com\/fr-fr\/wp-json\/wp\/v2\/comments?post=43667"}],"version-history":[{"count":23,"href":"https:\/\/jotelulu.com\/fr-fr\/wp-json\/wp\/v2\/pages\/43667\/revisions"}],"predecessor-version":[{"id":77698,"href":"https:\/\/jotelulu.com\/fr-fr\/wp-json\/wp\/v2\/pages\/43667\/revisions\/77698"}],"wp:attachment":[{"href":"https:\/\/jotelulu.com\/fr-fr\/wp-json\/wp\/v2\/media?parent=43667"}],"curies":[{"name":"wp","href":"https:\/\/api.w.org\/{rel}","templated":true}]}}